{"id":17579,"date":"2025-12-26T16:57:08","date_gmt":"2025-12-26T15:57:08","guid":{"rendered":"https:\/\/www.livresentre2actions.fr\/?post_type=product&#038;p=17579"},"modified":"2025-12-26T16:57:09","modified_gmt":"2025-12-26T15:57:09","slug":"inferno-edward-stilgebauer","status":"publish","type":"product","link":"https:\/\/www.livresentre2actions.fr\/en\/product\/inferno-edward-stilgebauer\/","title":{"rendered":"Inferno, Edward Stilgebauer"},"content":{"rendered":"<p>E. Mantegazza, Rome ; Bassin-Clottu, Neuchatel ; Georges Cr\u00e8s &amp; Cie<\/p>\n<p>Roman de la Guerre Mondiale. Traduit avec l&rsquo;autorisation de l&rsquo;auteur par J. Grandis. Premi\u00e8re \u00e9dition en fran\u00e7ais. Paris, 1916.<\/p>\n<p>Broch\u00e9, 235 x 160, 304 p. Exemplaire d\u00e9fra\u00eechi. Avec couverture frott\u00e9e, salie, avec l\u00e9g\u00e8res pliures du champ, et manque en pied droit. L\u00e9g\u00e8re torsion du dos. Int\u00e9rieur avec rousseurs.<\/p>","protected":false},"excerpt":{"rendered":"<p>E. Mantegazza, Rome ; Bassin-Clottu, Neuchatel ; Georges Cr\u00e8s &amp; Cie Roman de la Guerre Mondiale. Traduit avec l&rsquo;autorisation de l&rsquo;auteur par J. Grandis. Premi\u00e8re \u00e9dition en fran\u00e7ais. Paris, 1916. Broch\u00e9, 235 x 160, 304 p. Exemplaire d\u00e9fra\u00eechi. Avec couverture frott\u00e9e, salie, avec l\u00e9g\u00e8res pliures du champ, et manque en pied droit. L\u00e9g\u00e8re torsion du &#8230; <a title=\"Inferno, Edward Stilgebauer\" class=\"read-more\" href=\"https:\/\/www.livresentre2actions.fr\/en\/product\/inferno-edward-stilgebauer\/\" aria-label=\"Read more about Inferno, Edward Stilgebauer\">Read more<\/a><\/p>","protected":false},"featured_media":17580,"template":"","meta":{"_eb_attr":""},"product_brand":[],"product_cat":[37,71,73,76],"product_tag":[],"class_list":{"0":"post-17579","1":"product","2":"type-product","3":"status-publish","4":"has-post-thumbnail","6":"product_cat-a-partir-du-xxeme-siecle","7":"product_cat-illustres-modernes-editions-originales-signees-numerotees","8":"product_cat-histoires-et-recits-de-voyage","9":"product_cat-poesie-theatre-prose","10":"sales-flash-overlay","11":"woocommerce-text-align-center","12":"woocommerce-image-align-center","13":"wc-has-gallery","15":"first","16":"instock","17":"taxable","18":"shipping-taxable","19":"purchasable","20":"product-type-simple"},"aioseo_notices":[],"_links":{"self":[{"href":"https:\/\/www.livresentre2actions.fr\/en\/wp-json\/wp\/v2\/product\/17579","targetHints":{"allow":["GET"]}}],"collection":[{"href":"https:\/\/www.livresentre2actions.fr\/en\/wp-json\/wp\/v2\/product"}],"about":[{"href":"https:\/\/www.livresentre2actions.fr\/en\/wp-json\/wp\/v2\/types\/product"}],"wp:featuredmedia":[{"embeddable":true,"href":"https:\/\/www.livresentre2actions.fr\/en\/wp-json\/wp\/v2\/media\/17580"}],"wp:attachment":[{"href":"https:\/\/www.livresentre2actions.fr\/en\/wp-json\/wp\/v2\/media?parent=17579"}],"wp:term":[{"taxonomy":"product_brand","embeddable":true,"href":"https:\/\/www.livresentre2actions.fr\/en\/wp-json\/wp\/v2\/product_brand?post=17579"},{"taxonomy":"product_cat","embeddable":true,"href":"https:\/\/www.livresentre2actions.fr\/en\/wp-json\/wp\/v2\/product_cat?post=17579"},{"taxonomy":"product_tag","embeddable":true,"href":"https:\/\/www.livresentre2actions.fr\/en\/wp-json\/wp\/v2\/product_tag?post=17579"}],"curies":[{"name":"wp","href":"https:\/\/api.w.org\/{rel}","templated":true}]}}