{"id":17569,"date":"2025-12-26T16:51:42","date_gmt":"2025-12-26T15:51:42","guid":{"rendered":"https:\/\/www.livresentre2actions.fr\/?post_type=product&#038;p=17569"},"modified":"2025-12-26T16:51:44","modified_gmt":"2025-12-26T15:51:44","slug":"indian-summer-memsahib-in-india-and-sind-april-swayne-thomas","status":"publish","type":"product","link":"https:\/\/www.livresentre2actions.fr\/en\/product\/indian-summer-memsahib-in-india-and-sind-april-swayne-thomas\/","title":{"rendered":"Indian Summer : Memsahib in India and Sind, April Swayne Thomas"},"content":{"rendered":"<p>New English Library<\/p>\n<p>Plein cartonnage toil\u00e9 \u00e9diteur, dos long orn\u00e9 des titre et auteur et \u00e9diteur, (exemplaire sans jaquette), 271 x 221, 175p. 1981. \u00c9dition originale. Exemplaire enrichi d\u2019une vignette ex-libris coll\u00e9e au verso de la garde, avec nom manuscrit \u00ab H. D. Munro \u00bb Tr\u00e8s bon exemplaire, propre, int\u00e8gre, bien ferme.<\/p>","protected":false},"excerpt":{"rendered":"<p>New English Library Plein cartonnage toil\u00e9 \u00e9diteur, dos long orn\u00e9 des titre et auteur et \u00e9diteur, (exemplaire sans jaquette), 271 x 221, 175p. 1981. \u00c9dition originale. Exemplaire enrichi d\u2019une vignette ex-libris coll\u00e9e au verso de la garde, avec nom manuscrit \u00ab H. D. Munro \u00bb Tr\u00e8s bon exemplaire, propre, int\u00e8gre, bien ferme.<\/p>","protected":false},"featured_media":17570,"template":"","meta":{"_eb_attr":""},"product_brand":[],"product_cat":[37,75,71],"product_tag":[],"class_list":{"0":"post-17569","1":"product","2":"type-product","3":"status-publish","4":"has-post-thumbnail","6":"product_cat-a-partir-du-xxeme-siecle","7":"product_cat-art","8":"product_cat-illustres-modernes-editions-originales-signees-numerotees","9":"sales-flash-overlay","10":"woocommerce-text-align-center","11":"woocommerce-image-align-center","12":"wc-has-gallery","14":"first","15":"instock","16":"taxable","17":"shipping-taxable","18":"purchasable","19":"product-type-simple"},"aioseo_notices":[],"_links":{"self":[{"href":"https:\/\/www.livresentre2actions.fr\/en\/wp-json\/wp\/v2\/product\/17569","targetHints":{"allow":["GET"]}}],"collection":[{"href":"https:\/\/www.livresentre2actions.fr\/en\/wp-json\/wp\/v2\/product"}],"about":[{"href":"https:\/\/www.livresentre2actions.fr\/en\/wp-json\/wp\/v2\/types\/product"}],"wp:featuredmedia":[{"embeddable":true,"href":"https:\/\/www.livresentre2actions.fr\/en\/wp-json\/wp\/v2\/media\/17570"}],"wp:attachment":[{"href":"https:\/\/www.livresentre2actions.fr\/en\/wp-json\/wp\/v2\/media?parent=17569"}],"wp:term":[{"taxonomy":"product_brand","embeddable":true,"href":"https:\/\/www.livresentre2actions.fr\/en\/wp-json\/wp\/v2\/product_brand?post=17569"},{"taxonomy":"product_cat","embeddable":true,"href":"https:\/\/www.livresentre2actions.fr\/en\/wp-json\/wp\/v2\/product_cat?post=17569"},{"taxonomy":"product_tag","embeddable":true,"href":"https:\/\/www.livresentre2actions.fr\/en\/wp-json\/wp\/v2\/product_tag?post=17569"}],"curies":[{"name":"wp","href":"https:\/\/api.w.org\/{rel}","templated":true}]}}