{"id":17565,"date":"2025-12-26T16:47:19","date_gmt":"2025-12-26T15:47:19","guid":{"rendered":"https:\/\/www.livresentre2actions.fr\/?post_type=product&#038;p=17565"},"modified":"2025-12-26T16:47:20","modified_gmt":"2025-12-26T15:47:20","slug":"observations-sur-quelques-sediments-marins-preleves-pres-des-cotes-de-terre-adelie","status":"publish","type":"product","link":"https:\/\/www.livresentre2actions.fr\/en\/product\/observations-sur-quelques-sediments-marins-preleves-pres-des-cotes-de-terre-adelie\/","title":{"rendered":"Observations sur quelques s\u00e9diments marins pr\u00e9lev\u00e9s pr\u00e8s des c\u00f4tes de Terre Ad\u00e9lie"},"content":{"rendered":"<p>Herv\u00e9 Chamley &#8211; Exp\u00e9ditions polaires fran\u00e7aises. Mission Paul-Emile Victor<\/p>\n<p>Broch\u00e9 agrafes, 271 x 214, pagin\u00e9 215-228\u00a0; Extrait de Rec. Trav. St. Mar. Endoume. Bull. N\u00b036, 52, 1965. Int\u00e9rieur et couvertures propres et int\u00e8gres. Bon exemplaire.<\/p>","protected":false},"excerpt":{"rendered":"<p>Herv\u00e9 Chamley &#8211; Exp\u00e9ditions polaires fran\u00e7aises. Mission Paul-Emile Victor Broch\u00e9 agrafes, 271 x 214, pagin\u00e9 215-228\u00a0; Extrait de Rec. Trav. St. Mar. Endoume. Bull. N\u00b036, 52, 1965. Int\u00e9rieur et couvertures propres et int\u00e8gres. Bon exemplaire.<\/p>","protected":false},"featured_media":17566,"template":"","meta":{"_eb_attr":""},"product_brand":[],"product_cat":[37,70,69],"product_tag":[],"class_list":{"0":"post-17565","1":"product","2":"type-product","3":"status-publish","4":"has-post-thumbnail","6":"product_cat-a-partir-du-xxeme-siecle","7":"product_cat-medecine-et-nature","8":"product_cat-sciences-et-techniques","9":"sales-flash-overlay","10":"woocommerce-text-align-center","11":"woocommerce-image-align-center","12":"wc-has-gallery","14":"first","15":"instock","16":"taxable","17":"shipping-taxable","18":"purchasable","19":"product-type-simple"},"aioseo_notices":[],"_links":{"self":[{"href":"https:\/\/www.livresentre2actions.fr\/en\/wp-json\/wp\/v2\/product\/17565","targetHints":{"allow":["GET"]}}],"collection":[{"href":"https:\/\/www.livresentre2actions.fr\/en\/wp-json\/wp\/v2\/product"}],"about":[{"href":"https:\/\/www.livresentre2actions.fr\/en\/wp-json\/wp\/v2\/types\/product"}],"wp:featuredmedia":[{"embeddable":true,"href":"https:\/\/www.livresentre2actions.fr\/en\/wp-json\/wp\/v2\/media\/17566"}],"wp:attachment":[{"href":"https:\/\/www.livresentre2actions.fr\/en\/wp-json\/wp\/v2\/media?parent=17565"}],"wp:term":[{"taxonomy":"product_brand","embeddable":true,"href":"https:\/\/www.livresentre2actions.fr\/en\/wp-json\/wp\/v2\/product_brand?post=17565"},{"taxonomy":"product_cat","embeddable":true,"href":"https:\/\/www.livresentre2actions.fr\/en\/wp-json\/wp\/v2\/product_cat?post=17565"},{"taxonomy":"product_tag","embeddable":true,"href":"https:\/\/www.livresentre2actions.fr\/en\/wp-json\/wp\/v2\/product_tag?post=17565"}],"curies":[{"name":"wp","href":"https:\/\/api.w.org\/{rel}","templated":true}]}}