{"id":17561,"date":"2025-12-26T16:45:08","date_gmt":"2025-12-26T15:45:08","guid":{"rendered":"https:\/\/www.livresentre2actions.fr\/?post_type=product&#038;p=17561"},"modified":"2025-12-26T16:45:09","modified_gmt":"2025-12-26T15:45:09","slug":"une-nouvelle-rhodophycee-marine-en-terre-adelie","status":"publish","type":"product","link":"https:\/\/www.livresentre2actions.fr\/en\/product\/une-nouvelle-rhodophycee-marine-en-terre-adelie\/","title":{"rendered":"Une nouvelle Rhodophyc\u00e9e marine en Terre Ad\u00e9lie"},"content":{"rendered":"<p>P. Arnaud et R. Delepine. Exp\u00e9ditions polaires fran\u00e7aises. Mission Paul-Emile Victor<\/p>\n<p>Broch\u00e9 agrafes, 271 x 214, pagin\u00e9 78-89. Avec figures. Extrait de C.N.F.R.A. vol.1 n\u00b03 1964. Int\u00e9rieur et couvertures propres et int\u00e8gres. Bon exemplaire.<\/p>","protected":false},"excerpt":{"rendered":"<p>P. Arnaud et R. Delepine. Exp\u00e9ditions polaires fran\u00e7aises. Mission Paul-Emile Victor Broch\u00e9 agrafes, 271 x 214, pagin\u00e9 78-89. Avec figures. Extrait de C.N.F.R.A. vol.1 n\u00b03 1964. Int\u00e9rieur et couvertures propres et int\u00e8gres. Bon exemplaire.<\/p>","protected":false},"featured_media":17562,"template":"","meta":{"_eb_attr":""},"product_brand":[],"product_cat":[37,70,69],"product_tag":[],"class_list":{"0":"post-17561","1":"product","2":"type-product","3":"status-publish","4":"has-post-thumbnail","6":"product_cat-a-partir-du-xxeme-siecle","7":"product_cat-medecine-et-nature","8":"product_cat-sciences-et-techniques","9":"sales-flash-overlay","10":"woocommerce-text-align-center","11":"woocommerce-image-align-center","12":"wc-has-gallery","14":"first","15":"instock","16":"taxable","17":"shipping-taxable","18":"purchasable","19":"product-type-simple"},"aioseo_notices":[],"_links":{"self":[{"href":"https:\/\/www.livresentre2actions.fr\/en\/wp-json\/wp\/v2\/product\/17561","targetHints":{"allow":["GET"]}}],"collection":[{"href":"https:\/\/www.livresentre2actions.fr\/en\/wp-json\/wp\/v2\/product"}],"about":[{"href":"https:\/\/www.livresentre2actions.fr\/en\/wp-json\/wp\/v2\/types\/product"}],"wp:featuredmedia":[{"embeddable":true,"href":"https:\/\/www.livresentre2actions.fr\/en\/wp-json\/wp\/v2\/media\/17562"}],"wp:attachment":[{"href":"https:\/\/www.livresentre2actions.fr\/en\/wp-json\/wp\/v2\/media?parent=17561"}],"wp:term":[{"taxonomy":"product_brand","embeddable":true,"href":"https:\/\/www.livresentre2actions.fr\/en\/wp-json\/wp\/v2\/product_brand?post=17561"},{"taxonomy":"product_cat","embeddable":true,"href":"https:\/\/www.livresentre2actions.fr\/en\/wp-json\/wp\/v2\/product_cat?post=17561"},{"taxonomy":"product_tag","embeddable":true,"href":"https:\/\/www.livresentre2actions.fr\/en\/wp-json\/wp\/v2\/product_tag?post=17561"}],"curies":[{"name":"wp","href":"https:\/\/api.w.org\/{rel}","templated":true}]}}