{"id":17544,"date":"2025-12-26T16:37:52","date_gmt":"2025-12-26T15:37:52","guid":{"rendered":"https:\/\/www.livresentre2actions.fr\/?post_type=product&#038;p=17544"},"modified":"2025-12-26T16:38:19","modified_gmt":"2025-12-26T15:38:19","slug":"contribution-to-the-climatology-of-greenland","status":"publish","type":"product","link":"https:\/\/www.livresentre2actions.fr\/en\/product\/contribution-to-the-climatology-of-greenland\/","title":{"rendered":"Contribution to the Climatology of Greenland"},"content":{"rendered":"<p>Contribution to the Climatology of Greenland. The climatic Condtiions at the french \u00ab\u00a0Central Station\u00a0\u00bb on Greenland icecap, based on the meteorological Observations of the french Greenland Expedition 29th july 1949 \u2013 15th august 1951 (director\u00a0: Paul-Emile Victor) Elisabeth Ratzki &#8211;<\/p>\n<p>Exp\u00e9ditions polaires fran\u00e7aises. Mission Paul-Emile Victor &#8211; Broch\u00e9, 271 x 214, 89p. Avec table. Langue anglaise. 1951. Publicarion E.P.F. n\u00b0212.Avec de tr\u00e8s nombreuses figures, dont une carte en frontispice, et trois planches d\u00e9pliantes couleur. Tr\u00e8s bon exemplaire, propre, int\u00e8gre, bien ferme.<\/p>","protected":false},"excerpt":{"rendered":"<p>Contribution to the Climatology of Greenland. The climatic Condtiions at the french \u00ab\u00a0Central Station\u00a0\u00bb on Greenland icecap, based on the meteorological Observations of the french Greenland Expedition 29th july 1949 \u2013 15th august 1951 (director\u00a0: Paul-Emile Victor) Elisabeth Ratzki &#8211; Exp\u00e9ditions polaires fran\u00e7aises. Mission Paul-Emile Victor &#8211; Broch\u00e9, 271 x 214, 89p. Avec table. Langue &#8230; <a title=\"Contribution to the Climatology of Greenland\" class=\"read-more\" href=\"https:\/\/www.livresentre2actions.fr\/en\/product\/contribution-to-the-climatology-of-greenland\/\" aria-label=\"Read more about Contribution to the Climatology of Greenland\">Read more<\/a><\/p>","protected":false},"featured_media":17545,"template":"","meta":{"_eb_attr":""},"product_brand":[],"product_cat":[37,71,70,69],"product_tag":[86],"class_list":{"0":"post-17544","1":"product","2":"type-product","3":"status-publish","4":"has-post-thumbnail","6":"product_cat-a-partir-du-xxeme-siecle","7":"product_cat-illustres-modernes-editions-originales-signees-numerotees","8":"product_cat-medecine-et-nature","9":"product_cat-sciences-et-techniques","10":"product_tag-illustre","11":"sales-flash-overlay","12":"woocommerce-text-align-center","13":"woocommerce-image-align-center","14":"wc-has-gallery","16":"first","17":"instock","18":"taxable","19":"shipping-taxable","20":"purchasable","21":"product-type-simple"},"aioseo_notices":[],"_links":{"self":[{"href":"https:\/\/www.livresentre2actions.fr\/en\/wp-json\/wp\/v2\/product\/17544","targetHints":{"allow":["GET"]}}],"collection":[{"href":"https:\/\/www.livresentre2actions.fr\/en\/wp-json\/wp\/v2\/product"}],"about":[{"href":"https:\/\/www.livresentre2actions.fr\/en\/wp-json\/wp\/v2\/types\/product"}],"wp:featuredmedia":[{"embeddable":true,"href":"https:\/\/www.livresentre2actions.fr\/en\/wp-json\/wp\/v2\/media\/17545"}],"wp:attachment":[{"href":"https:\/\/www.livresentre2actions.fr\/en\/wp-json\/wp\/v2\/media?parent=17544"}],"wp:term":[{"taxonomy":"product_brand","embeddable":true,"href":"https:\/\/www.livresentre2actions.fr\/en\/wp-json\/wp\/v2\/product_brand?post=17544"},{"taxonomy":"product_cat","embeddable":true,"href":"https:\/\/www.livresentre2actions.fr\/en\/wp-json\/wp\/v2\/product_cat?post=17544"},{"taxonomy":"product_tag","embeddable":true,"href":"https:\/\/www.livresentre2actions.fr\/en\/wp-json\/wp\/v2\/product_tag?post=17544"}],"curies":[{"name":"wp","href":"https:\/\/api.w.org\/{rel}","templated":true}]}}