{"id":17535,"date":"2025-12-26T16:30:18","date_gmt":"2025-12-26T15:30:18","guid":{"rendered":"https:\/\/www.livresentre2actions.fr\/?post_type=product&#038;p=17535"},"modified":"2026-03-02T07:47:45","modified_gmt":"2026-03-02T06:47:45","slug":"abaque-pour-sondages-electriques-sur-glace","status":"publish","type":"product","link":"https:\/\/www.livresentre2actions.fr\/en\/product\/abaque-pour-sondages-electriques-sur-glace\/","title":{"rendered":"Abaque pour sondages \u00e9lectriques sur glace"},"content":{"rendered":"<p>Abaque pour sondages \u00e9lectriques sur glace. Suivi de : Premier essai de mesure \u00e9lectrique d\u2019\u00e9paisseur sur un glacier L. Cagniard \/ C. Queille-Lef\u00e8vre, Bauer et Giard<\/p>\n<p>Exp\u00e9ditions polaires fran\u00e7aises. Mission Paul-Emile Victor &#8211; Broch\u00e9 agrafes, 271 x 214, 7p. Extrait de : Annales de g\u00e9ophysique, T15, n\u00b04, 1959. Int\u00e9rieur et couvertures propres et int\u00e8gres. Bon exemplaire.<\/p>","protected":false},"excerpt":{"rendered":"<p>Abaque pour sondages \u00e9lectriques sur glace. Suivi de : Premier essai de mesure \u00e9lectrique d\u2019\u00e9paisseur sur un glacier L. Cagniard \/ C. Queille-Lef\u00e8vre, Bauer et Giard Exp\u00e9ditions polaires fran\u00e7aises. Mission Paul-Emile Victor &#8211; Broch\u00e9 agrafes, 271 x 214, 7p. Extrait de : Annales de g\u00e9ophysique, T15, n\u00b04, 1959. Int\u00e9rieur et couvertures propres et int\u00e8gres. Bon &#8230; <a title=\"Abaque pour sondages \u00e9lectriques sur glace\" class=\"read-more\" href=\"https:\/\/www.livresentre2actions.fr\/en\/product\/abaque-pour-sondages-electriques-sur-glace\/\" aria-label=\"Read more about Abaque pour sondages \u00e9lectriques sur glace\">Read more<\/a><\/p>","protected":false},"featured_media":0,"template":"","meta":{"_eb_attr":""},"product_brand":[],"product_cat":[37,70,69],"product_tag":[],"class_list":{"0":"post-17535","1":"product","2":"type-product","3":"status-publish","5":"product_cat-a-partir-du-xxeme-siecle","6":"product_cat-medecine-et-nature","7":"product_cat-sciences-et-techniques","8":"sales-flash-overlay","9":"woocommerce-text-align-center","10":"woocommerce-image-align-center","12":"first","13":"outofstock","14":"taxable","15":"shipping-taxable","16":"purchasable","17":"product-type-simple"},"aioseo_notices":[],"_links":{"self":[{"href":"https:\/\/www.livresentre2actions.fr\/en\/wp-json\/wp\/v2\/product\/17535","targetHints":{"allow":["GET"]}}],"collection":[{"href":"https:\/\/www.livresentre2actions.fr\/en\/wp-json\/wp\/v2\/product"}],"about":[{"href":"https:\/\/www.livresentre2actions.fr\/en\/wp-json\/wp\/v2\/types\/product"}],"wp:attachment":[{"href":"https:\/\/www.livresentre2actions.fr\/en\/wp-json\/wp\/v2\/media?parent=17535"}],"wp:term":[{"taxonomy":"product_brand","embeddable":true,"href":"https:\/\/www.livresentre2actions.fr\/en\/wp-json\/wp\/v2\/product_brand?post=17535"},{"taxonomy":"product_cat","embeddable":true,"href":"https:\/\/www.livresentre2actions.fr\/en\/wp-json\/wp\/v2\/product_cat?post=17535"},{"taxonomy":"product_tag","embeddable":true,"href":"https:\/\/www.livresentre2actions.fr\/en\/wp-json\/wp\/v2\/product_tag?post=17535"}],"curies":[{"name":"wp","href":"https:\/\/api.w.org\/{rel}","templated":true}]}}