{"id":17532,"date":"2025-12-26T16:27:49","date_gmt":"2025-12-26T15:27:49","guid":{"rendered":"https:\/\/www.livresentre2actions.fr\/?post_type=product&#038;p=17532"},"modified":"2025-12-26T16:27:50","modified_gmt":"2025-12-26T15:27:50","slug":"note-sur-le-baguage-des-oiseaux-de-larchipel-de-pointe-geologie","status":"publish","type":"product","link":"https:\/\/www.livresentre2actions.fr\/en\/product\/note-sur-le-baguage-des-oiseaux-de-larchipel-de-pointe-geologie\/","title":{"rendered":"Note sur le baguage des oiseaux de l\u2019archipel de Pointe G\u00e9ologie"},"content":{"rendered":"<p>J. Pr\u00e9vost &#8211; Exp\u00e9ditions polaires fran\u00e7aises. Mission Paul-Emile Victor Broch\u00e9 agrafes, 240 x 180, 5p. Extrait de\u00a0: L\u2019oiseau et R.F.O. T.35, n\u00b01, 1965. Tr\u00e8s bon exemplaire, propre, int\u00e8gre, bien ferme.<\/p>","protected":false},"excerpt":{"rendered":"<p>J. Pr\u00e9vost &#8211; Exp\u00e9ditions polaires fran\u00e7aises. Mission Paul-Emile Victor Broch\u00e9 agrafes, 240 x 180, 5p. Extrait de\u00a0: L\u2019oiseau et R.F.O. T.35, n\u00b01, 1965. Tr\u00e8s bon exemplaire, propre, int\u00e8gre, bien ferme.<\/p>","protected":false},"featured_media":17533,"template":"","meta":{"_eb_attr":""},"product_brand":[],"product_cat":[37,70,69],"product_tag":[],"class_list":{"0":"post-17532","1":"product","2":"type-product","3":"status-publish","4":"has-post-thumbnail","6":"product_cat-a-partir-du-xxeme-siecle","7":"product_cat-medecine-et-nature","8":"product_cat-sciences-et-techniques","9":"sales-flash-overlay","10":"woocommerce-text-align-center","11":"woocommerce-image-align-center","12":"wc-has-gallery","14":"first","15":"instock","16":"taxable","17":"shipping-taxable","18":"purchasable","19":"product-type-simple"},"aioseo_notices":[],"_links":{"self":[{"href":"https:\/\/www.livresentre2actions.fr\/en\/wp-json\/wp\/v2\/product\/17532","targetHints":{"allow":["GET"]}}],"collection":[{"href":"https:\/\/www.livresentre2actions.fr\/en\/wp-json\/wp\/v2\/product"}],"about":[{"href":"https:\/\/www.livresentre2actions.fr\/en\/wp-json\/wp\/v2\/types\/product"}],"wp:featuredmedia":[{"embeddable":true,"href":"https:\/\/www.livresentre2actions.fr\/en\/wp-json\/wp\/v2\/media\/17533"}],"wp:attachment":[{"href":"https:\/\/www.livresentre2actions.fr\/en\/wp-json\/wp\/v2\/media?parent=17532"}],"wp:term":[{"taxonomy":"product_brand","embeddable":true,"href":"https:\/\/www.livresentre2actions.fr\/en\/wp-json\/wp\/v2\/product_brand?post=17532"},{"taxonomy":"product_cat","embeddable":true,"href":"https:\/\/www.livresentre2actions.fr\/en\/wp-json\/wp\/v2\/product_cat?post=17532"},{"taxonomy":"product_tag","embeddable":true,"href":"https:\/\/www.livresentre2actions.fr\/en\/wp-json\/wp\/v2\/product_tag?post=17532"}],"curies":[{"name":"wp","href":"https:\/\/api.w.org\/{rel}","templated":true}]}}