{"id":17523,"date":"2025-12-26T16:25:04","date_gmt":"2025-12-26T15:25:04","guid":{"rendered":"https:\/\/www.livresentre2actions.fr\/?post_type=product&#038;p=17523"},"modified":"2025-12-26T16:25:34","modified_gmt":"2025-12-26T15:25:34","slug":"champs-ouverts-paul-et-titi-bergese-2","status":"publish","type":"product","link":"https:\/\/www.livresentre2actions.fr\/en\/product\/champs-ouverts-paul-et-titi-bergese-2\/","title":{"rendered":"Champs ouverts, Paul et Titi Berg\u00e8se"},"content":{"rendered":"<p>Broch\u00e9 \u00e0 rabats, 274 x 230, non pagin\u00e9. 1993. Edition originale limit\u00e9e \u00e0 790 exemplaires, ici le 225 num\u00e9rot\u00e9 \u00e0 la main. exemplaire doublement enrichi de la signature de l&rsquo;auteur, avec un envoi au titre, et une signature dat\u00e9e en pied d&rsquo;un po\u00e8me tapuscrit sur feuille. Int\u00e9rieur propre. Couvertures insol\u00e9es en t\u00eate et pied, mais propres et int\u00e8gres. Bel exemplaire bien ferme.<\/p>","protected":false},"excerpt":{"rendered":"<p>Broch\u00e9 \u00e0 rabats, 274 x 230, non pagin\u00e9. 1993. Edition originale limit\u00e9e \u00e0 790 exemplaires, ici le 225 num\u00e9rot\u00e9 \u00e0 la main. exemplaire doublement enrichi de la signature de l&rsquo;auteur, avec un envoi au titre, et une signature dat\u00e9e en pied d&rsquo;un po\u00e8me tapuscrit sur feuille. Int\u00e9rieur propre. Couvertures insol\u00e9es en t\u00eate et pied, mais &#8230; <a title=\"Champs ouverts, Paul et Titi Berg\u00e8se\" class=\"read-more\" href=\"https:\/\/www.livresentre2actions.fr\/en\/product\/champs-ouverts-paul-et-titi-bergese-2\/\" aria-label=\"Read more about Champs ouverts, Paul et Titi Berg\u00e8se\">Read more<\/a><\/p>","protected":false},"featured_media":17524,"template":"","meta":{"_eb_attr":""},"product_brand":[],"product_cat":[37,75,71,76],"product_tag":[86,87],"class_list":{"0":"post-17523","1":"product","2":"type-product","3":"status-publish","4":"has-post-thumbnail","6":"product_cat-a-partir-du-xxeme-siecle","7":"product_cat-art","8":"product_cat-illustres-modernes-editions-originales-signees-numerotees","9":"product_cat-poesie-theatre-prose","10":"product_tag-illustre","11":"product_tag-signe","12":"sales-flash-overlay","13":"woocommerce-text-align-center","14":"woocommerce-image-align-center","15":"wc-has-gallery","17":"first","18":"instock","19":"taxable","20":"shipping-taxable","21":"purchasable","22":"product-type-simple"},"aioseo_notices":[],"_links":{"self":[{"href":"https:\/\/www.livresentre2actions.fr\/en\/wp-json\/wp\/v2\/product\/17523","targetHints":{"allow":["GET"]}}],"collection":[{"href":"https:\/\/www.livresentre2actions.fr\/en\/wp-json\/wp\/v2\/product"}],"about":[{"href":"https:\/\/www.livresentre2actions.fr\/en\/wp-json\/wp\/v2\/types\/product"}],"wp:featuredmedia":[{"embeddable":true,"href":"https:\/\/www.livresentre2actions.fr\/en\/wp-json\/wp\/v2\/media\/17524"}],"wp:attachment":[{"href":"https:\/\/www.livresentre2actions.fr\/en\/wp-json\/wp\/v2\/media?parent=17523"}],"wp:term":[{"taxonomy":"product_brand","embeddable":true,"href":"https:\/\/www.livresentre2actions.fr\/en\/wp-json\/wp\/v2\/product_brand?post=17523"},{"taxonomy":"product_cat","embeddable":true,"href":"https:\/\/www.livresentre2actions.fr\/en\/wp-json\/wp\/v2\/product_cat?post=17523"},{"taxonomy":"product_tag","embeddable":true,"href":"https:\/\/www.livresentre2actions.fr\/en\/wp-json\/wp\/v2\/product_tag?post=17523"}],"curies":[{"name":"wp","href":"https:\/\/api.w.org\/{rel}","templated":true}]}}