{"id":17501,"date":"2025-12-22T17:32:19","date_gmt":"2025-12-22T16:32:19","guid":{"rendered":"https:\/\/www.livresentre2actions.fr\/?post_type=product&#038;p=17501"},"modified":"2025-12-22T17:32:20","modified_gmt":"2025-12-22T16:32:20","slug":"la-flandre-dautrefois-albert-deveyer","status":"publish","type":"product","link":"https:\/\/www.livresentre2actions.fr\/en\/product\/la-flandre-dautrefois-albert-deveyer\/","title":{"rendered":"La Flandre d&rsquo;autrefois, Albert Deveyer"},"content":{"rendered":"<p>La voix du Nord &#8211; Broch\u00e9, 271 x 210, 229p. hors tble. 1995. Tr\u00e8s bon exemplaire, l\u00e9g\u00e8rement insol\u00e9 mais propre, int\u00e8gre, bien ferme.<\/p>","protected":false},"excerpt":{"rendered":"<p>La voix du Nord &#8211; Broch\u00e9, 271 x 210, 229p. hors tble. 1995. Tr\u00e8s bon exemplaire, l\u00e9g\u00e8rement insol\u00e9 mais propre, int\u00e8gre, bien ferme.<\/p>","protected":false},"featured_media":17502,"template":"","meta":{"_eb_attr":""},"product_brand":[],"product_cat":[37,81,73],"product_tag":[],"class_list":{"0":"post-17501","1":"product","2":"type-product","3":"status-publish","4":"has-post-thumbnail","6":"product_cat-a-partir-du-xxeme-siecle","7":"product_cat-hauts-de-france","8":"product_cat-histoires-et-recits-de-voyage","9":"sales-flash-overlay","10":"woocommerce-text-align-center","11":"woocommerce-image-align-center","12":"wc-has-gallery","14":"first","15":"instock","16":"taxable","17":"shipping-taxable","18":"purchasable","19":"product-type-simple"},"aioseo_notices":[],"_links":{"self":[{"href":"https:\/\/www.livresentre2actions.fr\/en\/wp-json\/wp\/v2\/product\/17501","targetHints":{"allow":["GET"]}}],"collection":[{"href":"https:\/\/www.livresentre2actions.fr\/en\/wp-json\/wp\/v2\/product"}],"about":[{"href":"https:\/\/www.livresentre2actions.fr\/en\/wp-json\/wp\/v2\/types\/product"}],"wp:featuredmedia":[{"embeddable":true,"href":"https:\/\/www.livresentre2actions.fr\/en\/wp-json\/wp\/v2\/media\/17502"}],"wp:attachment":[{"href":"https:\/\/www.livresentre2actions.fr\/en\/wp-json\/wp\/v2\/media?parent=17501"}],"wp:term":[{"taxonomy":"product_brand","embeddable":true,"href":"https:\/\/www.livresentre2actions.fr\/en\/wp-json\/wp\/v2\/product_brand?post=17501"},{"taxonomy":"product_cat","embeddable":true,"href":"https:\/\/www.livresentre2actions.fr\/en\/wp-json\/wp\/v2\/product_cat?post=17501"},{"taxonomy":"product_tag","embeddable":true,"href":"https:\/\/www.livresentre2actions.fr\/en\/wp-json\/wp\/v2\/product_tag?post=17501"}],"curies":[{"name":"wp","href":"https:\/\/api.w.org\/{rel}","templated":true}]}}