{"id":17470,"date":"2025-12-22T17:00:48","date_gmt":"2025-12-22T16:00:48","guid":{"rendered":"https:\/\/www.livresentre2actions.fr\/?post_type=product&#038;p=17470"},"modified":"2025-12-22T17:00:52","modified_gmt":"2025-12-22T16:00:52","slug":"dictionnaire-dexemples-a-lusage-des-predicateurs-et-des-catechistes","status":"publish","type":"product","link":"https:\/\/www.livresentre2actions.fr\/en\/product\/dictionnaire-dexemples-a-lusage-des-predicateurs-et-des-catechistes\/","title":{"rendered":"Dictionnaire d&rsquo;exemples \u00e0 l&rsquo;usage des pr\u00e9dicateurs et des cat\u00e9chistes"},"content":{"rendered":"<p>Castermann &#8211; Class\u00e9s m\u00e9thodiquement par R.P. A. Sch\u00e9rer, \u00e9dition revue, corrig\u00e9e et augment\u00e9e par le R. P. J.-B. Lambert. 3 tomes : Tomes I, II et IV<\/p>\n<p>Broch\u00e9 en couvertures d&rsquo;attente, 255 x 168. Tome I, Abn\u00e9gation \u00e0 Coeur de J\u00e9sus, 799p. avec table. 1906. Propre, non coup\u00e9. Brochure un peu l\u00e2che Tome II, Coeur de Marie Esp\u00e9rance, 799p. avec table. 1906. Propre, non coup\u00e9, bien ferme. Tome IV, J\u00e9sus \u00e0 Mort, 673p. Avec table, 1934. Propre, non coup\u00e9. Bien ferme<\/p>","protected":false},"excerpt":{"rendered":"<p>Castermann &#8211; Class\u00e9s m\u00e9thodiquement par R.P. A. Sch\u00e9rer, \u00e9dition revue, corrig\u00e9e et augment\u00e9e par le R. P. J.-B. Lambert. 3 tomes : Tomes I, II et IV Broch\u00e9 en couvertures d&rsquo;attente, 255 x 168. Tome I, Abn\u00e9gation \u00e0 Coeur de J\u00e9sus, 799p. avec table. 1906. Propre, non coup\u00e9. Brochure un peu l\u00e2che Tome II, Coeur &#8230; <a title=\"Dictionnaire d&rsquo;exemples \u00e0 l&rsquo;usage des pr\u00e9dicateurs et des cat\u00e9chistes\" class=\"read-more\" href=\"https:\/\/www.livresentre2actions.fr\/en\/product\/dictionnaire-dexemples-a-lusage-des-predicateurs-et-des-catechistes\/\" aria-label=\"Read more about Dictionnaire d&rsquo;exemples \u00e0 l&rsquo;usage des pr\u00e9dicateurs et des cat\u00e9chistes\">Read more<\/a><\/p>","protected":false},"featured_media":17471,"template":"","meta":{"_eb_attr":""},"product_brand":[],"product_cat":[37,68],"product_tag":[],"class_list":{"0":"post-17470","1":"product","2":"type-product","3":"status-publish","4":"has-post-thumbnail","6":"product_cat-a-partir-du-xxeme-siecle","7":"product_cat-religion-spiritualite","8":"sales-flash-overlay","9":"woocommerce-text-align-center","10":"woocommerce-image-align-center","11":"wc-has-gallery","13":"first","14":"instock","15":"taxable","16":"shipping-taxable","17":"purchasable","18":"product-type-simple"},"aioseo_notices":[],"_links":{"self":[{"href":"https:\/\/www.livresentre2actions.fr\/en\/wp-json\/wp\/v2\/product\/17470","targetHints":{"allow":["GET"]}}],"collection":[{"href":"https:\/\/www.livresentre2actions.fr\/en\/wp-json\/wp\/v2\/product"}],"about":[{"href":"https:\/\/www.livresentre2actions.fr\/en\/wp-json\/wp\/v2\/types\/product"}],"wp:featuredmedia":[{"embeddable":true,"href":"https:\/\/www.livresentre2actions.fr\/en\/wp-json\/wp\/v2\/media\/17471"}],"wp:attachment":[{"href":"https:\/\/www.livresentre2actions.fr\/en\/wp-json\/wp\/v2\/media?parent=17470"}],"wp:term":[{"taxonomy":"product_brand","embeddable":true,"href":"https:\/\/www.livresentre2actions.fr\/en\/wp-json\/wp\/v2\/product_brand?post=17470"},{"taxonomy":"product_cat","embeddable":true,"href":"https:\/\/www.livresentre2actions.fr\/en\/wp-json\/wp\/v2\/product_cat?post=17470"},{"taxonomy":"product_tag","embeddable":true,"href":"https:\/\/www.livresentre2actions.fr\/en\/wp-json\/wp\/v2\/product_tag?post=17470"}],"curies":[{"name":"wp","href":"https:\/\/api.w.org\/{rel}","templated":true}]}}