{"id":17442,"date":"2025-12-22T16:36:36","date_gmt":"2025-12-22T15:36:36","guid":{"rendered":"https:\/\/www.livresentre2actions.fr\/?post_type=product&#038;p=17442"},"modified":"2025-12-22T16:36:38","modified_gmt":"2025-12-22T15:36:38","slug":"les-etainiers-darras-ed-morel","status":"publish","type":"product","link":"https:\/\/www.livresentre2actions.fr\/en\/product\/les-etainiers-darras-ed-morel\/","title":{"rendered":"Les \u00e9tainiers d\u2019Arras, Ed. Morel"},"content":{"rendered":"<p>Imp. Robard-Courtin Broch\u00e9, 214 x 135, 57p. 1909. Avec une planche in fine. Exemplaire enrichi d\u2019un envoi sign\u00e9 de l\u2019auteur. Int\u00e9rieur propre. Couvertures et dos d\u00e9fra\u00eechis, avec un manque en pied de dos. Bien ferme.<\/p>","protected":false},"excerpt":{"rendered":"<p>Imp. Robard-Courtin Broch\u00e9, 214 x 135, 57p. 1909. Avec une planche in fine. Exemplaire enrichi d\u2019un envoi sign\u00e9 de l\u2019auteur. Int\u00e9rieur propre. Couvertures et dos d\u00e9fra\u00eechis, avec un manque en pied de dos. Bien ferme.<\/p>","protected":false},"featured_media":17443,"template":"","meta":{"_eb_attr":""},"product_brand":[],"product_cat":[37,72,81],"product_tag":[],"class_list":{"0":"post-17442","1":"product","2":"type-product","3":"status-publish","4":"has-post-thumbnail","6":"product_cat-a-partir-du-xxeme-siecle","7":"product_cat-divers","8":"product_cat-hauts-de-france","9":"sales-flash-overlay","10":"woocommerce-text-align-center","11":"woocommerce-image-align-center","12":"wc-has-gallery","14":"first","15":"instock","16":"taxable","17":"shipping-taxable","18":"purchasable","19":"product-type-simple"},"aioseo_notices":[],"_links":{"self":[{"href":"https:\/\/www.livresentre2actions.fr\/en\/wp-json\/wp\/v2\/product\/17442","targetHints":{"allow":["GET"]}}],"collection":[{"href":"https:\/\/www.livresentre2actions.fr\/en\/wp-json\/wp\/v2\/product"}],"about":[{"href":"https:\/\/www.livresentre2actions.fr\/en\/wp-json\/wp\/v2\/types\/product"}],"wp:featuredmedia":[{"embeddable":true,"href":"https:\/\/www.livresentre2actions.fr\/en\/wp-json\/wp\/v2\/media\/17443"}],"wp:attachment":[{"href":"https:\/\/www.livresentre2actions.fr\/en\/wp-json\/wp\/v2\/media?parent=17442"}],"wp:term":[{"taxonomy":"product_brand","embeddable":true,"href":"https:\/\/www.livresentre2actions.fr\/en\/wp-json\/wp\/v2\/product_brand?post=17442"},{"taxonomy":"product_cat","embeddable":true,"href":"https:\/\/www.livresentre2actions.fr\/en\/wp-json\/wp\/v2\/product_cat?post=17442"},{"taxonomy":"product_tag","embeddable":true,"href":"https:\/\/www.livresentre2actions.fr\/en\/wp-json\/wp\/v2\/product_tag?post=17442"}],"curies":[{"name":"wp","href":"https:\/\/api.w.org\/{rel}","templated":true}]}}