{"id":17424,"date":"2025-12-22T16:20:57","date_gmt":"2025-12-22T15:20:57","guid":{"rendered":"https:\/\/www.livresentre2actions.fr\/?post_type=product&#038;p=17424"},"modified":"2025-12-22T16:21:03","modified_gmt":"2025-12-22T15:21:03","slug":"journal-du-palais-repertoire-general-contenant-la-jurisprudence-de-1791-a-1846","status":"publish","type":"product","link":"https:\/\/www.livresentre2actions.fr\/en\/product\/journal-du-palais-repertoire-general-contenant-la-jurisprudence-de-1791-a-1846\/","title":{"rendered":"Journal du Palais. R\u00e9pertoire G\u00e9n\u00e9ral contenant la Jurisprudence de 1791 \u00e0 1846"},"content":{"rendered":"<p>Trois tomes &#8211; Journal du Palais. R\u00e9pertoire G\u00e9n\u00e9ral contenant la Jurisprudence de 1791 \u00e0 1846 L&rsquo;Histoire du droit, la l\u00e9gislation et la doctrine des auteurs<\/p>\n<p>Au Bureau du Journal du Palais &#8211; Demi-veau, dos \u00e0 faux-nerfs, orn\u00e9 des titre et tomaison Tomes 5, 7 et 8. Texte sur 3 cols. 245 x 220. Tome 5. D. 555p. 1846. Dalles \u00e0 Duvets Tome 7. Ex. &#8211; F. 620p. 1847. Exaction \u00e0 Futures. Tome 8. G. &#8211; J. 566p. 1848. Gabare \u00e0 Justice seigneuriale ( en trois chapitres) Pour les trois volumes : des frottements \u00e0 la reliure ; rousseurs en d\u00e9but et fion de volume sinon marginales.<\/p>","protected":false},"excerpt":{"rendered":"<p>Trois tomes &#8211; Journal du Palais. R\u00e9pertoire G\u00e9n\u00e9ral contenant la Jurisprudence de 1791 \u00e0 1846 L&rsquo;Histoire du droit, la l\u00e9gislation et la doctrine des auteurs Au Bureau du Journal du Palais &#8211; Demi-veau, dos \u00e0 faux-nerfs, orn\u00e9 des titre et tomaison Tomes 5, 7 et 8. Texte sur 3 cols. 245 x 220. Tome 5. &#8230; <a title=\"Journal du Palais. R\u00e9pertoire G\u00e9n\u00e9ral contenant la Jurisprudence de 1791 \u00e0 1846\" class=\"read-more\" href=\"https:\/\/www.livresentre2actions.fr\/en\/product\/journal-du-palais-repertoire-general-contenant-la-jurisprudence-de-1791-a-1846\/\" aria-label=\"Read more about Journal du Palais. R\u00e9pertoire G\u00e9n\u00e9ral contenant la Jurisprudence de 1791 \u00e0 1846\">Read more<\/a><\/p>","protected":false},"featured_media":17425,"template":"","meta":{"_eb_attr":""},"product_brand":[],"product_cat":[36,77],"product_tag":[],"class_list":{"0":"post-17424","1":"product","2":"type-product","3":"status-publish","4":"has-post-thumbnail","6":"product_cat-entre-le-xviiieme-et-le-xixeme-siecle","7":"product_cat-droit","8":"sales-flash-overlay","9":"woocommerce-text-align-center","10":"woocommerce-image-align-center","11":"wc-has-gallery","13":"first","14":"instock","15":"taxable","16":"shipping-taxable","17":"purchasable","18":"product-type-simple"},"aioseo_notices":[],"_links":{"self":[{"href":"https:\/\/www.livresentre2actions.fr\/en\/wp-json\/wp\/v2\/product\/17424","targetHints":{"allow":["GET"]}}],"collection":[{"href":"https:\/\/www.livresentre2actions.fr\/en\/wp-json\/wp\/v2\/product"}],"about":[{"href":"https:\/\/www.livresentre2actions.fr\/en\/wp-json\/wp\/v2\/types\/product"}],"wp:featuredmedia":[{"embeddable":true,"href":"https:\/\/www.livresentre2actions.fr\/en\/wp-json\/wp\/v2\/media\/17425"}],"wp:attachment":[{"href":"https:\/\/www.livresentre2actions.fr\/en\/wp-json\/wp\/v2\/media?parent=17424"}],"wp:term":[{"taxonomy":"product_brand","embeddable":true,"href":"https:\/\/www.livresentre2actions.fr\/en\/wp-json\/wp\/v2\/product_brand?post=17424"},{"taxonomy":"product_cat","embeddable":true,"href":"https:\/\/www.livresentre2actions.fr\/en\/wp-json\/wp\/v2\/product_cat?post=17424"},{"taxonomy":"product_tag","embeddable":true,"href":"https:\/\/www.livresentre2actions.fr\/en\/wp-json\/wp\/v2\/product_tag?post=17424"}],"curies":[{"name":"wp","href":"https:\/\/api.w.org\/{rel}","templated":true}]}}