{"id":17402,"date":"2025-12-22T15:36:28","date_gmt":"2025-12-22T14:36:28","guid":{"rendered":"https:\/\/www.livresentre2actions.fr\/?post_type=product&#038;p=17402"},"modified":"2026-01-24T17:42:06","modified_gmt":"2026-01-24T16:42:06","slug":"les-cahiers-de-la-tour-saint-jacques-viii-j-k-huysmans","status":"publish","type":"product","link":"https:\/\/www.livresentre2actions.fr\/en\/product\/les-cahiers-de-la-tour-saint-jacques-viii-j-k-huysmans\/","title":{"rendered":"Les Cahiers de la Tour Saint-Jacques, VIII, J.-K. Huysmans"},"content":{"rendered":"<p>H. Roudil \u00e9diteur -Demi-veau vert \u00e0 coins, dos long orn\u00e9 de frises et motifs, de deux pi\u00e8ces de titre rouge, tranche de t\u00eate dor\u00e9e, signet, couvertures et dos conserv\u00e9s, 219 x 141, 344p. 1963. Avec illustrations hors texte (reproductions photo et dessins). Except\u00e9 le dos un peu pass\u00e9, tr\u00e8s bel exemplaire, propre, int\u00e8gre, bien ferme.<\/p>","protected":false},"excerpt":{"rendered":"<p>H. Roudil \u00e9diteur -Demi-veau vert \u00e0 coins, dos long orn\u00e9 de frises et motifs, de deux pi\u00e8ces de titre rouge, tranche de t\u00eate dor\u00e9e, signet, couvertures et dos conserv\u00e9s, 219 x 141, 344p. 1963. Avec illustrations hors texte (reproductions photo et dessins). Except\u00e9 le dos un peu pass\u00e9, tr\u00e8s bel exemplaire, propre, int\u00e8gre, bien ferme.<\/p>","protected":false},"featured_media":17409,"template":"","meta":{"_eb_attr":""},"product_brand":[],"product_cat":[37,76,68],"product_tag":[],"class_list":{"0":"post-17402","1":"product","2":"type-product","3":"status-publish","4":"has-post-thumbnail","6":"product_cat-a-partir-du-xxeme-siecle","7":"product_cat-poesie-theatre-prose","8":"product_cat-religion-spiritualite","9":"sales-flash-overlay","10":"woocommerce-text-align-center","11":"woocommerce-image-align-center","12":"wc-has-gallery","14":"first","15":"instock","16":"taxable","17":"shipping-taxable","18":"purchasable","19":"product-type-simple"},"aioseo_notices":[],"_links":{"self":[{"href":"https:\/\/www.livresentre2actions.fr\/en\/wp-json\/wp\/v2\/product\/17402","targetHints":{"allow":["GET"]}}],"collection":[{"href":"https:\/\/www.livresentre2actions.fr\/en\/wp-json\/wp\/v2\/product"}],"about":[{"href":"https:\/\/www.livresentre2actions.fr\/en\/wp-json\/wp\/v2\/types\/product"}],"wp:featuredmedia":[{"embeddable":true,"href":"https:\/\/www.livresentre2actions.fr\/en\/wp-json\/wp\/v2\/media\/17409"}],"wp:attachment":[{"href":"https:\/\/www.livresentre2actions.fr\/en\/wp-json\/wp\/v2\/media?parent=17402"}],"wp:term":[{"taxonomy":"product_brand","embeddable":true,"href":"https:\/\/www.livresentre2actions.fr\/en\/wp-json\/wp\/v2\/product_brand?post=17402"},{"taxonomy":"product_cat","embeddable":true,"href":"https:\/\/www.livresentre2actions.fr\/en\/wp-json\/wp\/v2\/product_cat?post=17402"},{"taxonomy":"product_tag","embeddable":true,"href":"https:\/\/www.livresentre2actions.fr\/en\/wp-json\/wp\/v2\/product_tag?post=17402"}],"curies":[{"name":"wp","href":"https:\/\/api.w.org\/{rel}","templated":true}]}}