{"id":17270,"date":"2025-12-14T16:08:37","date_gmt":"2025-12-14T15:08:37","guid":{"rendered":"https:\/\/www.livresentre2actions.fr\/?post_type=product&#038;p=17270"},"modified":"2025-12-14T16:46:32","modified_gmt":"2025-12-14T15:46:32","slug":"an-essay-concerning-human-understanding","status":"publish","type":"product","link":"https:\/\/www.livresentre2actions.fr\/en\/product\/an-essay-concerning-human-understanding\/","title":{"rendered":"An Essay Concerning Human Understanding"},"content":{"rendered":"<p>An Essay Concerning Human Understanding. In Four Books in three volumes. A new edition corrected. [Sixth editon]<\/p>\n<p>John Locke &#8211; Glasgow, Robert Urie<\/p>\n<p>Trois volumes in-12, pleine basane brune marbr\u00e9e, cir\u00e9e, dos longs orn\u00e9s (reliure moderne dans le style de l\u2019\u00e9poque), tranches de goutti\u00e8re et de pied gaufr\u00e9es, 187 x 100, 1759.<\/p>\n<p>Ensemble singulier puisqu\u2019il a \u00e9t\u00e9 modifi\u00e9, enrichi au T1 d\u2019un portrait (le portrait du philosophe par Godfrey Kneller) grav\u00e9 de Locke en frontispice sous la forme d\u2019un montage\/collage sur le verso de la garde, avec la phrase latine manuscrite en pied : \u00ab dum vivant homines: dum lat\u00e9 sacula currant perlegar ; ingenio laurea serta dabunt \u00bb, et truff\u00e9 de m\u00eame par une coupure de presse d\u00e9pliante, prise dans la reliure apr\u00e8s l\u2019adresse au lecteur et avant la table g\u00e9n\u00e9rale : The Life of John Locke Esq. (recto verso sur deux col.).<\/p>\n<p>T1, 395p.\u00a0: Adresse \u00e0 Thomas Earl of Pembroke and Montgomery, iii-viii\u00a0; Adresse au lecteur, ix-xxviii (mention de sixi\u00e8me \u00e9dition, avec une partie originale, \u00e0 savoir\u00a0: les ajouts op\u00e9r\u00e9s\u00a0sont en grande partie dans le chapitre 21 du livre second [titr\u00e9 Of power, pagin\u00e9 327-395], y indique l\u2019auteur) ; coupure de presse ajout\u00e9e\u00a0; Tables g\u00e9n\u00e9rale et particuli\u00e8re xxv-xli. Puis le texte\u00a0: Book I, Of Innate Notions ; Book II, Of Ideas (chap. I \u2013 XXI].<\/p>\n<p>T2, titre, tables, iii-xx\u00a0; Book II (chap. xxii-xxxiii), Book III, Of Words\u00a0; 410p.<\/p>\n<p>T3, Book IV, Of Knowledge and Opinions, Tables, iii-xviii\u00a0; 376p. Avec index.<\/p>\n<p>Pour les trois volumes\u00a0: tampon ex-libris en premi\u00e8re garde \u00ab\u00a0Biblioth\u00e8que Biron. Ph. Lavaysse\u00a0\u00bb avec cote en seconde garde et au titre\u00a0; un tampon au titre The \u00ab\u00a0English Library Algiers\u00a0\u00bb. Marge haute un peu courte, rousseurs \u00e9parses et l\u00e9g\u00e8res. Reliures en tr\u00e8s bel \u00e9tat de conservation.<\/p>","protected":false},"excerpt":{"rendered":"<p>An Essay Concerning Human Understanding. In Four Books in three volumes. A new edition corrected. [Sixth editon] John Locke &#8211; Glasgow, Robert Urie Trois volumes in-12, pleine basane brune marbr\u00e9e, cir\u00e9e, dos longs orn\u00e9s (reliure moderne dans le style de l\u2019\u00e9poque), tranches de goutti\u00e8re et de pied gaufr\u00e9es, 187 x 100, 1759. Ensemble singulier puisqu\u2019il &#8230; <a title=\"An Essay Concerning Human Understanding\" class=\"read-more\" href=\"https:\/\/www.livresentre2actions.fr\/en\/product\/an-essay-concerning-human-understanding\/\" aria-label=\"Read more about An Essay Concerning Human Understanding\">Read more<\/a><\/p>","protected":false},"featured_media":17271,"template":"","meta":{"_eb_attr":""},"product_brand":[],"product_cat":[36,82],"product_tag":[94,95],"class_list":{"0":"post-17270","1":"product","2":"type-product","3":"status-publish","4":"has-post-thumbnail","6":"product_cat-entre-le-xviiieme-et-le-xixeme-siecle","7":"product_cat-philosophie","8":"product_tag-provenance","9":"product_tag-reliure","10":"sales-flash-overlay","11":"woocommerce-text-align-center","12":"woocommerce-image-align-center","13":"wc-has-gallery","15":"first","16":"instock","17":"taxable","18":"shipping-taxable","19":"purchasable","20":"product-type-simple"},"aioseo_notices":[],"_links":{"self":[{"href":"https:\/\/www.livresentre2actions.fr\/en\/wp-json\/wp\/v2\/product\/17270","targetHints":{"allow":["GET"]}}],"collection":[{"href":"https:\/\/www.livresentre2actions.fr\/en\/wp-json\/wp\/v2\/product"}],"about":[{"href":"https:\/\/www.livresentre2actions.fr\/en\/wp-json\/wp\/v2\/types\/product"}],"wp:featuredmedia":[{"embeddable":true,"href":"https:\/\/www.livresentre2actions.fr\/en\/wp-json\/wp\/v2\/media\/17271"}],"wp:attachment":[{"href":"https:\/\/www.livresentre2actions.fr\/en\/wp-json\/wp\/v2\/media?parent=17270"}],"wp:term":[{"taxonomy":"product_brand","embeddable":true,"href":"https:\/\/www.livresentre2actions.fr\/en\/wp-json\/wp\/v2\/product_brand?post=17270"},{"taxonomy":"product_cat","embeddable":true,"href":"https:\/\/www.livresentre2actions.fr\/en\/wp-json\/wp\/v2\/product_cat?post=17270"},{"taxonomy":"product_tag","embeddable":true,"href":"https:\/\/www.livresentre2actions.fr\/en\/wp-json\/wp\/v2\/product_tag?post=17270"}],"curies":[{"name":"wp","href":"https:\/\/api.w.org\/{rel}","templated":true}]}}