{"id":17262,"date":"2025-12-12T17:57:47","date_gmt":"2025-12-12T16:57:47","guid":{"rendered":"https:\/\/www.livresentre2actions.fr\/?post_type=product&#038;p=17262"},"modified":"2025-12-12T17:57:51","modified_gmt":"2025-12-12T16:57:51","slug":"mutinerie-militaire-a-arras-en-1873","status":"publish","type":"product","link":"https:\/\/www.livresentre2actions.fr\/en\/product\/mutinerie-militaire-a-arras-en-1873\/","title":{"rendered":"Mutinerie militaire \u00e0 Arras en 1873"},"content":{"rendered":"<p>Ed. Morel &#8211; Imp. Robard-Courtin Broch\u00e9, 210 x 138, 61p. 1912. Int\u00e9rieur propre, rousseurs au titre et en derni\u00e8re pages vierges\u00a0 Rousseurs en couvertures, mais int\u00e8gres. Bon exemplaire bien ferme.<\/p>","protected":false},"excerpt":{"rendered":"<p>Ed. Morel &#8211; Imp. Robard-Courtin Broch\u00e9, 210 x 138, 61p. 1912. Int\u00e9rieur propre, rousseurs au titre et en derni\u00e8re pages vierges\u00a0 Rousseurs en couvertures, mais int\u00e8gres. Bon exemplaire bien ferme.<\/p>","protected":false},"featured_media":17263,"template":"","meta":{"_eb_attr":""},"product_brand":[],"product_cat":[37,81,73],"product_tag":[],"class_list":{"0":"post-17262","1":"product","2":"type-product","3":"status-publish","4":"has-post-thumbnail","6":"product_cat-a-partir-du-xxeme-siecle","7":"product_cat-hauts-de-france","8":"product_cat-histoires-et-recits-de-voyage","9":"sales-flash-overlay","10":"woocommerce-text-align-center","11":"woocommerce-image-align-center","12":"wc-has-gallery","14":"first","15":"instock","16":"taxable","17":"shipping-taxable","18":"purchasable","19":"product-type-simple"},"aioseo_notices":[],"_links":{"self":[{"href":"https:\/\/www.livresentre2actions.fr\/en\/wp-json\/wp\/v2\/product\/17262","targetHints":{"allow":["GET"]}}],"collection":[{"href":"https:\/\/www.livresentre2actions.fr\/en\/wp-json\/wp\/v2\/product"}],"about":[{"href":"https:\/\/www.livresentre2actions.fr\/en\/wp-json\/wp\/v2\/types\/product"}],"wp:featuredmedia":[{"embeddable":true,"href":"https:\/\/www.livresentre2actions.fr\/en\/wp-json\/wp\/v2\/media\/17263"}],"wp:attachment":[{"href":"https:\/\/www.livresentre2actions.fr\/en\/wp-json\/wp\/v2\/media?parent=17262"}],"wp:term":[{"taxonomy":"product_brand","embeddable":true,"href":"https:\/\/www.livresentre2actions.fr\/en\/wp-json\/wp\/v2\/product_brand?post=17262"},{"taxonomy":"product_cat","embeddable":true,"href":"https:\/\/www.livresentre2actions.fr\/en\/wp-json\/wp\/v2\/product_cat?post=17262"},{"taxonomy":"product_tag","embeddable":true,"href":"https:\/\/www.livresentre2actions.fr\/en\/wp-json\/wp\/v2\/product_tag?post=17262"}],"curies":[{"name":"wp","href":"https:\/\/api.w.org\/{rel}","templated":true}]}}