{"id":17251,"date":"2025-12-12T17:54:48","date_gmt":"2025-12-12T16:54:48","guid":{"rendered":"https:\/\/www.livresentre2actions.fr\/?post_type=product&#038;p=17251"},"modified":"2025-12-12T17:55:22","modified_gmt":"2025-12-12T16:55:22","slug":"alfred-rambaud-histoire-de-la-civilisation-francaise","status":"publish","type":"product","link":"https:\/\/www.livresentre2actions.fr\/en\/product\/alfred-rambaud-histoire-de-la-civilisation-francaise\/","title":{"rendered":"Alfred Rambaud, Histoire de la civilisation fran\u00e7aise"},"content":{"rendered":"<p>Librairie Armand Colin &#8211; 2 tomes, complet<\/p>\n<p>Plein chagrin, dos \u00e0 faux nerfs, fleuronn\u00e9, orn\u00e9 des titre, auteur, tomaison ; signet, 182 x 120, Neuvi\u00e8me \u00e9dition, T1, 1901, 620 p. avec table. T2, 1905, 662p. avec table. In fine du t2, un extrait de catalogue, 6p. Int\u00e9rieur propre et int\u00e8gre. Quelques frottements mineurs en coiffe et queue, tr\u00e8s bons exemplaires.<\/p>","protected":false},"excerpt":{"rendered":"<p>Librairie Armand Colin &#8211; 2 tomes, complet Plein chagrin, dos \u00e0 faux nerfs, fleuronn\u00e9, orn\u00e9 des titre, auteur, tomaison ; signet, 182 x 120, Neuvi\u00e8me \u00e9dition, T1, 1901, 620 p. avec table. T2, 1905, 662p. avec table. In fine du t2, un extrait de catalogue, 6p. Int\u00e9rieur propre et int\u00e8gre. Quelques frottements mineurs en coiffe &#8230; <a title=\"Alfred Rambaud, Histoire de la civilisation fran\u00e7aise\" class=\"read-more\" href=\"https:\/\/www.livresentre2actions.fr\/en\/product\/alfred-rambaud-histoire-de-la-civilisation-francaise\/\" aria-label=\"Read more about Alfred Rambaud, Histoire de la civilisation fran\u00e7aise\">Read more<\/a><\/p>","protected":false},"featured_media":17252,"template":"","meta":{"_eb_attr":""},"product_brand":[],"product_cat":[37,73],"product_tag":[],"class_list":{"0":"post-17251","1":"product","2":"type-product","3":"status-publish","4":"has-post-thumbnail","6":"product_cat-a-partir-du-xxeme-siecle","7":"product_cat-histoires-et-recits-de-voyage","8":"sales-flash-overlay","9":"woocommerce-text-align-center","10":"woocommerce-image-align-center","11":"wc-has-gallery","13":"first","14":"instock","15":"taxable","16":"shipping-taxable","17":"purchasable","18":"product-type-simple"},"aioseo_notices":[],"_links":{"self":[{"href":"https:\/\/www.livresentre2actions.fr\/en\/wp-json\/wp\/v2\/product\/17251","targetHints":{"allow":["GET"]}}],"collection":[{"href":"https:\/\/www.livresentre2actions.fr\/en\/wp-json\/wp\/v2\/product"}],"about":[{"href":"https:\/\/www.livresentre2actions.fr\/en\/wp-json\/wp\/v2\/types\/product"}],"wp:featuredmedia":[{"embeddable":true,"href":"https:\/\/www.livresentre2actions.fr\/en\/wp-json\/wp\/v2\/media\/17252"}],"wp:attachment":[{"href":"https:\/\/www.livresentre2actions.fr\/en\/wp-json\/wp\/v2\/media?parent=17251"}],"wp:term":[{"taxonomy":"product_brand","embeddable":true,"href":"https:\/\/www.livresentre2actions.fr\/en\/wp-json\/wp\/v2\/product_brand?post=17251"},{"taxonomy":"product_cat","embeddable":true,"href":"https:\/\/www.livresentre2actions.fr\/en\/wp-json\/wp\/v2\/product_cat?post=17251"},{"taxonomy":"product_tag","embeddable":true,"href":"https:\/\/www.livresentre2actions.fr\/en\/wp-json\/wp\/v2\/product_tag?post=17251"}],"curies":[{"name":"wp","href":"https:\/\/api.w.org\/{rel}","templated":true}]}}