{"id":17228,"date":"2025-12-12T17:45:20","date_gmt":"2025-12-12T16:45:20","guid":{"rendered":"https:\/\/www.livresentre2actions.fr\/?post_type=product&#038;p=17228"},"modified":"2025-12-12T17:47:38","modified_gmt":"2025-12-12T16:47:38","slug":"ma-route-de-languedoc-suivi-de-ma-route-de-bourgogne-2-textes-en-un-volume","status":"publish","type":"product","link":"https:\/\/www.livresentre2actions.fr\/en\/product\/ma-route-de-languedoc-suivi-de-ma-route-de-bourgogne-2-textes-en-un-volume\/","title":{"rendered":"Ma route de Languedoc. Suivi de Ma route de Bourgogne, 2 textes en un volume"},"content":{"rendered":"<p>Raymond Dumay &#8211; Ren\u00e9 Julliard<\/p>\n<p>Pleine toile rouge, \u00e0 dos long orn\u00e9 d\u2019une pi\u00e8ce de titre noire, tranches jasp\u00e9es, 185 x 124. Ma route de Languedoc, 200p. avec tble. 1951. \u00c9dition originale enrichie d\u2019un envoi sign\u00e9 de l\u2019auteur en page de faux-titre. 4 ill. pleine page dont une carte.<\/p>\n<p>Suivi de Ma route de Bourgogne, 173p. avec tble. 1948. Un des 3000 exemplaires num\u00e9rot\u00e9s. 4 ills \u00e0 pleine page de Pierre Dehay. Tr\u00e8s bon exemplaire, propre, int\u00e8gre, bien ferme. Exemplaire enrichi \u00e9galement d\u2019un bel ex-libirs aux armes en contreplat sup\u00e9rieur.<\/p>","protected":false},"excerpt":{"rendered":"<p>Raymond Dumay &#8211; Ren\u00e9 Julliard Pleine toile rouge, \u00e0 dos long orn\u00e9 d\u2019une pi\u00e8ce de titre noire, tranches jasp\u00e9es, 185 x 124. Ma route de Languedoc, 200p. avec tble. 1951. \u00c9dition originale enrichie d\u2019un envoi sign\u00e9 de l\u2019auteur en page de faux-titre. 4 ill. pleine page dont une carte. Suivi de Ma route de Bourgogne, &#8230; <a title=\"Ma route de Languedoc. Suivi de Ma route de Bourgogne, 2 textes en un volume\" class=\"read-more\" href=\"https:\/\/www.livresentre2actions.fr\/en\/product\/ma-route-de-languedoc-suivi-de-ma-route-de-bourgogne-2-textes-en-un-volume\/\" aria-label=\"Read more about Ma route de Languedoc. Suivi de Ma route de Bourgogne, 2 textes en un volume\">Read more<\/a><\/p>","protected":false},"featured_media":17229,"template":"","meta":{"_eb_attr":""},"product_brand":[],"product_cat":[37,83,71],"product_tag":[87],"class_list":{"0":"post-17228","1":"product","2":"type-product","3":"status-publish","4":"has-post-thumbnail","6":"product_cat-a-partir-du-xxeme-siecle","7":"product_cat-culinaria-cuisine-divers","8":"product_cat-illustres-modernes-editions-originales-signees-numerotees","9":"product_tag-signe","10":"sales-flash-overlay","11":"woocommerce-text-align-center","12":"woocommerce-image-align-center","13":"wc-has-gallery","15":"first","16":"instock","17":"taxable","18":"shipping-taxable","19":"purchasable","20":"product-type-simple"},"aioseo_notices":[],"_links":{"self":[{"href":"https:\/\/www.livresentre2actions.fr\/en\/wp-json\/wp\/v2\/product\/17228","targetHints":{"allow":["GET"]}}],"collection":[{"href":"https:\/\/www.livresentre2actions.fr\/en\/wp-json\/wp\/v2\/product"}],"about":[{"href":"https:\/\/www.livresentre2actions.fr\/en\/wp-json\/wp\/v2\/types\/product"}],"wp:featuredmedia":[{"embeddable":true,"href":"https:\/\/www.livresentre2actions.fr\/en\/wp-json\/wp\/v2\/media\/17229"}],"wp:attachment":[{"href":"https:\/\/www.livresentre2actions.fr\/en\/wp-json\/wp\/v2\/media?parent=17228"}],"wp:term":[{"taxonomy":"product_brand","embeddable":true,"href":"https:\/\/www.livresentre2actions.fr\/en\/wp-json\/wp\/v2\/product_brand?post=17228"},{"taxonomy":"product_cat","embeddable":true,"href":"https:\/\/www.livresentre2actions.fr\/en\/wp-json\/wp\/v2\/product_cat?post=17228"},{"taxonomy":"product_tag","embeddable":true,"href":"https:\/\/www.livresentre2actions.fr\/en\/wp-json\/wp\/v2\/product_tag?post=17228"}],"curies":[{"name":"wp","href":"https:\/\/api.w.org\/{rel}","templated":true}]}}