{"id":17208,"date":"2025-12-12T17:28:36","date_gmt":"2025-12-12T16:28:36","guid":{"rendered":"https:\/\/www.livresentre2actions.fr\/?post_type=product&#038;p=17208"},"modified":"2025-12-12T17:31:48","modified_gmt":"2025-12-12T16:31:48","slug":"les-travaux-de-linstitut-francais-darcheologie-orientale-en-1969-1973","status":"publish","type":"product","link":"https:\/\/www.livresentre2actions.fr\/en\/product\/les-travaux-de-linstitut-francais-darcheologie-orientale-en-1969-1973\/","title":{"rendered":"Les travaux de l\u2019Institut fran\u00e7ais d\u2019arch\u00e9ologie orientale en 1969-1973"},"content":{"rendered":"<p>Serge Sauneron &#8211; IFAO Broch\u00e9, 375 x 202, 153p. 44 planches hors texte en noir. Tr\u00e8s bons exemplaires, propres et int\u00e8gres. Le num\u00e9ro 1969-1970 est sans couverture, 24p, mais bien complet, continuit\u00e9 de la pagination entre les volumes. Nous joignons un volume Les travaux de l\u2019Institut fran\u00e7ais d\u2019arch\u00e9ologie orientale en 1981-1982, Paule Posener-Krieger.<\/p>","protected":false},"excerpt":{"rendered":"<p>Serge Sauneron &#8211; IFAO Broch\u00e9, 375 x 202, 153p. 44 planches hors texte en noir. Tr\u00e8s bons exemplaires, propres et int\u00e8gres. Le num\u00e9ro 1969-1970 est sans couverture, 24p, mais bien complet, continuit\u00e9 de la pagination entre les volumes. Nous joignons un volume Les travaux de l\u2019Institut fran\u00e7ais d\u2019arch\u00e9ologie orientale en 1981-1982, Paule Posener-Krieger.<\/p>","protected":false},"featured_media":17209,"template":"","meta":{"_eb_attr":""},"product_brand":[],"product_cat":[37,71,73],"product_tag":[86],"class_list":{"0":"post-17208","1":"product","2":"type-product","3":"status-publish","4":"has-post-thumbnail","6":"product_cat-a-partir-du-xxeme-siecle","7":"product_cat-illustres-modernes-editions-originales-signees-numerotees","8":"product_cat-histoires-et-recits-de-voyage","9":"product_tag-illustre","10":"sales-flash-overlay","11":"woocommerce-text-align-center","12":"woocommerce-image-align-center","13":"wc-has-gallery","15":"first","16":"instock","17":"taxable","18":"shipping-taxable","19":"purchasable","20":"product-type-simple"},"aioseo_notices":[],"_links":{"self":[{"href":"https:\/\/www.livresentre2actions.fr\/en\/wp-json\/wp\/v2\/product\/17208","targetHints":{"allow":["GET"]}}],"collection":[{"href":"https:\/\/www.livresentre2actions.fr\/en\/wp-json\/wp\/v2\/product"}],"about":[{"href":"https:\/\/www.livresentre2actions.fr\/en\/wp-json\/wp\/v2\/types\/product"}],"wp:featuredmedia":[{"embeddable":true,"href":"https:\/\/www.livresentre2actions.fr\/en\/wp-json\/wp\/v2\/media\/17209"}],"wp:attachment":[{"href":"https:\/\/www.livresentre2actions.fr\/en\/wp-json\/wp\/v2\/media?parent=17208"}],"wp:term":[{"taxonomy":"product_brand","embeddable":true,"href":"https:\/\/www.livresentre2actions.fr\/en\/wp-json\/wp\/v2\/product_brand?post=17208"},{"taxonomy":"product_cat","embeddable":true,"href":"https:\/\/www.livresentre2actions.fr\/en\/wp-json\/wp\/v2\/product_cat?post=17208"},{"taxonomy":"product_tag","embeddable":true,"href":"https:\/\/www.livresentre2actions.fr\/en\/wp-json\/wp\/v2\/product_tag?post=17208"}],"curies":[{"name":"wp","href":"https:\/\/api.w.org\/{rel}","templated":true}]}}