{"id":17198,"date":"2025-12-12T17:14:28","date_gmt":"2025-12-12T16:14:28","guid":{"rendered":"https:\/\/www.livresentre2actions.fr\/?post_type=product&#038;p=17198"},"modified":"2025-12-12T17:15:46","modified_gmt":"2025-12-12T16:15:46","slug":"mari-une-ville-perdueandre-parrot","status":"publish","type":"product","link":"https:\/\/www.livresentre2actions.fr\/en\/product\/mari-une-ville-perdueandre-parrot\/","title":{"rendered":"Mari. Une ville perdue\u2026Andr\u00e9 Parrot"},"content":{"rendered":"<p>Editions \u00ab Je sers \u00bb &#8211; Demi-basane tabac, dos long, orn\u00e9 d\u2019une pi\u00e8ce de titre en maroquin olive, 197 x 135, 252p. Hors table. 1945. Nouvelle \u00e9dition mise \u00e0 jour. 44 illustrations noir dont 2 cartes (1 Frontispice), 2 plans, et 40 repro. photo. Int\u00e9rieur tr\u00e8s bon, propre et int\u00e8gre. Reliure en bel \u00e9tat, \u00e9pidermures en t\u00eate de dos, dos l\u00e9g\u00e8rement insol\u00e9. Bon exemplaire bien ferme.<\/p>\n<p>&nbsp;<\/p>","protected":false},"excerpt":{"rendered":"<p>Editions \u00ab Je sers \u00bb &#8211; Demi-basane tabac, dos long, orn\u00e9 d\u2019une pi\u00e8ce de titre en maroquin olive, 197 x 135, 252p. Hors table. 1945. Nouvelle \u00e9dition mise \u00e0 jour. 44 illustrations noir dont 2 cartes (1 Frontispice), 2 plans, et 40 repro. photo. Int\u00e9rieur tr\u00e8s bon, propre et int\u00e8gre. Reliure en bel \u00e9tat, \u00e9pidermures &#8230; <a title=\"Mari. Une ville perdue\u2026Andr\u00e9 Parrot\" class=\"read-more\" href=\"https:\/\/www.livresentre2actions.fr\/en\/product\/mari-une-ville-perdueandre-parrot\/\" aria-label=\"Read more about Mari. Une ville perdue\u2026Andr\u00e9 Parrot\">Read more<\/a><\/p>","protected":false},"featured_media":17199,"template":"","meta":{"_eb_attr":""},"product_brand":[],"product_cat":[37,71,73],"product_tag":[86],"class_list":{"0":"post-17198","1":"product","2":"type-product","3":"status-publish","4":"has-post-thumbnail","6":"product_cat-a-partir-du-xxeme-siecle","7":"product_cat-illustres-modernes-editions-originales-signees-numerotees","8":"product_cat-histoires-et-recits-de-voyage","9":"product_tag-illustre","10":"sales-flash-overlay","11":"woocommerce-text-align-center","12":"woocommerce-image-align-center","13":"wc-has-gallery","15":"first","16":"instock","17":"taxable","18":"shipping-taxable","19":"purchasable","20":"product-type-simple"},"aioseo_notices":[],"_links":{"self":[{"href":"https:\/\/www.livresentre2actions.fr\/en\/wp-json\/wp\/v2\/product\/17198","targetHints":{"allow":["GET"]}}],"collection":[{"href":"https:\/\/www.livresentre2actions.fr\/en\/wp-json\/wp\/v2\/product"}],"about":[{"href":"https:\/\/www.livresentre2actions.fr\/en\/wp-json\/wp\/v2\/types\/product"}],"wp:featuredmedia":[{"embeddable":true,"href":"https:\/\/www.livresentre2actions.fr\/en\/wp-json\/wp\/v2\/media\/17199"}],"wp:attachment":[{"href":"https:\/\/www.livresentre2actions.fr\/en\/wp-json\/wp\/v2\/media?parent=17198"}],"wp:term":[{"taxonomy":"product_brand","embeddable":true,"href":"https:\/\/www.livresentre2actions.fr\/en\/wp-json\/wp\/v2\/product_brand?post=17198"},{"taxonomy":"product_cat","embeddable":true,"href":"https:\/\/www.livresentre2actions.fr\/en\/wp-json\/wp\/v2\/product_cat?post=17198"},{"taxonomy":"product_tag","embeddable":true,"href":"https:\/\/www.livresentre2actions.fr\/en\/wp-json\/wp\/v2\/product_tag?post=17198"}],"curies":[{"name":"wp","href":"https:\/\/api.w.org\/{rel}","templated":true}]}}