{"id":17170,"date":"2025-12-11T17:17:24","date_gmt":"2025-12-11T16:17:24","guid":{"rendered":"https:\/\/www.livresentre2actions.fr\/?post_type=product&#038;p=17170"},"modified":"2025-12-11T17:17:28","modified_gmt":"2025-12-11T16:17:28","slug":"diocese-de-verdun-chants-et-prieres-pour-tous-les-temps-de-lannee-ecclesiastique","status":"publish","type":"product","link":"https:\/\/www.livresentre2actions.fr\/en\/product\/diocese-de-verdun-chants-et-prieres-pour-tous-les-temps-de-lannee-ecclesiastique\/","title":{"rendered":"Dioc\u00e8se de Verdun : Chants et pri\u00e8res pour tous les temps de l&rsquo;ann\u00e9e eccl\u00e9siastique"},"content":{"rendered":"<p>Chants et pri\u00e8res pour tous le temps de l&rsquo;ann\u00e9e eccl\u00e9siastique, et les principales circonstances de la vie chr\u00e9tienne \u00e0 l&rsquo;usage du dioc\u00e8se de Verdun. Demi-chagrin noir, 160 x 110, 507p. hors table. 1879, Charles Laurent \u00e9diteur, Verdun. Int\u00e9rieur propre, avec sommaire choisi manuscrit en garde par un ancien d\u00e9tenteur. Pages 497-500 d\u00e9tach\u00e9es. Reliure en bon \u00e9tat.<\/p>","protected":false},"excerpt":{"rendered":"<p>Chants et pri\u00e8res pour tous le temps de l&rsquo;ann\u00e9e eccl\u00e9siastique, et les principales circonstances de la vie chr\u00e9tienne \u00e0 l&rsquo;usage du dioc\u00e8se de Verdun. Demi-chagrin noir, 160 x 110, 507p. hors table. 1879, Charles Laurent \u00e9diteur, Verdun. Int\u00e9rieur propre, avec sommaire choisi manuscrit en garde par un ancien d\u00e9tenteur. Pages 497-500 d\u00e9tach\u00e9es. Reliure en bon &#8230; <a title=\"Dioc\u00e8se de Verdun : Chants et pri\u00e8res pour tous les temps de l&rsquo;ann\u00e9e eccl\u00e9siastique\" class=\"read-more\" href=\"https:\/\/www.livresentre2actions.fr\/en\/product\/diocese-de-verdun-chants-et-prieres-pour-tous-les-temps-de-lannee-ecclesiastique\/\" aria-label=\"Read more about Dioc\u00e8se de Verdun : Chants et pri\u00e8res pour tous les temps de l&rsquo;ann\u00e9e eccl\u00e9siastique\">Read more<\/a><\/p>","protected":false},"featured_media":17172,"template":"","meta":{"_eb_attr":""},"product_brand":[],"product_cat":[36,97,68],"product_tag":[],"class_list":{"0":"post-17170","1":"product","2":"type-product","3":"status-publish","4":"has-post-thumbnail","6":"product_cat-entre-le-xviiieme-et-le-xixeme-siecle","7":"product_cat-regionalia-divers","8":"product_cat-religion-spiritualite","9":"sales-flash-overlay","10":"woocommerce-text-align-center","11":"woocommerce-image-align-center","12":"wc-has-gallery","14":"first","15":"instock","16":"taxable","17":"shipping-taxable","18":"purchasable","19":"product-type-simple"},"aioseo_notices":[],"_links":{"self":[{"href":"https:\/\/www.livresentre2actions.fr\/en\/wp-json\/wp\/v2\/product\/17170","targetHints":{"allow":["GET"]}}],"collection":[{"href":"https:\/\/www.livresentre2actions.fr\/en\/wp-json\/wp\/v2\/product"}],"about":[{"href":"https:\/\/www.livresentre2actions.fr\/en\/wp-json\/wp\/v2\/types\/product"}],"wp:featuredmedia":[{"embeddable":true,"href":"https:\/\/www.livresentre2actions.fr\/en\/wp-json\/wp\/v2\/media\/17172"}],"wp:attachment":[{"href":"https:\/\/www.livresentre2actions.fr\/en\/wp-json\/wp\/v2\/media?parent=17170"}],"wp:term":[{"taxonomy":"product_brand","embeddable":true,"href":"https:\/\/www.livresentre2actions.fr\/en\/wp-json\/wp\/v2\/product_brand?post=17170"},{"taxonomy":"product_cat","embeddable":true,"href":"https:\/\/www.livresentre2actions.fr\/en\/wp-json\/wp\/v2\/product_cat?post=17170"},{"taxonomy":"product_tag","embeddable":true,"href":"https:\/\/www.livresentre2actions.fr\/en\/wp-json\/wp\/v2\/product_tag?post=17170"}],"curies":[{"name":"wp","href":"https:\/\/api.w.org\/{rel}","templated":true}]}}