{"id":17131,"date":"2025-12-11T16:57:23","date_gmt":"2025-12-11T15:57:23","guid":{"rendered":"https:\/\/www.livresentre2actions.fr\/?post_type=product&#038;p=17131"},"modified":"2025-12-11T16:58:32","modified_gmt":"2025-12-11T15:58:32","slug":"larchitecture-rurale-francaise-nord-pas-de-calais","status":"publish","type":"product","link":"https:\/\/www.livresentre2actions.fr\/en\/product\/larchitecture-rurale-francaise-nord-pas-de-calais\/","title":{"rendered":"L\u2019architecture rurale fran\u00e7aise Nord Pas-de-Calais"},"content":{"rendered":"<p>Corpus des genres, types et des variantes<\/p>\n<p>Jean Cuisenier, Henri Raulin et Fran\u00e7ois Calame &#8211; La manufacture &#8211;<\/p>\n<p>Cartonnage \u00e9diteur sous jaquette, 305 x 240, 217p. 1988. Premi\u00e8re \u00e9dition. Un ex-libris manuscrit en garde. Int\u00e9rieur propre, avec trace d\u2019adh\u00e9sif en garde et derni\u00e8re page (ancien recouvrement). Cartonnage propre et int\u00e8gre. Jaquette l\u00e9g\u00e8rement insol\u00e9e mais propre et int\u00e8gre. Tr\u00e8s bon exemplaire, bien ferme.<\/p>","protected":false},"excerpt":{"rendered":"<p>Corpus des genres, types et des variantes Jean Cuisenier, Henri Raulin et Fran\u00e7ois Calame &#8211; La manufacture &#8211; Cartonnage \u00e9diteur sous jaquette, 305 x 240, 217p. 1988. Premi\u00e8re \u00e9dition. Un ex-libris manuscrit en garde. Int\u00e9rieur propre, avec trace d\u2019adh\u00e9sif en garde et derni\u00e8re page (ancien recouvrement). Cartonnage propre et int\u00e8gre. Jaquette l\u00e9g\u00e8rement insol\u00e9e mais propre &#8230; <a title=\"L\u2019architecture rurale fran\u00e7aise Nord Pas-de-Calais\" class=\"read-more\" href=\"https:\/\/www.livresentre2actions.fr\/en\/product\/larchitecture-rurale-francaise-nord-pas-de-calais\/\" aria-label=\"Read more about L\u2019architecture rurale fran\u00e7aise Nord Pas-de-Calais\">Read more<\/a><\/p>","protected":false},"featured_media":17132,"template":"","meta":{"_eb_attr":""},"product_brand":[],"product_cat":[37,75,71,81],"product_tag":[86],"class_list":{"0":"post-17131","1":"product","2":"type-product","3":"status-publish","4":"has-post-thumbnail","6":"product_cat-a-partir-du-xxeme-siecle","7":"product_cat-art","8":"product_cat-illustres-modernes-editions-originales-signees-numerotees","9":"product_cat-hauts-de-france","10":"product_tag-illustre","11":"sales-flash-overlay","12":"woocommerce-text-align-center","13":"woocommerce-image-align-center","14":"wc-has-gallery","16":"first","17":"instock","18":"taxable","19":"shipping-taxable","20":"purchasable","21":"product-type-simple"},"aioseo_notices":[],"_links":{"self":[{"href":"https:\/\/www.livresentre2actions.fr\/en\/wp-json\/wp\/v2\/product\/17131","targetHints":{"allow":["GET"]}}],"collection":[{"href":"https:\/\/www.livresentre2actions.fr\/en\/wp-json\/wp\/v2\/product"}],"about":[{"href":"https:\/\/www.livresentre2actions.fr\/en\/wp-json\/wp\/v2\/types\/product"}],"wp:featuredmedia":[{"embeddable":true,"href":"https:\/\/www.livresentre2actions.fr\/en\/wp-json\/wp\/v2\/media\/17132"}],"wp:attachment":[{"href":"https:\/\/www.livresentre2actions.fr\/en\/wp-json\/wp\/v2\/media?parent=17131"}],"wp:term":[{"taxonomy":"product_brand","embeddable":true,"href":"https:\/\/www.livresentre2actions.fr\/en\/wp-json\/wp\/v2\/product_brand?post=17131"},{"taxonomy":"product_cat","embeddable":true,"href":"https:\/\/www.livresentre2actions.fr\/en\/wp-json\/wp\/v2\/product_cat?post=17131"},{"taxonomy":"product_tag","embeddable":true,"href":"https:\/\/www.livresentre2actions.fr\/en\/wp-json\/wp\/v2\/product_tag?post=17131"}],"curies":[{"name":"wp","href":"https:\/\/api.w.org\/{rel}","templated":true}]}}