{"id":17043,"date":"2025-12-11T15:51:09","date_gmt":"2025-12-11T14:51:09","guid":{"rendered":"https:\/\/www.livresentre2actions.fr\/?post_type=product&#038;p=17043"},"modified":"2025-12-11T15:51:13","modified_gmt":"2025-12-11T14:51:13","slug":"art-its-laws-and-the-reason-for-them-samuel-p-long","status":"publish","type":"product","link":"https:\/\/www.livresentre2actions.fr\/en\/product\/art-its-laws-and-the-reason-for-them-samuel-p-long\/","title":{"rendered":"Art, Its Laws, And The Reason For Them &#8211; Samuel P. Long"},"content":{"rendered":"<p>Art, Its Laws, And The Reason For Them : Collected, Considered And Arranged For General And Educational Purposes<\/p>\n<p>Samuel P. Long\u00a0 &#8211; Lee and Shepard Publishers<\/p>\n<p>Pleine percaline verte \u00e9diteur, dos long orn\u00e9 des titre et auteur, 206 x 145, 248p. Avec index. 1871. \u00c9dition originale. Avec 9 planches pleine page dont frontispice et 4 sous serpente. Un ex-libris au titre ; rousseurs marginales. Reliure frott\u00e9e surtout en coiffe. Bon exemplaire bien ferme. \u00c9crit par Samuel P. Long en 1876, il s\u2019agit d\u2019un recueil d&rsquo;essais, d&rsquo;id\u00e9es et de principes relatifs au monde de l&rsquo;art, con\u00e7u \u00e0 des fins g\u00e9n\u00e9rales et p\u00e9dagogiques. Sont abord\u00e9es : les lois de l&rsquo;art et leurs fondements (couleur, composition, perspective, ou encore histoire de l&rsquo;art et \u00e9volution des diff\u00e9rentes formes artistiques.<\/p>","protected":false},"excerpt":{"rendered":"<p>Art, Its Laws, And The Reason For Them : Collected, Considered And Arranged For General And Educational Purposes Samuel P. Long\u00a0 &#8211; Lee and Shepard Publishers Pleine percaline verte \u00e9diteur, dos long orn\u00e9 des titre et auteur, 206 x 145, 248p. Avec index. 1871. \u00c9dition originale. Avec 9 planches pleine page dont frontispice et 4 &#8230; <a title=\"Art, Its Laws, And The Reason For Them &#8211; Samuel P. Long\" class=\"read-more\" href=\"https:\/\/www.livresentre2actions.fr\/en\/product\/art-its-laws-and-the-reason-for-them-samuel-p-long\/\" aria-label=\"Read more about Art, Its Laws, And The Reason For Them &#8211; Samuel P. Long\">Read more<\/a><\/p>","protected":false},"featured_media":17044,"template":"","meta":{"_eb_attr":""},"product_brand":[],"product_cat":[36,75,71],"product_tag":[],"class_list":{"0":"post-17043","1":"product","2":"type-product","3":"status-publish","4":"has-post-thumbnail","6":"product_cat-entre-le-xviiieme-et-le-xixeme-siecle","7":"product_cat-art","8":"product_cat-illustres-modernes-editions-originales-signees-numerotees","9":"sales-flash-overlay","10":"woocommerce-text-align-center","11":"woocommerce-image-align-center","12":"wc-has-gallery","14":"first","15":"instock","16":"taxable","17":"shipping-taxable","18":"purchasable","19":"product-type-simple"},"aioseo_notices":[],"_links":{"self":[{"href":"https:\/\/www.livresentre2actions.fr\/en\/wp-json\/wp\/v2\/product\/17043","targetHints":{"allow":["GET"]}}],"collection":[{"href":"https:\/\/www.livresentre2actions.fr\/en\/wp-json\/wp\/v2\/product"}],"about":[{"href":"https:\/\/www.livresentre2actions.fr\/en\/wp-json\/wp\/v2\/types\/product"}],"wp:featuredmedia":[{"embeddable":true,"href":"https:\/\/www.livresentre2actions.fr\/en\/wp-json\/wp\/v2\/media\/17044"}],"wp:attachment":[{"href":"https:\/\/www.livresentre2actions.fr\/en\/wp-json\/wp\/v2\/media?parent=17043"}],"wp:term":[{"taxonomy":"product_brand","embeddable":true,"href":"https:\/\/www.livresentre2actions.fr\/en\/wp-json\/wp\/v2\/product_brand?post=17043"},{"taxonomy":"product_cat","embeddable":true,"href":"https:\/\/www.livresentre2actions.fr\/en\/wp-json\/wp\/v2\/product_cat?post=17043"},{"taxonomy":"product_tag","embeddable":true,"href":"https:\/\/www.livresentre2actions.fr\/en\/wp-json\/wp\/v2\/product_tag?post=17043"}],"curies":[{"name":"wp","href":"https:\/\/api.w.org\/{rel}","templated":true}]}}