{"id":17027,"date":"2025-12-11T15:39:56","date_gmt":"2025-12-11T14:39:56","guid":{"rendered":"https:\/\/www.livresentre2actions.fr\/?post_type=product&#038;p=17027"},"modified":"2025-12-11T15:51:46","modified_gmt":"2025-12-11T14:51:46","slug":"la-germanie-tacite","status":"publish","type":"product","link":"https:\/\/www.livresentre2actions.fr\/en\/product\/la-germanie-tacite\/","title":{"rendered":"La Germanie, Tacite"},"content":{"rendered":"<p>C.L.F. Panckouke &#8211; Cartonnage l\u00e9opard\u00e9 \u00e0 dos long orn\u00e9 d\u2019une pi\u00e8ce de titre en maroquin noir, tranches vein\u00e9es 214 x 134, 331p. Avec table. 1824. Taduction de C.L.F. Panckouke avec un nouveau commentaire extrait de Montesquieu et des principaux publicistes. Introduction, i-xcvij\u00a0; table des chapitres, 5p. Puis le texte. Traduction en vis-\u00e0-vis sur deux pages, avec commentaires en pied de page. Int\u00e9rieur propre, rousseurs marginales. Des frottements \u00e0 la reliure mais ensemble tr\u00e8s bon. Bel exemplaire bien ferme.<\/p>","protected":false},"excerpt":{"rendered":"<p>C.L.F. Panckouke &#8211; Cartonnage l\u00e9opard\u00e9 \u00e0 dos long orn\u00e9 d\u2019une pi\u00e8ce de titre en maroquin noir, tranches vein\u00e9es 214 x 134, 331p. Avec table. 1824. Taduction de C.L.F. Panckouke avec un nouveau commentaire extrait de Montesquieu et des principaux publicistes. Introduction, i-xcvij\u00a0; table des chapitres, 5p. Puis le texte. Traduction en vis-\u00e0-vis sur deux pages, &#8230; <a title=\"La Germanie, Tacite\" class=\"read-more\" href=\"https:\/\/www.livresentre2actions.fr\/en\/product\/la-germanie-tacite\/\" aria-label=\"Read more about La Germanie, Tacite\">Read more<\/a><\/p>","protected":false},"featured_media":17028,"template":"","meta":{"_eb_attr":""},"product_brand":[],"product_cat":[36,73],"product_tag":[86],"class_list":{"0":"post-17027","1":"product","2":"type-product","3":"status-publish","4":"has-post-thumbnail","6":"product_cat-entre-le-xviiieme-et-le-xixeme-siecle","7":"product_cat-histoires-et-recits-de-voyage","8":"product_tag-illustre","9":"sales-flash-overlay","10":"woocommerce-text-align-center","11":"woocommerce-image-align-center","12":"wc-has-gallery","14":"first","15":"instock","16":"taxable","17":"shipping-taxable","18":"purchasable","19":"product-type-simple"},"aioseo_notices":[],"_links":{"self":[{"href":"https:\/\/www.livresentre2actions.fr\/en\/wp-json\/wp\/v2\/product\/17027","targetHints":{"allow":["GET"]}}],"collection":[{"href":"https:\/\/www.livresentre2actions.fr\/en\/wp-json\/wp\/v2\/product"}],"about":[{"href":"https:\/\/www.livresentre2actions.fr\/en\/wp-json\/wp\/v2\/types\/product"}],"wp:featuredmedia":[{"embeddable":true,"href":"https:\/\/www.livresentre2actions.fr\/en\/wp-json\/wp\/v2\/media\/17028"}],"wp:attachment":[{"href":"https:\/\/www.livresentre2actions.fr\/en\/wp-json\/wp\/v2\/media?parent=17027"}],"wp:term":[{"taxonomy":"product_brand","embeddable":true,"href":"https:\/\/www.livresentre2actions.fr\/en\/wp-json\/wp\/v2\/product_brand?post=17027"},{"taxonomy":"product_cat","embeddable":true,"href":"https:\/\/www.livresentre2actions.fr\/en\/wp-json\/wp\/v2\/product_cat?post=17027"},{"taxonomy":"product_tag","embeddable":true,"href":"https:\/\/www.livresentre2actions.fr\/en\/wp-json\/wp\/v2\/product_tag?post=17027"}],"curies":[{"name":"wp","href":"https:\/\/api.w.org\/{rel}","templated":true}]}}