{"id":16995,"date":"2025-12-10T20:56:27","date_gmt":"2025-12-10T19:56:27","guid":{"rendered":"https:\/\/www.livresentre2actions.fr\/?post_type=product&#038;p=16995"},"modified":"2025-12-10T20:56:59","modified_gmt":"2025-12-10T19:56:59","slug":"discours-et-melanges-litteraires-m-villemain","status":"publish","type":"product","link":"https:\/\/www.livresentre2actions.fr\/en\/product\/discours-et-melanges-litteraires-m-villemain\/","title":{"rendered":"Discours et m\u00e9langes litt\u00e9raires &#8211; M. Villemain"},"content":{"rendered":"<p>Chez Ladvocat Libraire &#8211; Joli plein veau marbr\u00e9, dos long orn\u00e9 d\u2019une pi\u00e8ce de titre en maroquin rouge, et joliment d\u00e9cor\u00e9, toutes tranches marbr\u00e9es, 210 x 130, 432p. 1723. Avec une tr\u00e8s belle vignette de remise de prix du Coll\u00e8ge Royal de Charlemagne, sign\u00e9 du proviseur et tamponn\u00e9. Int\u00e9rieur propre, rousseurs marginales, un cahier qui sort l\u00e9g\u00e8rement. Reliure en bel \u00e9tat g\u00e9n\u00e9ral, dos avec frottements et \u00e9pidermures, notamment en coiffe et queue. Bon exemplaire bien ferme.<\/p>","protected":false},"excerpt":{"rendered":"<p>Chez Ladvocat Libraire &#8211; Joli plein veau marbr\u00e9, dos long orn\u00e9 d\u2019une pi\u00e8ce de titre en maroquin rouge, et joliment d\u00e9cor\u00e9, toutes tranches marbr\u00e9es, 210 x 130, 432p. 1723. Avec une tr\u00e8s belle vignette de remise de prix du Coll\u00e8ge Royal de Charlemagne, sign\u00e9 du proviseur et tamponn\u00e9. Int\u00e9rieur propre, rousseurs marginales, un cahier qui &#8230; <a title=\"Discours et m\u00e9langes litt\u00e9raires &#8211; M. Villemain\" class=\"read-more\" href=\"https:\/\/www.livresentre2actions.fr\/en\/product\/discours-et-melanges-litteraires-m-villemain\/\" aria-label=\"Read more about Discours et m\u00e9langes litt\u00e9raires &#8211; M. Villemain\">Read more<\/a><\/p>","protected":false},"featured_media":16996,"template":"","meta":{"_eb_attr":""},"product_brand":[],"product_cat":[36,76],"product_tag":[94],"class_list":{"0":"post-16995","1":"product","2":"type-product","3":"status-publish","4":"has-post-thumbnail","6":"product_cat-entre-le-xviiieme-et-le-xixeme-siecle","7":"product_cat-poesie-theatre-prose","8":"product_tag-provenance","9":"sales-flash-overlay","10":"woocommerce-text-align-center","11":"woocommerce-image-align-center","12":"wc-has-gallery","14":"first","15":"instock","16":"taxable","17":"shipping-taxable","18":"purchasable","19":"product-type-simple"},"aioseo_notices":[],"_links":{"self":[{"href":"https:\/\/www.livresentre2actions.fr\/en\/wp-json\/wp\/v2\/product\/16995","targetHints":{"allow":["GET"]}}],"collection":[{"href":"https:\/\/www.livresentre2actions.fr\/en\/wp-json\/wp\/v2\/product"}],"about":[{"href":"https:\/\/www.livresentre2actions.fr\/en\/wp-json\/wp\/v2\/types\/product"}],"wp:featuredmedia":[{"embeddable":true,"href":"https:\/\/www.livresentre2actions.fr\/en\/wp-json\/wp\/v2\/media\/16996"}],"wp:attachment":[{"href":"https:\/\/www.livresentre2actions.fr\/en\/wp-json\/wp\/v2\/media?parent=16995"}],"wp:term":[{"taxonomy":"product_brand","embeddable":true,"href":"https:\/\/www.livresentre2actions.fr\/en\/wp-json\/wp\/v2\/product_brand?post=16995"},{"taxonomy":"product_cat","embeddable":true,"href":"https:\/\/www.livresentre2actions.fr\/en\/wp-json\/wp\/v2\/product_cat?post=16995"},{"taxonomy":"product_tag","embeddable":true,"href":"https:\/\/www.livresentre2actions.fr\/en\/wp-json\/wp\/v2\/product_tag?post=16995"}],"curies":[{"name":"wp","href":"https:\/\/api.w.org\/{rel}","templated":true}]}}