{"id":16879,"date":"2025-12-09T15:43:09","date_gmt":"2025-12-09T14:43:09","guid":{"rendered":"https:\/\/www.livresentre2actions.fr\/?post_type=product&#038;p=16879"},"modified":"2025-12-15T17:53:15","modified_gmt":"2025-12-15T16:53:15","slug":"lu-un-siecle-dhabillages-et-de-boites-mythiques-2","status":"publish","type":"product","link":"https:\/\/www.livresentre2actions.fr\/en\/product\/lu-un-siecle-dhabillages-et-de-boites-mythiques-2\/","title":{"rendered":"LU, Un si\u00e8cle d&rsquo;habillages et de bo\u00eetes mythiques&#8230;"},"content":{"rendered":"<p>Olivier Fruneau-Maigret<\/p>\n<p>Broch\u00e9 \u00e0 rabats, 220 x 164, 127p. 2010, Excellent exemplaire, propre, int\u00e8gre, bien ferme, proche du neuf<\/p>","protected":false},"excerpt":{"rendered":"<p>Olivier Fruneau-Maigret Broch\u00e9 \u00e0 rabats, 220 x 164, 127p. 2010, Excellent exemplaire, propre, int\u00e8gre, bien ferme, proche du neuf<\/p>","protected":false},"featured_media":0,"template":"","meta":{"_eb_attr":""},"product_brand":[],"product_cat":[37,75,74,72,71],"product_tag":[],"class_list":{"0":"post-16879","1":"product","2":"type-product","3":"status-publish","5":"product_cat-a-partir-du-xxeme-siecle","6":"product_cat-art","7":"product_cat-collections","8":"product_cat-divers","9":"product_cat-illustres-modernes-editions-originales-signees-numerotees","10":"sales-flash-overlay","11":"woocommerce-text-align-center","12":"woocommerce-image-align-center","14":"first","15":"outofstock","16":"taxable","17":"shipping-taxable","18":"purchasable","19":"product-type-simple"},"aioseo_notices":[],"_links":{"self":[{"href":"https:\/\/www.livresentre2actions.fr\/en\/wp-json\/wp\/v2\/product\/16879","targetHints":{"allow":["GET"]}}],"collection":[{"href":"https:\/\/www.livresentre2actions.fr\/en\/wp-json\/wp\/v2\/product"}],"about":[{"href":"https:\/\/www.livresentre2actions.fr\/en\/wp-json\/wp\/v2\/types\/product"}],"wp:attachment":[{"href":"https:\/\/www.livresentre2actions.fr\/en\/wp-json\/wp\/v2\/media?parent=16879"}],"wp:term":[{"taxonomy":"product_brand","embeddable":true,"href":"https:\/\/www.livresentre2actions.fr\/en\/wp-json\/wp\/v2\/product_brand?post=16879"},{"taxonomy":"product_cat","embeddable":true,"href":"https:\/\/www.livresentre2actions.fr\/en\/wp-json\/wp\/v2\/product_cat?post=16879"},{"taxonomy":"product_tag","embeddable":true,"href":"https:\/\/www.livresentre2actions.fr\/en\/wp-json\/wp\/v2\/product_tag?post=16879"}],"curies":[{"name":"wp","href":"https:\/\/api.w.org\/{rel}","templated":true}]}}