{"id":16868,"date":"2025-12-08T15:50:19","date_gmt":"2025-12-08T14:50:19","guid":{"rendered":"https:\/\/www.livresentre2actions.fr\/?post_type=product&#038;p=16868"},"modified":"2025-12-08T15:50:19","modified_gmt":"2025-12-08T14:50:19","slug":"jean-dubuffet-oeuvre-grave-et-oeuvres-du-pas-de-calais","status":"publish","type":"product","link":"https:\/\/www.livresentre2actions.fr\/en\/product\/jean-dubuffet-oeuvre-grave-et-oeuvres-du-pas-de-calais\/","title":{"rendered":"Jean Dubuffet. \u0152uvre grav\u00e9 et \u0153uvres du Pas-De-Calais"},"content":{"rendered":"<p>Broch\u00e9, 210 x 242, 50p.\u00a0 1995. Mus\u00e9e du Touquet. Except\u00e9 une mention tamponn\u00e9 en garde \u00ab\u00a0Mus\u00e9e du Touquet\u00a0\u00bb, tr\u00e8s bel exemplaire, prorpe, int\u00e8gre, bien ferme, proche du neuf.<\/p>","protected":false},"excerpt":{"rendered":"<p>Broch\u00e9, 210 x 242, 50p.\u00a0 1995. Mus\u00e9e du Touquet. Except\u00e9 une mention tamponn\u00e9 en garde \u00ab\u00a0Mus\u00e9e du Touquet\u00a0\u00bb, tr\u00e8s bel exemplaire, prorpe, int\u00e8gre, bien ferme, proche du neuf.<\/p>","protected":false},"featured_media":16869,"template":"","meta":{"_eb_attr":""},"product_brand":[],"product_cat":[37,75,71,81],"product_tag":[],"class_list":{"0":"post-16868","1":"product","2":"type-product","3":"status-publish","4":"has-post-thumbnail","6":"product_cat-a-partir-du-xxeme-siecle","7":"product_cat-art","8":"product_cat-illustres-modernes-editions-originales-signees-numerotees","9":"product_cat-hauts-de-france","10":"sales-flash-overlay","11":"woocommerce-text-align-center","12":"woocommerce-image-align-center","13":"wc-has-gallery","15":"first","16":"instock","17":"taxable","18":"shipping-taxable","19":"purchasable","20":"product-type-simple"},"aioseo_notices":[],"_links":{"self":[{"href":"https:\/\/www.livresentre2actions.fr\/en\/wp-json\/wp\/v2\/product\/16868","targetHints":{"allow":["GET"]}}],"collection":[{"href":"https:\/\/www.livresentre2actions.fr\/en\/wp-json\/wp\/v2\/product"}],"about":[{"href":"https:\/\/www.livresentre2actions.fr\/en\/wp-json\/wp\/v2\/types\/product"}],"wp:featuredmedia":[{"embeddable":true,"href":"https:\/\/www.livresentre2actions.fr\/en\/wp-json\/wp\/v2\/media\/16869"}],"wp:attachment":[{"href":"https:\/\/www.livresentre2actions.fr\/en\/wp-json\/wp\/v2\/media?parent=16868"}],"wp:term":[{"taxonomy":"product_brand","embeddable":true,"href":"https:\/\/www.livresentre2actions.fr\/en\/wp-json\/wp\/v2\/product_brand?post=16868"},{"taxonomy":"product_cat","embeddable":true,"href":"https:\/\/www.livresentre2actions.fr\/en\/wp-json\/wp\/v2\/product_cat?post=16868"},{"taxonomy":"product_tag","embeddable":true,"href":"https:\/\/www.livresentre2actions.fr\/en\/wp-json\/wp\/v2\/product_tag?post=16868"}],"curies":[{"name":"wp","href":"https:\/\/api.w.org\/{rel}","templated":true}]}}