{"id":16830,"date":"2025-12-08T15:31:02","date_gmt":"2025-12-08T14:31:02","guid":{"rendered":"https:\/\/www.livresentre2actions.fr\/?post_type=product&#038;p=16830"},"modified":"2025-12-08T15:31:25","modified_gmt":"2025-12-08T14:31:25","slug":"le-grand-conde-h-malo","status":"publish","type":"product","link":"https:\/\/www.livresentre2actions.fr\/en\/product\/le-grand-conde-h-malo\/","title":{"rendered":"Le Grand Cond\u00e9 &#8211; H. Malo"},"content":{"rendered":"<p>Editions Albin Michel &#8211; 1937 Reliure plein simili-chagrin lie de vin, \u00e0 dos long orn\u00e9. 2 tranches jasp\u00e9es rouges. 202 x 145, 512 p. 1937. Edition originale, avec hommage sign\u00e9 de l&rsquo;auteur \u00e0 Fernand Rahier. Int\u00e9rieur l\u00e9g\u00e8rement insol\u00e9 mais propre et int\u00e8gre. Reliure en excellent \u00e9tat, propre et int\u00e8gre.<\/p>","protected":false},"excerpt":{"rendered":"<p>Editions Albin Michel &#8211; 1937 Reliure plein simili-chagrin lie de vin, \u00e0 dos long orn\u00e9. 2 tranches jasp\u00e9es rouges. 202 x 145, 512 p. 1937. Edition originale, avec hommage sign\u00e9 de l&rsquo;auteur \u00e0 Fernand Rahier. Int\u00e9rieur l\u00e9g\u00e8rement insol\u00e9 mais propre et int\u00e8gre. Reliure en excellent \u00e9tat, propre et int\u00e8gre.<\/p>","protected":false},"featured_media":16831,"template":"","meta":{"_eb_attr":""},"product_brand":[],"product_cat":[37,71,73],"product_tag":[87],"class_list":{"0":"post-16830","1":"product","2":"type-product","3":"status-publish","4":"has-post-thumbnail","6":"product_cat-a-partir-du-xxeme-siecle","7":"product_cat-illustres-modernes-editions-originales-signees-numerotees","8":"product_cat-histoires-et-recits-de-voyage","9":"product_tag-signe","10":"sales-flash-overlay","11":"woocommerce-text-align-center","12":"woocommerce-image-align-center","13":"wc-has-gallery","15":"first","16":"instock","17":"taxable","18":"shipping-taxable","19":"purchasable","20":"product-type-simple"},"aioseo_notices":[],"_links":{"self":[{"href":"https:\/\/www.livresentre2actions.fr\/en\/wp-json\/wp\/v2\/product\/16830","targetHints":{"allow":["GET"]}}],"collection":[{"href":"https:\/\/www.livresentre2actions.fr\/en\/wp-json\/wp\/v2\/product"}],"about":[{"href":"https:\/\/www.livresentre2actions.fr\/en\/wp-json\/wp\/v2\/types\/product"}],"wp:featuredmedia":[{"embeddable":true,"href":"https:\/\/www.livresentre2actions.fr\/en\/wp-json\/wp\/v2\/media\/16831"}],"wp:attachment":[{"href":"https:\/\/www.livresentre2actions.fr\/en\/wp-json\/wp\/v2\/media?parent=16830"}],"wp:term":[{"taxonomy":"product_brand","embeddable":true,"href":"https:\/\/www.livresentre2actions.fr\/en\/wp-json\/wp\/v2\/product_brand?post=16830"},{"taxonomy":"product_cat","embeddable":true,"href":"https:\/\/www.livresentre2actions.fr\/en\/wp-json\/wp\/v2\/product_cat?post=16830"},{"taxonomy":"product_tag","embeddable":true,"href":"https:\/\/www.livresentre2actions.fr\/en\/wp-json\/wp\/v2\/product_tag?post=16830"}],"curies":[{"name":"wp","href":"https:\/\/api.w.org\/{rel}","templated":true}]}}