{"id":16822,"date":"2025-12-08T15:28:14","date_gmt":"2025-12-08T14:28:14","guid":{"rendered":"https:\/\/www.livresentre2actions.fr\/?post_type=product&#038;p=16822"},"modified":"2025-12-08T15:31:36","modified_gmt":"2025-12-08T14:31:36","slug":"laurent-le-magnifique-m-brion","status":"publish","type":"product","link":"https:\/\/www.livresentre2actions.fr\/en\/product\/laurent-le-magnifique-m-brion\/","title":{"rendered":"Laurent Le Magnifique &#8211; M. Brion"},"content":{"rendered":"<p>Editions Albin Michel &#8211; 1937 Reliure plein simili-chagrin lie de vin, \u00e0 dos long orn\u00e9. 2 tranches jasp\u00e9es rouges. 202 x 145, 512 p. 1937. Edition originale, avec d\u00e9dicace sign\u00e9e de l&rsquo;auteur en page de faux-titre \u00e0 Fernand Rahier, lequel en pied de page envoie au \u00ab\u00a0Camarade Belpaire\u00a0\u00bb. Int\u00e9rieur l\u00e9g\u00e8rement insol\u00e9 mais propre et int\u00e8gre. Reliure en excellent \u00e9tat, propre et int\u00e8gre.<\/p>","protected":false},"excerpt":{"rendered":"<p>Editions Albin Michel &#8211; 1937 Reliure plein simili-chagrin lie de vin, \u00e0 dos long orn\u00e9. 2 tranches jasp\u00e9es rouges. 202 x 145, 512 p. 1937. Edition originale, avec d\u00e9dicace sign\u00e9e de l&rsquo;auteur en page de faux-titre \u00e0 Fernand Rahier, lequel en pied de page envoie au \u00ab\u00a0Camarade Belpaire\u00a0\u00bb. Int\u00e9rieur l\u00e9g\u00e8rement insol\u00e9 mais propre et int\u00e8gre. &#8230; <a title=\"Laurent Le Magnifique &#8211; M. Brion\" class=\"read-more\" href=\"https:\/\/www.livresentre2actions.fr\/en\/product\/laurent-le-magnifique-m-brion\/\" aria-label=\"Read more about Laurent Le Magnifique &#8211; M. Brion\">Read more<\/a><\/p>","protected":false},"featured_media":16823,"template":"","meta":{"_eb_attr":""},"product_brand":[],"product_cat":[37,71,73],"product_tag":[87],"class_list":{"0":"post-16822","1":"product","2":"type-product","3":"status-publish","4":"has-post-thumbnail","6":"product_cat-a-partir-du-xxeme-siecle","7":"product_cat-illustres-modernes-editions-originales-signees-numerotees","8":"product_cat-histoires-et-recits-de-voyage","9":"product_tag-signe","10":"sales-flash-overlay","11":"woocommerce-text-align-center","12":"woocommerce-image-align-center","13":"wc-has-gallery","15":"first","16":"instock","17":"taxable","18":"shipping-taxable","19":"purchasable","20":"product-type-simple"},"aioseo_notices":[],"_links":{"self":[{"href":"https:\/\/www.livresentre2actions.fr\/en\/wp-json\/wp\/v2\/product\/16822","targetHints":{"allow":["GET"]}}],"collection":[{"href":"https:\/\/www.livresentre2actions.fr\/en\/wp-json\/wp\/v2\/product"}],"about":[{"href":"https:\/\/www.livresentre2actions.fr\/en\/wp-json\/wp\/v2\/types\/product"}],"wp:featuredmedia":[{"embeddable":true,"href":"https:\/\/www.livresentre2actions.fr\/en\/wp-json\/wp\/v2\/media\/16823"}],"wp:attachment":[{"href":"https:\/\/www.livresentre2actions.fr\/en\/wp-json\/wp\/v2\/media?parent=16822"}],"wp:term":[{"taxonomy":"product_brand","embeddable":true,"href":"https:\/\/www.livresentre2actions.fr\/en\/wp-json\/wp\/v2\/product_brand?post=16822"},{"taxonomy":"product_cat","embeddable":true,"href":"https:\/\/www.livresentre2actions.fr\/en\/wp-json\/wp\/v2\/product_cat?post=16822"},{"taxonomy":"product_tag","embeddable":true,"href":"https:\/\/www.livresentre2actions.fr\/en\/wp-json\/wp\/v2\/product_tag?post=16822"}],"curies":[{"name":"wp","href":"https:\/\/api.w.org\/{rel}","templated":true}]}}