{"id":16760,"date":"2025-12-05T19:16:51","date_gmt":"2025-12-05T18:16:51","guid":{"rendered":"https:\/\/www.livresentre2actions.fr\/?post_type=product&#038;p=16760"},"modified":"2025-12-05T19:16:52","modified_gmt":"2025-12-05T18:16:52","slug":"la-cathedrale-joris-karl-huysmans","status":"publish","type":"product","link":"https:\/\/www.livresentre2actions.fr\/en\/product\/la-cathedrale-joris-karl-huysmans\/","title":{"rendered":"La cath\u00e9drale, Joris-Karl Huysmans"},"content":{"rendered":"<p>Plon Nourrit &#8211; Demi-veau rouge \u00e0 coins, dos long joliment d\u00e9cor\u00e9, pi\u00e8ces de titre et d\u2019auteur en maroquin noir, tranche de t\u00eate dor\u00e9e, couvertures conserv\u00e9es, signet, 132 x 128, 378p. 1908. Int\u00e9rieur tr\u00e8s bon, propre et int\u00e8gre. Reliure en tr\u00e8s bel \u00e9tat, quelques l\u00e9g\u00e8res griffes superficielles, petites \u00e9pidermures au dos, dos pass\u00e9. Bel exemplaire bien ferme.<\/p>","protected":false},"excerpt":{"rendered":"<p>Plon Nourrit &#8211; Demi-veau rouge \u00e0 coins, dos long joliment d\u00e9cor\u00e9, pi\u00e8ces de titre et d\u2019auteur en maroquin noir, tranche de t\u00eate dor\u00e9e, couvertures conserv\u00e9es, signet, 132 x 128, 378p. 1908. Int\u00e9rieur tr\u00e8s bon, propre et int\u00e8gre. Reliure en tr\u00e8s bel \u00e9tat, quelques l\u00e9g\u00e8res griffes superficielles, petites \u00e9pidermures au dos, dos pass\u00e9. Bel exemplaire bien &#8230; <a title=\"La cath\u00e9drale, Joris-Karl Huysmans\" class=\"read-more\" href=\"https:\/\/www.livresentre2actions.fr\/en\/product\/la-cathedrale-joris-karl-huysmans\/\" aria-label=\"Read more about La cath\u00e9drale, Joris-Karl Huysmans\">Read more<\/a><\/p>","protected":false},"featured_media":16761,"template":"","meta":{"_eb_attr":""},"product_brand":[],"product_cat":[37,76],"product_tag":[],"class_list":{"0":"post-16760","1":"product","2":"type-product","3":"status-publish","4":"has-post-thumbnail","6":"product_cat-a-partir-du-xxeme-siecle","7":"product_cat-poesie-theatre-prose","8":"sales-flash-overlay","9":"woocommerce-text-align-center","10":"woocommerce-image-align-center","11":"wc-has-gallery","13":"first","14":"instock","15":"taxable","16":"shipping-taxable","17":"purchasable","18":"product-type-simple"},"aioseo_notices":[],"_links":{"self":[{"href":"https:\/\/www.livresentre2actions.fr\/en\/wp-json\/wp\/v2\/product\/16760","targetHints":{"allow":["GET"]}}],"collection":[{"href":"https:\/\/www.livresentre2actions.fr\/en\/wp-json\/wp\/v2\/product"}],"about":[{"href":"https:\/\/www.livresentre2actions.fr\/en\/wp-json\/wp\/v2\/types\/product"}],"wp:featuredmedia":[{"embeddable":true,"href":"https:\/\/www.livresentre2actions.fr\/en\/wp-json\/wp\/v2\/media\/16761"}],"wp:attachment":[{"href":"https:\/\/www.livresentre2actions.fr\/en\/wp-json\/wp\/v2\/media?parent=16760"}],"wp:term":[{"taxonomy":"product_brand","embeddable":true,"href":"https:\/\/www.livresentre2actions.fr\/en\/wp-json\/wp\/v2\/product_brand?post=16760"},{"taxonomy":"product_cat","embeddable":true,"href":"https:\/\/www.livresentre2actions.fr\/en\/wp-json\/wp\/v2\/product_cat?post=16760"},{"taxonomy":"product_tag","embeddable":true,"href":"https:\/\/www.livresentre2actions.fr\/en\/wp-json\/wp\/v2\/product_tag?post=16760"}],"curies":[{"name":"wp","href":"https:\/\/api.w.org\/{rel}","templated":true}]}}