{"id":16749,"date":"2025-12-05T19:02:13","date_gmt":"2025-12-05T18:02:13","guid":{"rendered":"https:\/\/www.livresentre2actions.fr\/?post_type=product&#038;p=16749"},"modified":"2025-12-05T19:02:13","modified_gmt":"2025-12-05T18:02:13","slug":"le-secret-des-grands-guerisseurs-le-sage","status":"publish","type":"product","link":"https:\/\/www.livresentre2actions.fr\/en\/product\/le-secret-des-grands-guerisseurs-le-sage\/","title":{"rendered":"Le secret des grands gu\u00e9risseurs &#8211; Le Sage"},"content":{"rendered":"<p>Chez Paul Leymarie &#8211; Broch\u00e9, 227 x 141, 252p. Hors table. 1931. Edition originale. Int\u00e9rieur propre, 5 pages corn\u00e9es. Exemplaire qui a \u00e9t\u00e9 prot\u00e9g\u00e9 en premi\u00e8re de couverture par une feuille cartonn\u00e9e avec reproduction de la page de titre, couverture conserv\u00e9e\u00a0; de m\u00eame en fin de volume mais sans conservation de la couverture d\u2019origine. Une papier bleu couvre ce cartonnage qui se d\u00e9colle le long du dos. Quelques rousseurs sur ces couvertures. Exemplaire bien ferme.<\/p>","protected":false},"excerpt":{"rendered":"<p>Chez Paul Leymarie &#8211; Broch\u00e9, 227 x 141, 252p. Hors table. 1931. Edition originale. Int\u00e9rieur propre, 5 pages corn\u00e9es. Exemplaire qui a \u00e9t\u00e9 prot\u00e9g\u00e9 en premi\u00e8re de couverture par une feuille cartonn\u00e9e avec reproduction de la page de titre, couverture conserv\u00e9e\u00a0; de m\u00eame en fin de volume mais sans conservation de la couverture d\u2019origine. Une &#8230; <a title=\"Le secret des grands gu\u00e9risseurs &#8211; Le Sage\" class=\"read-more\" href=\"https:\/\/www.livresentre2actions.fr\/en\/product\/le-secret-des-grands-guerisseurs-le-sage\/\" aria-label=\"Read more about Le secret des grands gu\u00e9risseurs &#8211; Le Sage\">Read more<\/a><\/p>","protected":false},"featured_media":16750,"template":"","meta":{"_eb_attr":""},"product_brand":[],"product_cat":[37,70,68],"product_tag":[],"class_list":{"0":"post-16749","1":"product","2":"type-product","3":"status-publish","4":"has-post-thumbnail","6":"product_cat-a-partir-du-xxeme-siecle","7":"product_cat-medecine-et-nature","8":"product_cat-religion-spiritualite","9":"sales-flash-overlay","10":"woocommerce-text-align-center","11":"woocommerce-image-align-center","12":"wc-has-gallery","14":"first","15":"instock","16":"taxable","17":"shipping-taxable","18":"purchasable","19":"product-type-simple"},"aioseo_notices":[],"_links":{"self":[{"href":"https:\/\/www.livresentre2actions.fr\/en\/wp-json\/wp\/v2\/product\/16749","targetHints":{"allow":["GET"]}}],"collection":[{"href":"https:\/\/www.livresentre2actions.fr\/en\/wp-json\/wp\/v2\/product"}],"about":[{"href":"https:\/\/www.livresentre2actions.fr\/en\/wp-json\/wp\/v2\/types\/product"}],"wp:featuredmedia":[{"embeddable":true,"href":"https:\/\/www.livresentre2actions.fr\/en\/wp-json\/wp\/v2\/media\/16750"}],"wp:attachment":[{"href":"https:\/\/www.livresentre2actions.fr\/en\/wp-json\/wp\/v2\/media?parent=16749"}],"wp:term":[{"taxonomy":"product_brand","embeddable":true,"href":"https:\/\/www.livresentre2actions.fr\/en\/wp-json\/wp\/v2\/product_brand?post=16749"},{"taxonomy":"product_cat","embeddable":true,"href":"https:\/\/www.livresentre2actions.fr\/en\/wp-json\/wp\/v2\/product_cat?post=16749"},{"taxonomy":"product_tag","embeddable":true,"href":"https:\/\/www.livresentre2actions.fr\/en\/wp-json\/wp\/v2\/product_tag?post=16749"}],"curies":[{"name":"wp","href":"https:\/\/api.w.org\/{rel}","templated":true}]}}