{"id":16655,"date":"2025-09-26T10:08:02","date_gmt":"2025-09-26T08:08:02","guid":{"rendered":"https:\/\/www.livresentre2actions.fr\/?post_type=product&#038;p=16655"},"modified":"2025-11-26T10:12:04","modified_gmt":"2025-11-26T09:12:04","slug":"emile-male-lart-religieux-du-xiieme-siecle-en-france","status":"publish","type":"product","link":"https:\/\/www.livresentre2actions.fr\/en\/product\/emile-male-lart-religieux-du-xiieme-siecle-en-france\/","title":{"rendered":"Emile M\u00e2le &#8211; L\u2019art religieux du XII\u00e8me si\u00e8cle en France"},"content":{"rendered":"<p>Etude sur les origines de l\u2019iconographie du Moyen-\u00c2ge &#8211;<\/p>\n<p>Librairie Armand Colin &#8211; Pleine toile verte \u00e0 dos long orn\u00e9 d\u2019une pi\u00e8ce de titre noire, couvertures conserv\u00e9es, 254 x 233, 463p. Avec table. 1953. Int\u00e9rieur tr\u00e8s bon, propre et int\u00e8gre. Pleine toile propre et int\u00e8gre, coin de pied de la pi\u00e8ce de titre qui se d\u00e9collent l\u00e9g\u00e8rement. \u00c9galement en stock\u00a0dans la m\u00eame reliure\u00a0: L\u2019art religieux du XIII\u00e8me si\u00e8cle.<\/p>","protected":false},"excerpt":{"rendered":"<p>Etude sur les origines de l\u2019iconographie du Moyen-\u00c2ge &#8211; Librairie Armand Colin &#8211; Pleine toile verte \u00e0 dos long orn\u00e9 d\u2019une pi\u00e8ce de titre noire, couvertures conserv\u00e9es, 254 x 233, 463p. Avec table. 1953. Int\u00e9rieur tr\u00e8s bon, propre et int\u00e8gre. Pleine toile propre et int\u00e8gre, coin de pied de la pi\u00e8ce de titre qui se &#8230; <a title=\"Emile M\u00e2le &#8211; L\u2019art religieux du XII\u00e8me si\u00e8cle en France\" class=\"read-more\" href=\"https:\/\/www.livresentre2actions.fr\/en\/product\/emile-male-lart-religieux-du-xiieme-siecle-en-france\/\" aria-label=\"Read more about Emile M\u00e2le &#8211; L\u2019art religieux du XII\u00e8me si\u00e8cle en France\">Read more<\/a><\/p>","protected":false},"featured_media":16656,"template":"","meta":{"_eb_attr":""},"product_brand":[],"product_cat":[37,75,71,68],"product_tag":[86],"class_list":{"0":"post-16655","1":"product","2":"type-product","3":"status-publish","4":"has-post-thumbnail","6":"product_cat-a-partir-du-xxeme-siecle","7":"product_cat-art","8":"product_cat-illustres-modernes-editions-originales-signees-numerotees","9":"product_cat-religion-spiritualite","10":"product_tag-illustre","11":"sales-flash-overlay","12":"woocommerce-text-align-center","13":"woocommerce-image-align-center","14":"wc-has-gallery","16":"first","17":"instock","18":"taxable","19":"shipping-taxable","20":"purchasable","21":"product-type-simple"},"aioseo_notices":[],"_links":{"self":[{"href":"https:\/\/www.livresentre2actions.fr\/en\/wp-json\/wp\/v2\/product\/16655","targetHints":{"allow":["GET"]}}],"collection":[{"href":"https:\/\/www.livresentre2actions.fr\/en\/wp-json\/wp\/v2\/product"}],"about":[{"href":"https:\/\/www.livresentre2actions.fr\/en\/wp-json\/wp\/v2\/types\/product"}],"wp:featuredmedia":[{"embeddable":true,"href":"https:\/\/www.livresentre2actions.fr\/en\/wp-json\/wp\/v2\/media\/16656"}],"wp:attachment":[{"href":"https:\/\/www.livresentre2actions.fr\/en\/wp-json\/wp\/v2\/media?parent=16655"}],"wp:term":[{"taxonomy":"product_brand","embeddable":true,"href":"https:\/\/www.livresentre2actions.fr\/en\/wp-json\/wp\/v2\/product_brand?post=16655"},{"taxonomy":"product_cat","embeddable":true,"href":"https:\/\/www.livresentre2actions.fr\/en\/wp-json\/wp\/v2\/product_cat?post=16655"},{"taxonomy":"product_tag","embeddable":true,"href":"https:\/\/www.livresentre2actions.fr\/en\/wp-json\/wp\/v2\/product_tag?post=16655"}],"curies":[{"name":"wp","href":"https:\/\/api.w.org\/{rel}","templated":true}]}}