{"id":16648,"date":"2025-08-25T18:07:29","date_gmt":"2025-08-25T16:07:29","guid":{"rendered":"https:\/\/www.livresentre2actions.fr\/?post_type=product&#038;p=16648"},"modified":"2025-11-25T18:08:50","modified_gmt":"2025-11-25T17:08:50","slug":"un-garage-en-picardie-une-concession-citroen-de-mouy-a-clermont","status":"publish","type":"product","link":"https:\/\/www.livresentre2actions.fr\/en\/product\/un-garage-en-picardie-une-concession-citroen-de-mouy-a-clermont\/","title":{"rendered":"Un garage en Picardie &#8211; Une concession Citro\u00ebn, de Mouy \u00e0 Clermont"},"content":{"rendered":"<p>Editions Daniel Bordet. Broch\u00e9 \u00e0 rabats, 220 x 164, 70p. 2009, Excellent exemplaire, propre, int\u00e8gre, bien ferme, proche du neuf<\/p>","protected":false},"excerpt":{"rendered":"<p>Editions Daniel Bordet. Broch\u00e9 \u00e0 rabats, 220 x 164, 70p. 2009, Excellent exemplaire, propre, int\u00e8gre, bien ferme, proche du neuf<\/p>","protected":false},"featured_media":16649,"template":"","meta":{"_eb_attr":""},"product_brand":[],"product_cat":[37,74,71,81],"product_tag":[86],"class_list":{"0":"post-16648","1":"product","2":"type-product","3":"status-publish","4":"has-post-thumbnail","6":"product_cat-a-partir-du-xxeme-siecle","7":"product_cat-collections","8":"product_cat-illustres-modernes-editions-originales-signees-numerotees","9":"product_cat-hauts-de-france","10":"product_tag-illustre","11":"sales-flash-overlay","12":"woocommerce-text-align-center","13":"woocommerce-image-align-center","14":"wc-has-gallery","16":"first","17":"instock","18":"taxable","19":"shipping-taxable","20":"purchasable","21":"product-type-simple"},"aioseo_notices":[],"_links":{"self":[{"href":"https:\/\/www.livresentre2actions.fr\/en\/wp-json\/wp\/v2\/product\/16648","targetHints":{"allow":["GET"]}}],"collection":[{"href":"https:\/\/www.livresentre2actions.fr\/en\/wp-json\/wp\/v2\/product"}],"about":[{"href":"https:\/\/www.livresentre2actions.fr\/en\/wp-json\/wp\/v2\/types\/product"}],"wp:featuredmedia":[{"embeddable":true,"href":"https:\/\/www.livresentre2actions.fr\/en\/wp-json\/wp\/v2\/media\/16649"}],"wp:attachment":[{"href":"https:\/\/www.livresentre2actions.fr\/en\/wp-json\/wp\/v2\/media?parent=16648"}],"wp:term":[{"taxonomy":"product_brand","embeddable":true,"href":"https:\/\/www.livresentre2actions.fr\/en\/wp-json\/wp\/v2\/product_brand?post=16648"},{"taxonomy":"product_cat","embeddable":true,"href":"https:\/\/www.livresentre2actions.fr\/en\/wp-json\/wp\/v2\/product_cat?post=16648"},{"taxonomy":"product_tag","embeddable":true,"href":"https:\/\/www.livresentre2actions.fr\/en\/wp-json\/wp\/v2\/product_tag?post=16648"}],"curies":[{"name":"wp","href":"https:\/\/api.w.org\/{rel}","templated":true}]}}