{"id":16640,"date":"2025-08-25T18:01:23","date_gmt":"2025-08-25T16:01:23","guid":{"rendered":"https:\/\/www.livresentre2actions.fr\/?post_type=product&#038;p=16640"},"modified":"2025-11-25T18:08:28","modified_gmt":"2025-11-25T17:08:28","slug":"lu-un-siecle-dhabillages-et-de-boites-mythiques","status":"publish","type":"product","link":"https:\/\/www.livresentre2actions.fr\/en\/product\/lu-un-siecle-dhabillages-et-de-boites-mythiques\/","title":{"rendered":"LU, Un si\u00e8cle d&rsquo;habillages et de bo\u00eetes mythiques&#8230;"},"content":{"rendered":"<p>Olivier Fruneau-Maigret &#8211; Editions Daniel Bordet<\/p>\n<p>Broch\u00e9 \u00e0 rabats, 220 x 164, 127p. 2010, Excellent exemplaire, propre, int\u00e8gre, bien ferme, proche du neuf<\/p>","protected":false},"excerpt":{"rendered":"<p>Olivier Fruneau-Maigret &#8211; Editions Daniel Bordet Broch\u00e9 \u00e0 rabats, 220 x 164, 127p. 2010, Excellent exemplaire, propre, int\u00e8gre, bien ferme, proche du neuf<\/p>","protected":false},"featured_media":16641,"template":"","meta":{"_eb_attr":""},"product_brand":[],"product_cat":[37,75,74,72,71],"product_tag":[86],"class_list":{"0":"post-16640","1":"product","2":"type-product","3":"status-publish","4":"has-post-thumbnail","6":"product_cat-a-partir-du-xxeme-siecle","7":"product_cat-art","8":"product_cat-collections","9":"product_cat-divers","10":"product_cat-illustres-modernes-editions-originales-signees-numerotees","11":"product_tag-illustre","12":"sales-flash-overlay","13":"woocommerce-text-align-center","14":"woocommerce-image-align-center","15":"wc-has-gallery","17":"first","18":"instock","19":"taxable","20":"shipping-taxable","21":"purchasable","22":"product-type-simple"},"aioseo_notices":[],"_links":{"self":[{"href":"https:\/\/www.livresentre2actions.fr\/en\/wp-json\/wp\/v2\/product\/16640","targetHints":{"allow":["GET"]}}],"collection":[{"href":"https:\/\/www.livresentre2actions.fr\/en\/wp-json\/wp\/v2\/product"}],"about":[{"href":"https:\/\/www.livresentre2actions.fr\/en\/wp-json\/wp\/v2\/types\/product"}],"wp:featuredmedia":[{"embeddable":true,"href":"https:\/\/www.livresentre2actions.fr\/en\/wp-json\/wp\/v2\/media\/16641"}],"wp:attachment":[{"href":"https:\/\/www.livresentre2actions.fr\/en\/wp-json\/wp\/v2\/media?parent=16640"}],"wp:term":[{"taxonomy":"product_brand","embeddable":true,"href":"https:\/\/www.livresentre2actions.fr\/en\/wp-json\/wp\/v2\/product_brand?post=16640"},{"taxonomy":"product_cat","embeddable":true,"href":"https:\/\/www.livresentre2actions.fr\/en\/wp-json\/wp\/v2\/product_cat?post=16640"},{"taxonomy":"product_tag","embeddable":true,"href":"https:\/\/www.livresentre2actions.fr\/en\/wp-json\/wp\/v2\/product_tag?post=16640"}],"curies":[{"name":"wp","href":"https:\/\/api.w.org\/{rel}","templated":true}]}}