{"id":16632,"date":"2025-08-25T17:56:46","date_gmt":"2025-08-25T15:56:46","guid":{"rendered":"https:\/\/www.livresentre2actions.fr\/?post_type=product&#038;p=16632"},"modified":"2025-11-25T17:57:26","modified_gmt":"2025-11-25T16:57:26","slug":"les-cent-plus-belles-images-de-pierre-probst-le-papa-de-carolinet","status":"publish","type":"product","link":"https:\/\/www.livresentre2actions.fr\/en\/product\/les-cent-plus-belles-images-de-pierre-probst-le-papa-de-carolinet\/","title":{"rendered":"Les cent plus belles images de Pierre Probst&#8230;le papa de Carolinet"},"content":{"rendered":"<p>Editions Parimagine. Broch\u00e9 \u00e0 rabats, 220 x164, 118p. 2008. Excellent exemplaire, propre, int\u00e8gre, bien ferme. proche du neuf<\/p>","protected":false},"excerpt":{"rendered":"<p>Editions Parimagine. Broch\u00e9 \u00e0 rabats, 220 x164, 118p. 2008. Excellent exemplaire, propre, int\u00e8gre, bien ferme. proche du neuf<\/p>","protected":false},"featured_media":16633,"template":"","meta":{"_eb_attr":""},"product_brand":[],"product_cat":[37,75,74,72,71],"product_tag":[86],"class_list":{"0":"post-16632","1":"product","2":"type-product","3":"status-publish","4":"has-post-thumbnail","6":"product_cat-a-partir-du-xxeme-siecle","7":"product_cat-art","8":"product_cat-collections","9":"product_cat-divers","10":"product_cat-illustres-modernes-editions-originales-signees-numerotees","11":"product_tag-illustre","12":"sales-flash-overlay","13":"woocommerce-text-align-center","14":"woocommerce-image-align-center","15":"wc-has-gallery","17":"first","18":"instock","19":"taxable","20":"shipping-taxable","21":"purchasable","22":"product-type-simple"},"aioseo_notices":[],"_links":{"self":[{"href":"https:\/\/www.livresentre2actions.fr\/en\/wp-json\/wp\/v2\/product\/16632","targetHints":{"allow":["GET"]}}],"collection":[{"href":"https:\/\/www.livresentre2actions.fr\/en\/wp-json\/wp\/v2\/product"}],"about":[{"href":"https:\/\/www.livresentre2actions.fr\/en\/wp-json\/wp\/v2\/types\/product"}],"wp:featuredmedia":[{"embeddable":true,"href":"https:\/\/www.livresentre2actions.fr\/en\/wp-json\/wp\/v2\/media\/16633"}],"wp:attachment":[{"href":"https:\/\/www.livresentre2actions.fr\/en\/wp-json\/wp\/v2\/media?parent=16632"}],"wp:term":[{"taxonomy":"product_brand","embeddable":true,"href":"https:\/\/www.livresentre2actions.fr\/en\/wp-json\/wp\/v2\/product_brand?post=16632"},{"taxonomy":"product_cat","embeddable":true,"href":"https:\/\/www.livresentre2actions.fr\/en\/wp-json\/wp\/v2\/product_cat?post=16632"},{"taxonomy":"product_tag","embeddable":true,"href":"https:\/\/www.livresentre2actions.fr\/en\/wp-json\/wp\/v2\/product_tag?post=16632"}],"curies":[{"name":"wp","href":"https:\/\/api.w.org\/{rel}","templated":true}]}}