{"id":16624,"date":"2025-11-25T17:37:21","date_gmt":"2025-11-25T16:37:21","guid":{"rendered":"https:\/\/www.livresentre2actions.fr\/?post_type=product&#038;p=16624"},"modified":"2025-11-26T12:11:35","modified_gmt":"2025-11-26T11:11:35","slug":"alphonse-pfyffer-de-la-compagnie-de-jesus-paul-mury","status":"publish","type":"product","link":"https:\/\/www.livresentre2actions.fr\/en\/product\/alphonse-pfyffer-de-la-compagnie-de-jesus-paul-mury\/","title":{"rendered":"Alphonse Pfyffer de la Compagnie de J\u00e9sus &#8211; Paul Mury"},"content":{"rendered":"<p>Brasseur, Dunkerque (Lith. et autogr.) Broch\u00e9, dos muet adh\u00e9siv\u00e9, 240 x 160, non pagin\u00e9, 1882. 92p Premi\u00e8re et unique \u00e9dition semble-t-il. Frontispice. Int\u00e9rieur propre, rousseurs marginales. Ex-dono barr\u00e9 en page de garde. Couvertures insol\u00e9es avec quelques rousseurs, petits manques en coins, et un reste \u00e9tiquette en couverture. Bon exemplaire bien ferme.<\/p>","protected":false},"excerpt":{"rendered":"<p>Brasseur, Dunkerque (Lith. et autogr.) Broch\u00e9, dos muet adh\u00e9siv\u00e9, 240 x 160, non pagin\u00e9, 1882. 92p Premi\u00e8re et unique \u00e9dition semble-t-il. Frontispice. Int\u00e9rieur propre, rousseurs marginales. Ex-dono barr\u00e9 en page de garde. Couvertures insol\u00e9es avec quelques rousseurs, petits manques en coins, et un reste \u00e9tiquette en couverture. Bon exemplaire bien ferme.<\/p>","protected":false},"featured_media":16625,"template":"","meta":{"_eb_attr":""},"product_brand":[],"product_cat":[36,71,81,68],"product_tag":[],"class_list":{"0":"post-16624","1":"product","2":"type-product","3":"status-publish","4":"has-post-thumbnail","6":"product_cat-entre-le-xviiieme-et-le-xixeme-siecle","7":"product_cat-illustres-modernes-editions-originales-signees-numerotees","8":"product_cat-hauts-de-france","9":"product_cat-religion-spiritualite","10":"sales-flash-overlay","11":"woocommerce-text-align-center","12":"woocommerce-image-align-center","13":"wc-has-gallery","15":"first","16":"instock","17":"taxable","18":"shipping-taxable","19":"purchasable","20":"product-type-simple"},"aioseo_notices":[],"_links":{"self":[{"href":"https:\/\/www.livresentre2actions.fr\/en\/wp-json\/wp\/v2\/product\/16624","targetHints":{"allow":["GET"]}}],"collection":[{"href":"https:\/\/www.livresentre2actions.fr\/en\/wp-json\/wp\/v2\/product"}],"about":[{"href":"https:\/\/www.livresentre2actions.fr\/en\/wp-json\/wp\/v2\/types\/product"}],"wp:featuredmedia":[{"embeddable":true,"href":"https:\/\/www.livresentre2actions.fr\/en\/wp-json\/wp\/v2\/media\/16625"}],"wp:attachment":[{"href":"https:\/\/www.livresentre2actions.fr\/en\/wp-json\/wp\/v2\/media?parent=16624"}],"wp:term":[{"taxonomy":"product_brand","embeddable":true,"href":"https:\/\/www.livresentre2actions.fr\/en\/wp-json\/wp\/v2\/product_brand?post=16624"},{"taxonomy":"product_cat","embeddable":true,"href":"https:\/\/www.livresentre2actions.fr\/en\/wp-json\/wp\/v2\/product_cat?post=16624"},{"taxonomy":"product_tag","embeddable":true,"href":"https:\/\/www.livresentre2actions.fr\/en\/wp-json\/wp\/v2\/product_tag?post=16624"}],"curies":[{"name":"wp","href":"https:\/\/api.w.org\/{rel}","templated":true}]}}