{"id":16599,"date":"2025-10-19T15:32:18","date_gmt":"2025-10-19T13:32:18","guid":{"rendered":"https:\/\/www.livresentre2actions.fr\/?post_type=product&#038;p=16599"},"modified":"2025-11-19T15:32:50","modified_gmt":"2025-11-19T14:32:50","slug":"correspondance-politique-adressee-au-magistrat-de-strasbourg","status":"publish","type":"product","link":"https:\/\/www.livresentre2actions.fr\/en\/product\/correspondance-politique-adressee-au-magistrat-de-strasbourg\/","title":{"rendered":"Correspondance politique adress\u00e9e au magistrat de Strasbourg"},"content":{"rendered":"<p>Correspondance politique adress\u00e9e au magistrat de Strasbourg par ses agents \u00e0 Metz ( 1594-1683) tir\u00e9e des Archives municipales de Strasbourg et publi\u00e9e pour la premi\u00e8re fois avec notes explicatives et tables<\/p>\n<p>E. de Bouteiller &amp; Eug\u00e8ne Hepp &#8211; Berger-Levrault<\/p>\n<p>Broch\u00e9, 253 x 168, 463p. 1882. Avec table. Premi\u00e8re \u00e9dition sur papier courant.\u00a0 Int\u00e9rieur propre et int\u00e8gre, rousseurs en marge, l\u00e9g\u00e8res, int\u00e9gralement non coup\u00e9. Mais exemplaire avec le dos cass\u00e9, qui se d\u00e9broche. Couvertures et dos insol\u00e9s mais sans manque.<\/p>","protected":false},"excerpt":{"rendered":"<p>Correspondance politique adress\u00e9e au magistrat de Strasbourg par ses agents \u00e0 Metz ( 1594-1683) tir\u00e9e des Archives municipales de Strasbourg et publi\u00e9e pour la premi\u00e8re fois avec notes explicatives et tables E. de Bouteiller &amp; Eug\u00e8ne Hepp &#8211; Berger-Levrault Broch\u00e9, 253 x 168, 463p. 1882. Avec table. Premi\u00e8re \u00e9dition sur papier courant.\u00a0 Int\u00e9rieur propre et &#8230; <a title=\"Correspondance politique adress\u00e9e au magistrat de Strasbourg\" class=\"read-more\" href=\"https:\/\/www.livresentre2actions.fr\/en\/product\/correspondance-politique-adressee-au-magistrat-de-strasbourg\/\" aria-label=\"Read more about Correspondance politique adress\u00e9e au magistrat de Strasbourg\">Read more<\/a><\/p>","protected":false},"featured_media":16600,"template":"","meta":{"_eb_attr":""},"product_brand":[],"product_cat":[36,73,97],"product_tag":[],"class_list":{"0":"post-16599","1":"product","2":"type-product","3":"status-publish","4":"has-post-thumbnail","6":"product_cat-entre-le-xviiieme-et-le-xixeme-siecle","7":"product_cat-histoires-et-recits-de-voyage","8":"product_cat-regionalia-divers","9":"sales-flash-overlay","10":"woocommerce-text-align-center","11":"woocommerce-image-align-center","12":"wc-has-gallery","14":"first","15":"instock","16":"taxable","17":"shipping-taxable","18":"purchasable","19":"product-type-simple"},"aioseo_notices":[],"_links":{"self":[{"href":"https:\/\/www.livresentre2actions.fr\/en\/wp-json\/wp\/v2\/product\/16599","targetHints":{"allow":["GET"]}}],"collection":[{"href":"https:\/\/www.livresentre2actions.fr\/en\/wp-json\/wp\/v2\/product"}],"about":[{"href":"https:\/\/www.livresentre2actions.fr\/en\/wp-json\/wp\/v2\/types\/product"}],"wp:featuredmedia":[{"embeddable":true,"href":"https:\/\/www.livresentre2actions.fr\/en\/wp-json\/wp\/v2\/media\/16600"}],"wp:attachment":[{"href":"https:\/\/www.livresentre2actions.fr\/en\/wp-json\/wp\/v2\/media?parent=16599"}],"wp:term":[{"taxonomy":"product_brand","embeddable":true,"href":"https:\/\/www.livresentre2actions.fr\/en\/wp-json\/wp\/v2\/product_brand?post=16599"},{"taxonomy":"product_cat","embeddable":true,"href":"https:\/\/www.livresentre2actions.fr\/en\/wp-json\/wp\/v2\/product_cat?post=16599"},{"taxonomy":"product_tag","embeddable":true,"href":"https:\/\/www.livresentre2actions.fr\/en\/wp-json\/wp\/v2\/product_tag?post=16599"}],"curies":[{"name":"wp","href":"https:\/\/api.w.org\/{rel}","templated":true}]}}