{"id":16565,"date":"2025-11-19T11:27:11","date_gmt":"2025-11-19T10:27:11","guid":{"rendered":"https:\/\/www.livresentre2actions.fr\/?post_type=product&#038;p=16565"},"modified":"2025-11-19T11:27:12","modified_gmt":"2025-11-19T10:27:12","slug":"saint-gregoire-de-naziance-opera-omnia","status":"publish","type":"product","link":"https:\/\/www.livresentre2actions.fr\/en\/product\/saint-gregoire-de-naziance-opera-omnia\/","title":{"rendered":"Saint-Gr\u00e9goire de Naziance &#8211; Opera omnia"},"content":{"rendered":"<p>\u03a4\u03bf\u03c5 \u03b5\u03bd \u03b1\u03b3\u03b9\u03bf\u03b9\u03c2 \u03c0\u03b1\u03c4\u03c1\u03bf\u03c2 \u03b5\u03bc\u03bf\u03bd \u0393\u03c1\u03b5\u03b3\u03bf\u03c1\u03b9\u03b9 \u03c4\u03bf\u03c5 \u03b8\u03b5\u03bf\u03bb\u03bf\u03b3\u03b9, \u03b1\u03c1\u03c7\u03b9\u03b5\u03c0\u03b9\u03c3\u03ba\u03bf\u03c0\u03b9 \u03ba\u03bf\u03bd\u03c3\u03c4\u03b1\u03bd\u03c4\u03b9\u03bd\u03bf\u03c0\u03bf\u03bb\u03b9\u03c4\u03b1\u03bd\u03b9 \u03c4\u03b1 \u03b5\u03c5\u0313\u03c1\u03b9\u03c3\u03c7\u03bf\u03bc\u03b5\u03bd\u03b1 \u03c0\u03b1\u03bd\u03c4\u03b1. Sancti patris nostri Gregorii theologi, vulgo nazianzeni, archiepiscopi constantinopolitani Opera omnia quae extant vel ejus nomine circumferuntur, Ad Mss. Codices Gallicanos, Vaticanos, Germanicos, Anglicos, nec non ad antiquiores Editiones castigata ; multis aucta, &amp;c. &amp;c. Opera\u0302 &amp; studio Monachorum Ordinis sancti Benedicti e\u0300 Congregatione sancti Mauri. 2 tomes complet &#8211;<\/p>\n<p>Saint-Gr\u00e9goire de Naziance &#8211; Paris, Desaint, 1778 &amp;1840, Paris, Parent-Desbarres &amp; Perisse<\/p>\n<p>In-folio plein veau, dois long orn\u00e9 de pi\u00e8ces de titre et tomaison en maroquin rouge, dos d\u00e9cor\u00e9, tranches caillout\u00e9es bleues, plats \u00e0 encadrement frise dor\u00e9e, 412 x 270, 1778 et 1840. Premi\u00e8re \u00e9dition compl\u00e8te des \u0153uvres Saint Gr\u00e9goire de Naziance, \u00e9tablie par les b\u00e9n\u00e9dictins de la congr\u00e9gation de Saint Maur.<\/p>\n<p>Vignette grav\u00e9e au titre et joli bandeau d\u2019ent\u00eate grav\u00e9e par Charles-Etienne Gaucher et dessin\u00e9 par de Sene.<\/p>\n<p>T1, Orationes, 967p. Avec Appendice et Index rerum et verborum, Index locorum scripturae. Texte sur deux colonnes grec et latin en vis-\u00e0-vis, notes et commentaires en pied de page et en marge. In fine ; operum novam editionem. Praefaiio generalis, pagin\u00e9 j-lxxviij ; Vita sancti Gregorii lxxix \u2013 clxv ; les adresses diverses, clxvj-cxcv ; divers index dont index oriationum, cxcvj-ccj. Pour ce volume : coins, plats et champs frott\u00e9s avec fortes \u00e9pidermures ; coins \u00e9mouss\u00e9s. Dos frott\u00e9s avec \u00e9pidermures ; mors sup\u00e9rieur fendu en t\u00eate avec d\u00e9but de d\u00e9chirure de la t\u00eate de dos ; coiffe et queue aras\u00e9es ; mors inf\u00e9rieur fendu en pied avec d\u00e9chirure et petits manques.<\/p>\n<p>T2, Epistolae, (texte sur deux colonnes grec et latin en vis-\u00e0-vis, notes et commentaires en pied de page et en marge. ), Carmina (texte grec et latin en vis-\u00e0-vis sur double page), 1395p. Avec Appendice et Index rerum et verborum. In fine : praefacio novi edotionem ; index epistolarum, index poematum, iv \u2013 xxiij. Reliure de ce volume tr\u00e8s accident\u00e9e : coins, champs plats frott\u00e9s, coins \u00e9mouss\u00e9s, travail de vers sur les plats ; dos avec manque, la parie restante ayant \u00e9t\u00e9 recoll\u00e9e.<\/p>\n<p>Le second volume \u00e9tait d\u00e9j\u00e0 pr\u00eat avant la r\u00e9volution mais le manuscrit ne fut retrouv\u00e9 qu\u2019apr\u00e8s, certains exemplaires portant la date 1840 et d\u2019autres 1842.<\/p>","protected":false},"excerpt":{"rendered":"<p>\u03a4\u03bf\u03c5 \u03b5\u03bd \u03b1\u03b3\u03b9\u03bf\u03b9\u03c2 \u03c0\u03b1\u03c4\u03c1\u03bf\u03c2 \u03b5\u03bc\u03bf\u03bd \u0393\u03c1\u03b5\u03b3\u03bf\u03c1\u03b9\u03b9 \u03c4\u03bf\u03c5 \u03b8\u03b5\u03bf\u03bb\u03bf\u03b3\u03b9, \u03b1\u03c1\u03c7\u03b9\u03b5\u03c0\u03b9\u03c3\u03ba\u03bf\u03c0\u03b9 \u03ba\u03bf\u03bd\u03c3\u03c4\u03b1\u03bd\u03c4\u03b9\u03bd\u03bf\u03c0\u03bf\u03bb\u03b9\u03c4\u03b1\u03bd\u03b9 \u03c4\u03b1 \u03b5\u03c5\u0313\u03c1\u03b9\u03c3\u03c7\u03bf\u03bc\u03b5\u03bd\u03b1 \u03c0\u03b1\u03bd\u03c4\u03b1. Sancti patris nostri Gregorii theologi, vulgo nazianzeni, archiepiscopi constantinopolitani Opera omnia quae extant vel ejus nomine circumferuntur, Ad Mss. Codices Gallicanos, Vaticanos, Germanicos, Anglicos, nec non ad antiquiores Editiones castigata ; multis aucta, &amp;c. &amp;c. Opera\u0302 &amp; studio Monachorum Ordinis sancti Benedicti &#8230; <a title=\"Saint-Gr\u00e9goire de Naziance &#8211; Opera omnia\" class=\"read-more\" href=\"https:\/\/www.livresentre2actions.fr\/en\/product\/saint-gregoire-de-naziance-opera-omnia\/\" aria-label=\"Read more about Saint-Gr\u00e9goire de Naziance &#8211; Opera omnia\">Read more<\/a><\/p>","protected":false},"featured_media":16566,"template":"","meta":{"_eb_attr":""},"product_brand":[],"product_cat":[36,71,68],"product_tag":[],"class_list":{"0":"post-16565","1":"product","2":"type-product","3":"status-publish","4":"has-post-thumbnail","6":"product_cat-entre-le-xviiieme-et-le-xixeme-siecle","7":"product_cat-illustres-modernes-editions-originales-signees-numerotees","8":"product_cat-religion-spiritualite","9":"sales-flash-overlay","10":"woocommerce-text-align-center","11":"woocommerce-image-align-center","12":"wc-has-gallery","14":"first","15":"instock","16":"taxable","17":"shipping-taxable","18":"purchasable","19":"product-type-simple"},"aioseo_notices":[],"_links":{"self":[{"href":"https:\/\/www.livresentre2actions.fr\/en\/wp-json\/wp\/v2\/product\/16565","targetHints":{"allow":["GET"]}}],"collection":[{"href":"https:\/\/www.livresentre2actions.fr\/en\/wp-json\/wp\/v2\/product"}],"about":[{"href":"https:\/\/www.livresentre2actions.fr\/en\/wp-json\/wp\/v2\/types\/product"}],"wp:featuredmedia":[{"embeddable":true,"href":"https:\/\/www.livresentre2actions.fr\/en\/wp-json\/wp\/v2\/media\/16566"}],"wp:attachment":[{"href":"https:\/\/www.livresentre2actions.fr\/en\/wp-json\/wp\/v2\/media?parent=16565"}],"wp:term":[{"taxonomy":"product_brand","embeddable":true,"href":"https:\/\/www.livresentre2actions.fr\/en\/wp-json\/wp\/v2\/product_brand?post=16565"},{"taxonomy":"product_cat","embeddable":true,"href":"https:\/\/www.livresentre2actions.fr\/en\/wp-json\/wp\/v2\/product_cat?post=16565"},{"taxonomy":"product_tag","embeddable":true,"href":"https:\/\/www.livresentre2actions.fr\/en\/wp-json\/wp\/v2\/product_tag?post=16565"}],"curies":[{"name":"wp","href":"https:\/\/api.w.org\/{rel}","templated":true}]}}