{"id":16537,"date":"2025-11-19T09:55:32","date_gmt":"2025-11-19T08:55:32","guid":{"rendered":"https:\/\/www.livresentre2actions.fr\/?post_type=product&#038;p=16537"},"modified":"2025-11-19T09:55:33","modified_gmt":"2025-11-19T08:55:33","slug":"dupuis-abrege-de-lorigine-de-tous-les-cultes","status":"publish","type":"product","link":"https:\/\/www.livresentre2actions.fr\/en\/product\/dupuis-abrege-de-lorigine-de-tous-les-cultes\/","title":{"rendered":"Dupuis &#8211; Abr\u00e9g\u00e9 de l\u2019origine de tous les cultes"},"content":{"rendered":"<p>Plein veau marbr\u00e9e, \u00e0 dos long richement orn\u00e9 de frises et de motifs aux caissons, plats orn\u00e9s d\u2019une frise, champs orn\u00e9s, toutes tranches jaunes, 210 x 133, 597p. An VI de la R\u00e9publique.<\/p>\n<p>Edition originale dans ce format. Pref et table vi-viij. Int\u00e9rieur tr\u00e8s bon, propre et int\u00e8gre. Champs et coins frott\u00e9s avec quelques \u00e9pidermures. Plats avec quelques \u00e9pidermures mais tr\u00e8s bons. Mors frott\u00e9s avec \u00e9pidermures et 2 trous de vers en mors inf\u00e9rieur, lequel est l\u00e9g\u00e8rement fendu en t\u00eate. Dos en bel \u00e9tat avec \u00e9pidermures en coiffe et queue, et un trou de ver en pied. Bel exemplaire.<\/p>\n<p>\u00c9rudit, scientifique et homme politique, Charles-Fran\u00e7ois Dupuis fait para\u00eetre en 1795, l&rsquo;Origine de tous les Cultes, ou la Religion universelle, \u00ab v\u00e9ritable br\u00e9viaire de l\u2019ath\u00e9isme philosophique \u00bb, dans lequel il d\u00e9veloppe \u00ab son syst\u00e8me \u00bb. S&rsquo;appuyant sur un vaste travail comparatif, il cherche \u00e0 y d\u00e9montrer l&rsquo;origine commune des positions religieuses et astronomiques chez les \u00c9gyptiens, les Grecs, les Chinois, les Perses et les Arabes. (\u2026) L\u2019abr\u00e9g\u00e9 donn\u00e9 en 1798 lui permet d&rsquo;atteindre un plus large public. L&rsquo;influence de l&rsquo;ouvrage est durable, perceptible dans les travaux des arch\u00e9ologues Jacques-Antoine Dulaure et Alexandre Lenoir, chez Volney ou encore chez les id\u00e9ologues, comme Destutt de Tracy. \u00bb (wikip)<\/p>","protected":false},"excerpt":{"rendered":"<p>Plein veau marbr\u00e9e, \u00e0 dos long richement orn\u00e9 de frises et de motifs aux caissons, plats orn\u00e9s d\u2019une frise, champs orn\u00e9s, toutes tranches jaunes, 210 x 133, 597p. An VI de la R\u00e9publique. Edition originale dans ce format. Pref et table vi-viij. Int\u00e9rieur tr\u00e8s bon, propre et int\u00e8gre. Champs et coins frott\u00e9s avec quelques \u00e9pidermures. &#8230; <a title=\"Dupuis &#8211; Abr\u00e9g\u00e9 de l\u2019origine de tous les cultes\" class=\"read-more\" href=\"https:\/\/www.livresentre2actions.fr\/en\/product\/dupuis-abrege-de-lorigine-de-tous-les-cultes\/\" aria-label=\"Read more about Dupuis &#8211; Abr\u00e9g\u00e9 de l\u2019origine de tous les cultes\">Read more<\/a><\/p>","protected":false},"featured_media":16538,"template":"","meta":{"_eb_attr":""},"product_brand":[],"product_cat":[36,82,68],"product_tag":[],"class_list":{"0":"post-16537","1":"product","2":"type-product","3":"status-publish","4":"has-post-thumbnail","6":"product_cat-entre-le-xviiieme-et-le-xixeme-siecle","7":"product_cat-philosophie","8":"product_cat-religion-spiritualite","9":"sales-flash-overlay","10":"woocommerce-text-align-center","11":"woocommerce-image-align-center","12":"wc-has-gallery","14":"first","15":"instock","16":"taxable","17":"shipping-taxable","18":"purchasable","19":"product-type-simple"},"aioseo_notices":[],"_links":{"self":[{"href":"https:\/\/www.livresentre2actions.fr\/en\/wp-json\/wp\/v2\/product\/16537","targetHints":{"allow":["GET"]}}],"collection":[{"href":"https:\/\/www.livresentre2actions.fr\/en\/wp-json\/wp\/v2\/product"}],"about":[{"href":"https:\/\/www.livresentre2actions.fr\/en\/wp-json\/wp\/v2\/types\/product"}],"wp:featuredmedia":[{"embeddable":true,"href":"https:\/\/www.livresentre2actions.fr\/en\/wp-json\/wp\/v2\/media\/16538"}],"wp:attachment":[{"href":"https:\/\/www.livresentre2actions.fr\/en\/wp-json\/wp\/v2\/media?parent=16537"}],"wp:term":[{"taxonomy":"product_brand","embeddable":true,"href":"https:\/\/www.livresentre2actions.fr\/en\/wp-json\/wp\/v2\/product_brand?post=16537"},{"taxonomy":"product_cat","embeddable":true,"href":"https:\/\/www.livresentre2actions.fr\/en\/wp-json\/wp\/v2\/product_cat?post=16537"},{"taxonomy":"product_tag","embeddable":true,"href":"https:\/\/www.livresentre2actions.fr\/en\/wp-json\/wp\/v2\/product_tag?post=16537"}],"curies":[{"name":"wp","href":"https:\/\/api.w.org\/{rel}","templated":true}]}}