{"id":16420,"date":"2025-11-11T19:14:34","date_gmt":"2025-11-11T18:14:34","guid":{"rendered":"https:\/\/www.livresentre2actions.fr\/?post_type=product&#038;p=16420"},"modified":"2026-04-17T13:52:33","modified_gmt":"2026-04-17T11:52:33","slug":"aquarelles-gerard-de-palezieux","status":"publish","type":"product","link":"https:\/\/www.livresentre2actions.fr\/en\/product\/aquarelles-gerard-de-palezieux\/","title":{"rendered":"Aquarelles &#8211; G\u00e9rard de Pal\u00e9zieux"},"content":{"rendered":"<p>Genoud. La Biblioth\u00e8que des arts<\/p>\n<p>Cartonnage \u00e9diteur illustr\u00e9, oblong, 224 x 236, 191p. 2009. Edition originale, un des exemplaires courants du tirage limit\u00e9 \u00e0 830, apr\u00e8s les 10 de t\u00eate et les 10 hors commerce. Excellent exemplaire, propre, int\u00e8gre, bien ferme.<\/p>","protected":false},"excerpt":{"rendered":"<p>Genoud. La Biblioth\u00e8que des arts Cartonnage \u00e9diteur illustr\u00e9, oblong, 224 x 236, 191p. 2009. Edition originale, un des exemplaires courants du tirage limit\u00e9 \u00e0 830, apr\u00e8s les 10 de t\u00eate et les 10 hors commerce. Excellent exemplaire, propre, int\u00e8gre, bien ferme.<\/p>","protected":false},"featured_media":16519,"template":"","meta":{"_eb_attr":""},"product_brand":[],"product_cat":[37,75,71],"product_tag":[],"class_list":{"0":"post-16420","1":"product","2":"type-product","3":"status-publish","4":"has-post-thumbnail","6":"product_cat-a-partir-du-xxeme-siecle","7":"product_cat-art","8":"product_cat-illustres-modernes-editions-originales-signees-numerotees","9":"sales-flash-overlay","10":"woocommerce-text-align-center","11":"woocommerce-image-align-center","12":"wc-has-gallery","14":"first","15":"outofstock","16":"taxable","17":"shipping-taxable","18":"purchasable","19":"product-type-simple"},"aioseo_notices":[],"_links":{"self":[{"href":"https:\/\/www.livresentre2actions.fr\/en\/wp-json\/wp\/v2\/product\/16420","targetHints":{"allow":["GET"]}}],"collection":[{"href":"https:\/\/www.livresentre2actions.fr\/en\/wp-json\/wp\/v2\/product"}],"about":[{"href":"https:\/\/www.livresentre2actions.fr\/en\/wp-json\/wp\/v2\/types\/product"}],"wp:featuredmedia":[{"embeddable":true,"href":"https:\/\/www.livresentre2actions.fr\/en\/wp-json\/wp\/v2\/media\/16519"}],"wp:attachment":[{"href":"https:\/\/www.livresentre2actions.fr\/en\/wp-json\/wp\/v2\/media?parent=16420"}],"wp:term":[{"taxonomy":"product_brand","embeddable":true,"href":"https:\/\/www.livresentre2actions.fr\/en\/wp-json\/wp\/v2\/product_brand?post=16420"},{"taxonomy":"product_cat","embeddable":true,"href":"https:\/\/www.livresentre2actions.fr\/en\/wp-json\/wp\/v2\/product_cat?post=16420"},{"taxonomy":"product_tag","embeddable":true,"href":"https:\/\/www.livresentre2actions.fr\/en\/wp-json\/wp\/v2\/product_tag?post=16420"}],"curies":[{"name":"wp","href":"https:\/\/api.w.org\/{rel}","templated":true}]}}