{"id":16267,"date":"2025-11-06T17:04:55","date_gmt":"2025-11-06T16:04:55","guid":{"rendered":"https:\/\/www.livresentre2actions.fr\/?post_type=product&#038;p=16267"},"modified":"2025-11-06T17:06:02","modified_gmt":"2025-11-06T16:06:02","slug":"appendix-to-the-narrative-of-a-second-voyage-in-search-of-a-north-west-passage","status":"publish","type":"product","link":"https:\/\/www.livresentre2actions.fr\/en\/product\/appendix-to-the-narrative-of-a-second-voyage-in-search-of-a-north-west-passage\/","title":{"rendered":"Appendix to the Narrative of a Second Voyage in Search of a North-West Passage"},"content":{"rendered":"<p>Appendix to the Narrative of a Second Voyage in Search of a North-West Passage, and of a Residence in the Arctic Regions During the Years 1829, 1830, 1831, 1832, 1833<\/p>\n<p>Including the Reports of\u00a0Commander, and The Discovery of the Northern Magnetic Pole<\/p>\n<p>Sir John Ross &#8211; A. W. Webster<\/p>\n<p>Plein chagrin noir \u00e0 petits grains, In 4, dos \u00e0 5 nerfs tr\u00e8s richement orn\u00e9 aux caissons, plats joliment orn\u00e9 de motifs dor\u00e9s dans un triple encadrement, tranches dor\u00e9es, large signet-ruban de soie mauve, contreplats doubl\u00e9s de soie blanche dans une encadrement guirlande dor\u00e9, 314 x 253, 1835. Edition originale. Comprend :<\/p>\n<p>xii pp. (Contents, List of plates, Preface).<\/p>\n<p>Puis : 1-120pp. Sketch of the Esquimaux found\u2026 ; Vocabulary of the English, Danish and Esquimaux langages ; The Native Population of Greenland ; Chronometers ; Aurora Borealis.<\/p>\n<p>Puis :\u00a0vi-cxliv, Account of the objects in the several departments of Natural History seen and discovered\u2026<\/p>\n<p>Puis : Appendix iv-xcvii. (Meteorology ; Latitudes and Longitudes ; List of the Subscribers).<\/p>\n<p>Frontispice (portrait grav\u00e9 de John Ross par B.R. Fanlkner et grav\u00e9 par Robert Hart] et 19 planches sous serpente dont 12 en couleurs (la plupart des dessins sont de J. Ross, grav\u00e9s (litho) par John Brandard, imprim\u00e9 par Graf &amp; Soret) ; un des dessins noir sign\u00e9 Ross est sa New theory of Aurora.<\/p>\n<p>Provenances : \u00ab Cachet Biblioth\u00e8que du Roi, Neuilly \u00bb et \u00ab Biblioth\u00e8que Ren\u00e9 Marjolin \u00bb. Int\u00e9rieur propre, quelques rousseurs, sans exc\u00e8s. Coins et champs frott\u00e9s, coins l\u00e9g\u00e8rement cogn\u00e9s et \u00e9mouss\u00e9s. Plats frott\u00e9s, mais bons, une griffe avec petite perte en plat inf\u00e9rieur. Mors frott\u00e9s avec \u00e9pidermures, un peu faibles mais int\u00e8gres. Dos frott\u00e9 avec \u00e9pidermures, en coiffe, nerfs et queue.<\/p>\n<p>Bon exemplaire dans une jolie reliure pour cette \u00e9dition originale rare de l&rsquo;Appendix de cette relation de voyage \u00e0 la recherche du Passage du Nord-Ouest.<\/p>","protected":false},"excerpt":{"rendered":"<p>Appendix to the Narrative of a Second Voyage in Search of a North-West Passage, and of a Residence in the Arctic Regions During the Years 1829, 1830, 1831, 1832, 1833 Including the Reports of\u00a0Commander, and The Discovery of the Northern Magnetic Pole Sir John Ross &#8211; A. W. Webster Plein chagrin noir \u00e0 petits grains, &#8230; <a title=\"Appendix to the Narrative of a Second Voyage in Search of a North-West Passage\" class=\"read-more\" href=\"https:\/\/www.livresentre2actions.fr\/en\/product\/appendix-to-the-narrative-of-a-second-voyage-in-search-of-a-north-west-passage\/\" aria-label=\"Read more about Appendix to the Narrative of a Second Voyage in Search of a North-West Passage\">Read more<\/a><\/p>","protected":false},"featured_media":16268,"template":"","meta":{"_eb_attr":""},"product_brand":[],"product_cat":[36,71,73,69],"product_tag":[86,94,95],"class_list":{"0":"post-16267","1":"product","2":"type-product","3":"status-publish","4":"has-post-thumbnail","6":"product_cat-entre-le-xviiieme-et-le-xixeme-siecle","7":"product_cat-illustres-modernes-editions-originales-signees-numerotees","8":"product_cat-histoires-et-recits-de-voyage","9":"product_cat-sciences-et-techniques","10":"product_tag-illustre","11":"product_tag-provenance","12":"product_tag-reliure","13":"sales-flash-overlay","14":"woocommerce-text-align-center","15":"woocommerce-image-align-center","16":"wc-has-gallery","18":"first","19":"instock","20":"taxable","21":"shipping-taxable","22":"purchasable","23":"product-type-simple"},"aioseo_notices":[],"_links":{"self":[{"href":"https:\/\/www.livresentre2actions.fr\/en\/wp-json\/wp\/v2\/product\/16267","targetHints":{"allow":["GET"]}}],"collection":[{"href":"https:\/\/www.livresentre2actions.fr\/en\/wp-json\/wp\/v2\/product"}],"about":[{"href":"https:\/\/www.livresentre2actions.fr\/en\/wp-json\/wp\/v2\/types\/product"}],"wp:featuredmedia":[{"embeddable":true,"href":"https:\/\/www.livresentre2actions.fr\/en\/wp-json\/wp\/v2\/media\/16268"}],"wp:attachment":[{"href":"https:\/\/www.livresentre2actions.fr\/en\/wp-json\/wp\/v2\/media?parent=16267"}],"wp:term":[{"taxonomy":"product_brand","embeddable":true,"href":"https:\/\/www.livresentre2actions.fr\/en\/wp-json\/wp\/v2\/product_brand?post=16267"},{"taxonomy":"product_cat","embeddable":true,"href":"https:\/\/www.livresentre2actions.fr\/en\/wp-json\/wp\/v2\/product_cat?post=16267"},{"taxonomy":"product_tag","embeddable":true,"href":"https:\/\/www.livresentre2actions.fr\/en\/wp-json\/wp\/v2\/product_tag?post=16267"}],"curies":[{"name":"wp","href":"https:\/\/api.w.org\/{rel}","templated":true}]}}