{"id":16249,"date":"2025-11-06T16:21:54","date_gmt":"2025-11-06T15:21:54","guid":{"rendered":"https:\/\/www.livresentre2actions.fr\/?post_type=product&#038;p=16249"},"modified":"2025-11-06T16:21:54","modified_gmt":"2025-11-06T15:21:54","slug":"contes-populaires-alsaciens-elsassische-volksmarchen","status":"publish","type":"product","link":"https:\/\/www.livresentre2actions.fr\/en\/product\/contes-populaires-alsaciens-elsassische-volksmarchen\/","title":{"rendered":"Contes populaires alsaciens : Els\u00e4ssische Volksm\u00e4rchen"},"content":{"rendered":"<p>G\u00e9rard Leser &#8211; Broch\u00e9, 274p. hors table. 2006. Int\u00e9rieur tr\u00e8s bon, propre et int\u00e8gre. Couvertures et dos tr\u00e8s l\u00e9g\u00e8rement insol\u00e9s, avec une tache rousse en couverture et quatri\u00e8me de couverture. Bon exemplaire bien ferme.<\/p>","protected":false},"excerpt":{"rendered":"<p>G\u00e9rard Leser &#8211; Broch\u00e9, 274p. hors table. 2006. Int\u00e9rieur tr\u00e8s bon, propre et int\u00e8gre. Couvertures et dos tr\u00e8s l\u00e9g\u00e8rement insol\u00e9s, avec une tache rousse en couverture et quatri\u00e8me de couverture. Bon exemplaire bien ferme.<\/p>","protected":false},"featured_media":16250,"template":"","meta":{"_eb_attr":""},"product_brand":[],"product_cat":[37,97],"product_tag":[],"class_list":{"0":"post-16249","1":"product","2":"type-product","3":"status-publish","4":"has-post-thumbnail","6":"product_cat-a-partir-du-xxeme-siecle","7":"product_cat-regionalia-divers","8":"sales-flash-overlay","9":"woocommerce-text-align-center","10":"woocommerce-image-align-center","11":"wc-has-gallery","13":"first","14":"instock","15":"taxable","16":"shipping-taxable","17":"purchasable","18":"product-type-simple"},"aioseo_notices":[],"_links":{"self":[{"href":"https:\/\/www.livresentre2actions.fr\/en\/wp-json\/wp\/v2\/product\/16249","targetHints":{"allow":["GET"]}}],"collection":[{"href":"https:\/\/www.livresentre2actions.fr\/en\/wp-json\/wp\/v2\/product"}],"about":[{"href":"https:\/\/www.livresentre2actions.fr\/en\/wp-json\/wp\/v2\/types\/product"}],"wp:featuredmedia":[{"embeddable":true,"href":"https:\/\/www.livresentre2actions.fr\/en\/wp-json\/wp\/v2\/media\/16250"}],"wp:attachment":[{"href":"https:\/\/www.livresentre2actions.fr\/en\/wp-json\/wp\/v2\/media?parent=16249"}],"wp:term":[{"taxonomy":"product_brand","embeddable":true,"href":"https:\/\/www.livresentre2actions.fr\/en\/wp-json\/wp\/v2\/product_brand?post=16249"},{"taxonomy":"product_cat","embeddable":true,"href":"https:\/\/www.livresentre2actions.fr\/en\/wp-json\/wp\/v2\/product_cat?post=16249"},{"taxonomy":"product_tag","embeddable":true,"href":"https:\/\/www.livresentre2actions.fr\/en\/wp-json\/wp\/v2\/product_tag?post=16249"}],"curies":[{"name":"wp","href":"https:\/\/api.w.org\/{rel}","templated":true}]}}