{"id":16238,"date":"2025-11-06T16:14:42","date_gmt":"2025-11-06T15:14:42","guid":{"rendered":"https:\/\/www.livresentre2actions.fr\/?post_type=product&#038;p=16238"},"modified":"2025-11-06T16:15:57","modified_gmt":"2025-11-06T15:15:57","slug":"les-souterrains-du-nord-pas-de-calais-bernard-bivert","status":"publish","type":"product","link":"https:\/\/www.livresentre2actions.fr\/en\/product\/les-souterrains-du-nord-pas-de-calais-bernard-bivert\/","title":{"rendered":"Les souterrains du Nord-Pas-de-Calais, Bernard Bivert"},"content":{"rendered":"<p>Broch\u00e9, 218 x 161, 358p\u00a0; 1988.Couvertures et dos l\u00e9g\u00e8rement insol\u00e9s, mais tr\u00e8s bel exemplaire, propre, int\u00e8gre, bien ferme.<\/p>","protected":false},"excerpt":{"rendered":"<p>Broch\u00e9, 218 x 161, 358p\u00a0; 1988.Couvertures et dos l\u00e9g\u00e8rement insol\u00e9s, mais tr\u00e8s bel exemplaire, propre, int\u00e8gre, bien ferme.<\/p>","protected":false},"featured_media":16239,"template":"","meta":{"_eb_attr":""},"product_brand":[],"product_cat":[37,71,81],"product_tag":[86],"class_list":{"0":"post-16238","1":"product","2":"type-product","3":"status-publish","4":"has-post-thumbnail","6":"product_cat-a-partir-du-xxeme-siecle","7":"product_cat-illustres-modernes-editions-originales-signees-numerotees","8":"product_cat-hauts-de-france","9":"product_tag-illustre","10":"sales-flash-overlay","11":"woocommerce-text-align-center","12":"woocommerce-image-align-center","13":"wc-has-gallery","15":"first","16":"instock","17":"taxable","18":"shipping-taxable","19":"purchasable","20":"product-type-simple"},"aioseo_notices":[],"_links":{"self":[{"href":"https:\/\/www.livresentre2actions.fr\/en\/wp-json\/wp\/v2\/product\/16238","targetHints":{"allow":["GET"]}}],"collection":[{"href":"https:\/\/www.livresentre2actions.fr\/en\/wp-json\/wp\/v2\/product"}],"about":[{"href":"https:\/\/www.livresentre2actions.fr\/en\/wp-json\/wp\/v2\/types\/product"}],"wp:featuredmedia":[{"embeddable":true,"href":"https:\/\/www.livresentre2actions.fr\/en\/wp-json\/wp\/v2\/media\/16239"}],"wp:attachment":[{"href":"https:\/\/www.livresentre2actions.fr\/en\/wp-json\/wp\/v2\/media?parent=16238"}],"wp:term":[{"taxonomy":"product_brand","embeddable":true,"href":"https:\/\/www.livresentre2actions.fr\/en\/wp-json\/wp\/v2\/product_brand?post=16238"},{"taxonomy":"product_cat","embeddable":true,"href":"https:\/\/www.livresentre2actions.fr\/en\/wp-json\/wp\/v2\/product_cat?post=16238"},{"taxonomy":"product_tag","embeddable":true,"href":"https:\/\/www.livresentre2actions.fr\/en\/wp-json\/wp\/v2\/product_tag?post=16238"}],"curies":[{"name":"wp","href":"https:\/\/api.w.org\/{rel}","templated":true}]}}