{"id":16181,"date":"2025-11-05T17:52:28","date_gmt":"2025-11-05T16:52:28","guid":{"rendered":"https:\/\/www.livresentre2actions.fr\/?post_type=product&#038;p=16181"},"modified":"2025-11-05T17:52:28","modified_gmt":"2025-11-05T16:52:28","slug":"histoire-dune-grande-dame-du-xviiie-siecle-la-comtesse-helene-potocka","status":"publish","type":"product","link":"https:\/\/www.livresentre2actions.fr\/en\/product\/histoire-dune-grande-dame-du-xviiie-siecle-la-comtesse-helene-potocka\/","title":{"rendered":"Histoire d\u2019une grande dame du XVIII\u00e8 si\u00e8cle. La Comtesse H\u00e9l\u00e8ne Potocka"},"content":{"rendered":"<p>L. Perey &#8211; Calmann L\u00e9vy<\/p>\n<p>Demi-chagrin lie de vin \u00e0 petits grains, orn\u00e9 des titre, auteur, \u00e0 dos faux-nerfs, 221 x 143, 439 p. Sixi\u00e8me \u00e9dition. 1888. Int\u00e9rieur avec rousseurs abondantes et odeur de vieux papier. Reliure un peu assombrie, mais bonne avec un nerfs avec griffe p\u00e9n\u00e9trante. Bon exemplaire bien ferme.<\/p>","protected":false},"excerpt":{"rendered":"<p>L. Perey &#8211; Calmann L\u00e9vy Demi-chagrin lie de vin \u00e0 petits grains, orn\u00e9 des titre, auteur, \u00e0 dos faux-nerfs, 221 x 143, 439 p. Sixi\u00e8me \u00e9dition. 1888. Int\u00e9rieur avec rousseurs abondantes et odeur de vieux papier. Reliure un peu assombrie, mais bonne avec un nerfs avec griffe p\u00e9n\u00e9trante. Bon exemplaire bien ferme.<\/p>","protected":false},"featured_media":16182,"template":"","meta":{"_eb_attr":""},"product_brand":[],"product_cat":[36,73],"product_tag":[],"class_list":{"0":"post-16181","1":"product","2":"type-product","3":"status-publish","4":"has-post-thumbnail","6":"product_cat-entre-le-xviiieme-et-le-xixeme-siecle","7":"product_cat-histoires-et-recits-de-voyage","8":"sales-flash-overlay","9":"woocommerce-text-align-center","10":"woocommerce-image-align-center","11":"wc-has-gallery","13":"first","14":"instock","15":"taxable","16":"shipping-taxable","17":"purchasable","18":"product-type-simple"},"aioseo_notices":[],"_links":{"self":[{"href":"https:\/\/www.livresentre2actions.fr\/en\/wp-json\/wp\/v2\/product\/16181","targetHints":{"allow":["GET"]}}],"collection":[{"href":"https:\/\/www.livresentre2actions.fr\/en\/wp-json\/wp\/v2\/product"}],"about":[{"href":"https:\/\/www.livresentre2actions.fr\/en\/wp-json\/wp\/v2\/types\/product"}],"wp:featuredmedia":[{"embeddable":true,"href":"https:\/\/www.livresentre2actions.fr\/en\/wp-json\/wp\/v2\/media\/16182"}],"wp:attachment":[{"href":"https:\/\/www.livresentre2actions.fr\/en\/wp-json\/wp\/v2\/media?parent=16181"}],"wp:term":[{"taxonomy":"product_brand","embeddable":true,"href":"https:\/\/www.livresentre2actions.fr\/en\/wp-json\/wp\/v2\/product_brand?post=16181"},{"taxonomy":"product_cat","embeddable":true,"href":"https:\/\/www.livresentre2actions.fr\/en\/wp-json\/wp\/v2\/product_cat?post=16181"},{"taxonomy":"product_tag","embeddable":true,"href":"https:\/\/www.livresentre2actions.fr\/en\/wp-json\/wp\/v2\/product_tag?post=16181"}],"curies":[{"name":"wp","href":"https:\/\/api.w.org\/{rel}","templated":true}]}}