{"id":16105,"date":"2025-11-03T15:07:36","date_gmt":"2025-11-03T14:07:36","guid":{"rendered":"https:\/\/www.livresentre2actions.fr\/?post_type=product&#038;p=16105"},"modified":"2025-11-03T15:07:37","modified_gmt":"2025-11-03T14:07:37","slug":"le-gaulois-du-dimanche-2-volumes-1910-1913","status":"publish","type":"product","link":"https:\/\/www.livresentre2actions.fr\/en\/product\/le-gaulois-du-dimanche-2-volumes-1910-1913\/","title":{"rendered":"Le Gaulois du dimanche, 2 volumes &#8211; 1910-1913"},"content":{"rendered":"<p>Collectif. A. Meyer dir. &#8211; Le Gaulois<\/p>\n<p>Demi percaline rouge \u00e0 dos long, orn\u00e9 d\u2019une pi\u00e8ce de titre en maroquin noir, 345 x 270. 1910-1913. Pagination multiple, au num\u00e9ro, environ 28 \u00e0 30 p. par num\u00e9ro.<\/p>\n<p>Tome 1-\u00a0 : <span style=\"font-size: inherit;\">Troisi\u00e8me ann\u00e9e, du n\u00b0107 (05-06\/02\/1910 \u2013 Sp\u00e9cial Chantecler de Rostand) au 118 (8-9\/07\/1910) ; et 5\u00e8me ann\u00e9e du n\u00b0171 (20-21\/07\/1912) au 175 (14-15\/08\/1912) ; et 196 (5-6\/07\/1913) ; soit 18 num\u00e9ros.<\/span><\/p>\n<p>T2 : du 197 (19-20\/071913) au 208 (20-21\/12\/1913). soit 12 num\u00e9ros.<\/p>\n<p>Nombreux contributeurs dans ce suppl\u00e9ment litt\u00e9raire, d\u2019actualit\u00e9, et illustr\u00e9 du Gaulois, avec des contributeurs r\u00e9guliers comme Xavier Paoli, H. de Fels, H. Lapauze ou encore Jeanne Tournier qui tient une rubrique de mode f\u00e9minine (chapeaux, dentelles, \u00e9pingles, tuniques, ombrelles\u2026) et des contributeurs occasionnels : Raymond Roussel, Andr\u00e9 Suar\u00e8s, Henri de R\u00e9gnier, Boyer d\u2019Argen, R. de Monstesquiou, Rostand, Debroka, Barr\u00e8s, Richepin, loti, d\u2019Annuzio, Mabille de Poncheville\u2026 ; et des textes de Dumas, Hugo, Gautier, Sand, Maupassant. Couvertures couleur dont celles de : A. Foa, F. Regamey, G. Plasse, Elisabeth Sonrel, S\u00e9rendat de Belzim, Tesaura Fano, L\u00e9one George, Galby, Ferdinand Oger\u2026 Planches de Sem, Capy, Rabier\u2026<span style=\"font-size: inherit;\">Et des publicit\u00e9s des maisons de cr\u00e9ation Zimmermann, Margaine-Lacroix, Bazau&#8230; <\/span><\/p>\n<p><span style=\"font-size: inherit;\">Le Gaulois \u00e9tait un grand journal mondain de la noblesse et de la haute bourgeoisie fond\u00e9 en juillet 1868 par Edmond Tarb\u00e9 des Sablons et Henri de P\u00e8ne, et repris d\u00e9finitivement en 1882 par Arthur Meyer. Tr\u00e8s bons exemplaires, propres, int\u00e8gres, bien fermes, quelques frottements et \u00e9pidermures..<\/span><\/p>","protected":false},"excerpt":{"rendered":"<p>Collectif. A. Meyer dir. &#8211; Le Gaulois Demi percaline rouge \u00e0 dos long, orn\u00e9 d\u2019une pi\u00e8ce de titre en maroquin noir, 345 x 270. 1910-1913. Pagination multiple, au num\u00e9ro, environ 28 \u00e0 30 p. par num\u00e9ro. Tome 1-\u00a0 : Troisi\u00e8me ann\u00e9e, du n\u00b0107 (05-06\/02\/1910 \u2013 Sp\u00e9cial Chantecler de Rostand) au 118 (8-9\/07\/1910) ; et 5\u00e8me &#8230; <a title=\"Le Gaulois du dimanche, 2 volumes &#8211; 1910-1913\" class=\"read-more\" href=\"https:\/\/www.livresentre2actions.fr\/en\/product\/le-gaulois-du-dimanche-2-volumes-1910-1913\/\" aria-label=\"Read more about Le Gaulois du dimanche, 2 volumes &#8211; 1910-1913\">Read more<\/a><\/p>","protected":false},"featured_media":16106,"template":"","meta":{"_eb_attr":""},"product_brand":[],"product_cat":[37,75,71,73,76,99],"product_tag":[],"class_list":{"0":"post-16105","1":"product","2":"type-product","3":"status-publish","4":"has-post-thumbnail","6":"product_cat-a-partir-du-xxeme-siecle","7":"product_cat-art","8":"product_cat-illustres-modernes-editions-originales-signees-numerotees","9":"product_cat-histoires-et-recits-de-voyage","10":"product_cat-poesie-theatre-prose","11":"product_cat-revues","12":"sales-flash-overlay","13":"woocommerce-text-align-center","14":"woocommerce-image-align-center","15":"wc-has-gallery","17":"first","18":"instock","19":"taxable","20":"shipping-taxable","21":"purchasable","22":"product-type-simple"},"aioseo_notices":[],"_links":{"self":[{"href":"https:\/\/www.livresentre2actions.fr\/en\/wp-json\/wp\/v2\/product\/16105","targetHints":{"allow":["GET"]}}],"collection":[{"href":"https:\/\/www.livresentre2actions.fr\/en\/wp-json\/wp\/v2\/product"}],"about":[{"href":"https:\/\/www.livresentre2actions.fr\/en\/wp-json\/wp\/v2\/types\/product"}],"wp:featuredmedia":[{"embeddable":true,"href":"https:\/\/www.livresentre2actions.fr\/en\/wp-json\/wp\/v2\/media\/16106"}],"wp:attachment":[{"href":"https:\/\/www.livresentre2actions.fr\/en\/wp-json\/wp\/v2\/media?parent=16105"}],"wp:term":[{"taxonomy":"product_brand","embeddable":true,"href":"https:\/\/www.livresentre2actions.fr\/en\/wp-json\/wp\/v2\/product_brand?post=16105"},{"taxonomy":"product_cat","embeddable":true,"href":"https:\/\/www.livresentre2actions.fr\/en\/wp-json\/wp\/v2\/product_cat?post=16105"},{"taxonomy":"product_tag","embeddable":true,"href":"https:\/\/www.livresentre2actions.fr\/en\/wp-json\/wp\/v2\/product_tag?post=16105"}],"curies":[{"name":"wp","href":"https:\/\/api.w.org\/{rel}","templated":true}]}}