{"id":16096,"date":"2025-11-03T14:53:01","date_gmt":"2025-11-03T13:53:01","guid":{"rendered":"https:\/\/www.livresentre2actions.fr\/?post_type=product&#038;p=16096"},"modified":"2025-11-03T14:53:02","modified_gmt":"2025-11-03T13:53:02","slug":"mary-pandora-cheung-catalogue-dexposition-2003","status":"publish","type":"product","link":"https:\/\/www.livresentre2actions.fr\/en\/product\/mary-pandora-cheung-catalogue-dexposition-2003\/","title":{"rendered":"Mary Pandora Cheung &#8211; Catalogue d&rsquo;exposition, 2003"},"content":{"rendered":"<p>Broch\u00e9, 230 x 190, 46 p. 2003. Edition originale. Page de titre, une gravure et le texte de pr\u00e9sentation du maire du 6\u00e8me arrondissement de Paris (lieu de l&rsquo;exposition) sont sur calque volant ; texte Trilingue : Chinois\/Fran\u00e7ais\/Anglais. Excellent exemplaire, propre et int\u00e8gre.<\/p>","protected":false},"excerpt":{"rendered":"<p>Broch\u00e9, 230 x 190, 46 p. 2003. Edition originale. Page de titre, une gravure et le texte de pr\u00e9sentation du maire du 6\u00e8me arrondissement de Paris (lieu de l&rsquo;exposition) sont sur calque volant ; texte Trilingue : Chinois\/Fran\u00e7ais\/Anglais. Excellent exemplaire, propre et int\u00e8gre.<\/p>","protected":false},"featured_media":16097,"template":"","meta":{"_eb_attr":""},"product_brand":[],"product_cat":[37,75,71],"product_tag":[],"class_list":{"0":"post-16096","1":"product","2":"type-product","3":"status-publish","4":"has-post-thumbnail","6":"product_cat-a-partir-du-xxeme-siecle","7":"product_cat-art","8":"product_cat-illustres-modernes-editions-originales-signees-numerotees","9":"sales-flash-overlay","10":"woocommerce-text-align-center","11":"woocommerce-image-align-center","12":"wc-has-gallery","14":"first","15":"instock","16":"taxable","17":"shipping-taxable","18":"purchasable","19":"product-type-simple"},"aioseo_notices":[],"_links":{"self":[{"href":"https:\/\/www.livresentre2actions.fr\/en\/wp-json\/wp\/v2\/product\/16096","targetHints":{"allow":["GET"]}}],"collection":[{"href":"https:\/\/www.livresentre2actions.fr\/en\/wp-json\/wp\/v2\/product"}],"about":[{"href":"https:\/\/www.livresentre2actions.fr\/en\/wp-json\/wp\/v2\/types\/product"}],"wp:featuredmedia":[{"embeddable":true,"href":"https:\/\/www.livresentre2actions.fr\/en\/wp-json\/wp\/v2\/media\/16097"}],"wp:attachment":[{"href":"https:\/\/www.livresentre2actions.fr\/en\/wp-json\/wp\/v2\/media?parent=16096"}],"wp:term":[{"taxonomy":"product_brand","embeddable":true,"href":"https:\/\/www.livresentre2actions.fr\/en\/wp-json\/wp\/v2\/product_brand?post=16096"},{"taxonomy":"product_cat","embeddable":true,"href":"https:\/\/www.livresentre2actions.fr\/en\/wp-json\/wp\/v2\/product_cat?post=16096"},{"taxonomy":"product_tag","embeddable":true,"href":"https:\/\/www.livresentre2actions.fr\/en\/wp-json\/wp\/v2\/product_tag?post=16096"}],"curies":[{"name":"wp","href":"https:\/\/api.w.org\/{rel}","templated":true}]}}