{"id":16075,"date":"2025-11-03T14:46:46","date_gmt":"2025-11-03T13:46:46","guid":{"rendered":"https:\/\/www.livresentre2actions.fr\/?post_type=product&#038;p=16075"},"modified":"2025-11-24T11:57:41","modified_gmt":"2025-11-24T10:57:41","slug":"la-france-et-ses-colonies-atlas-vuillemin-poire","status":"publish","type":"product","link":"https:\/\/www.livresentre2actions.fr\/en\/product\/la-france-et-ses-colonies-atlas-vuillemin-poire\/","title":{"rendered":"La France et ses colonies. Atlas Vuillemin \/ Poir\u00e9"},"content":{"rendered":"<p>La France et ses colonies. Atlas illustr\u00e9 cent cinq cartes dessin\u00e9es d\u2019apr\u00e8s les cartes du d\u00e9p\u00f4t de la guerre, des ponts et chauss\u00e9es de la marine. Texte r\u00e9dig\u00e9 d\u2019apr\u00e8s les documents officiels et sur un plan enti\u00e8rement nouveau<\/p>\n<p>M. Vuillemin (cartes), Ernest Poir\u00e9 (texte) &#8211; Migeon, libraire-\u00e9diteur<\/p>\n<p>In-folio plein chagrin noir, dos \u00e0 faux-nerfs orn\u00e9 des titres et \u00e9diteurs, et d\u2019encadrements aux caissons, plats estamp\u00e9s d\u2019une grand encadrement avec d\u00e9cor au fer dans un autre encadrement, 364 x 285, non pagin\u00e9. 1877.<\/p>\n<p>In fine\u00a0: cartes d\u00e9pliantes de la France physique, administrative et routi\u00e8re,(une d\u00e9chirure \u00e0 un pli sans manque), Paris et ses 20 arrondissements (int\u00e8gre)\u00a0; Chemin de fer et Px. Bx. Teleges. (une d\u00e9chirure sans manque en marge)\u00a0; Carte g\u00e9n\u00e9rale des chemins de fer europ\u00e9ens donnant toutes les gares par A. T. Chartier (une d\u00e9chirure sans manque en bordure).<\/p>\n<p>Tranches un peu grises, mais int\u00e9rieur tr\u00e8s frais, quelques rousseurs en page de titre. Un tampon de colportage 1874 au verso du titre. Reliure d\u00e9fra\u00eechie\u00a0: coins \u00e9mouss\u00e9s\u00a0; champs frott\u00e9s avec deux petits manque en champs de goutti\u00e8re inf\u00e9rieur\u00a0; champs de t\u00eate et de pied du plat sup\u00e9rieur frott\u00e9 avec une d\u00e9chirure et un manque en t\u00eate\u00a0; plats pass\u00e9s et frott\u00e9s\u00a0; dos en bel \u00e9tat avec quelques frottements et \u00e9pidermures et une tache blanc \u00e0 un caisson.<\/p>","protected":false},"excerpt":{"rendered":"<p>La France et ses colonies. Atlas illustr\u00e9 cent cinq cartes dessin\u00e9es d\u2019apr\u00e8s les cartes du d\u00e9p\u00f4t de la guerre, des ponts et chauss\u00e9es de la marine. Texte r\u00e9dig\u00e9 d\u2019apr\u00e8s les documents officiels et sur un plan enti\u00e8rement nouveau M. Vuillemin (cartes), Ernest Poir\u00e9 (texte) &#8211; Migeon, libraire-\u00e9diteur In-folio plein chagrin noir, dos \u00e0 faux-nerfs orn\u00e9 &#8230; <a title=\"La France et ses colonies. Atlas Vuillemin \/ Poir\u00e9\" class=\"read-more\" href=\"https:\/\/www.livresentre2actions.fr\/en\/product\/la-france-et-ses-colonies-atlas-vuillemin-poire\/\" aria-label=\"Read more about La France et ses colonies. Atlas Vuillemin \/ Poir\u00e9\">Read more<\/a><\/p>","protected":false},"featured_media":16076,"template":"","meta":{"_eb_attr":""},"product_brand":[],"product_cat":[36,102,71],"product_tag":[],"class_list":{"0":"post-16075","1":"product","2":"type-product","3":"status-publish","4":"has-post-thumbnail","6":"product_cat-entre-le-xviiieme-et-le-xixeme-siecle","7":"product_cat-cartes-plans-guides-atlas","8":"product_cat-illustres-modernes-editions-originales-signees-numerotees","9":"sales-flash-overlay","10":"woocommerce-text-align-center","11":"woocommerce-image-align-center","12":"wc-has-gallery","14":"first","15":"outofstock","16":"taxable","17":"shipping-taxable","18":"purchasable","19":"product-type-simple"},"aioseo_notices":[],"_links":{"self":[{"href":"https:\/\/www.livresentre2actions.fr\/en\/wp-json\/wp\/v2\/product\/16075","targetHints":{"allow":["GET"]}}],"collection":[{"href":"https:\/\/www.livresentre2actions.fr\/en\/wp-json\/wp\/v2\/product"}],"about":[{"href":"https:\/\/www.livresentre2actions.fr\/en\/wp-json\/wp\/v2\/types\/product"}],"wp:featuredmedia":[{"embeddable":true,"href":"https:\/\/www.livresentre2actions.fr\/en\/wp-json\/wp\/v2\/media\/16076"}],"wp:attachment":[{"href":"https:\/\/www.livresentre2actions.fr\/en\/wp-json\/wp\/v2\/media?parent=16075"}],"wp:term":[{"taxonomy":"product_brand","embeddable":true,"href":"https:\/\/www.livresentre2actions.fr\/en\/wp-json\/wp\/v2\/product_brand?post=16075"},{"taxonomy":"product_cat","embeddable":true,"href":"https:\/\/www.livresentre2actions.fr\/en\/wp-json\/wp\/v2\/product_cat?post=16075"},{"taxonomy":"product_tag","embeddable":true,"href":"https:\/\/www.livresentre2actions.fr\/en\/wp-json\/wp\/v2\/product_tag?post=16075"}],"curies":[{"name":"wp","href":"https:\/\/api.w.org\/{rel}","templated":true}]}}