{"id":16043,"date":"2025-10-31T15:30:57","date_gmt":"2025-10-31T14:30:57","guid":{"rendered":"https:\/\/www.livresentre2actions.fr\/?post_type=product&#038;p=16043"},"modified":"2025-10-31T15:30:57","modified_gmt":"2025-10-31T14:30:57","slug":"linde-antique-et-la-civilisation-indienne","status":"publish","type":"product","link":"https:\/\/www.livresentre2actions.fr\/en\/product\/linde-antique-et-la-civilisation-indienne\/","title":{"rendered":"L\u2019Inde antique et la civilisation indienne"},"content":{"rendered":"<p>P. Masson-Oursel, H. de Willman-Gabrowska, P. Stern<br \/>\nLa Renaissance du Livre &#8211; Demi-veau havane, dos long orn\u00e9 d\u2019une pi\u00e8ce de titre verte, 200 x 146, 497p. Avec 24 figures au trait, 5 cartes et 16 planches hors texte\u00a0; bien complet des 5 cartes, int\u00e8gres. Collection l\u2019\u00c9volution de l\u2019Humanit\u00e9. 1933. Premi\u00e8re \u00e9dition. Excellent exemplaire, propre, int\u00e8gre, bien ferme.<\/p>","protected":false},"excerpt":{"rendered":"<p>P. Masson-Oursel, H. de Willman-Gabrowska, P. Stern La Renaissance du Livre &#8211; Demi-veau havane, dos long orn\u00e9 d\u2019une pi\u00e8ce de titre verte, 200 x 146, 497p. Avec 24 figures au trait, 5 cartes et 16 planches hors texte\u00a0; bien complet des 5 cartes, int\u00e8gres. Collection l\u2019\u00c9volution de l\u2019Humanit\u00e9. 1933. Premi\u00e8re \u00e9dition. Excellent exemplaire, propre, int\u00e8gre, &#8230; <a title=\"L\u2019Inde antique et la civilisation indienne\" class=\"read-more\" href=\"https:\/\/www.livresentre2actions.fr\/en\/product\/linde-antique-et-la-civilisation-indienne\/\" aria-label=\"Read more about L\u2019Inde antique et la civilisation indienne\">Read more<\/a><\/p>","protected":false},"featured_media":16044,"template":"","meta":{"_eb_attr":""},"product_brand":[],"product_cat":[37,71,73],"product_tag":[],"class_list":{"0":"post-16043","1":"product","2":"type-product","3":"status-publish","4":"has-post-thumbnail","6":"product_cat-a-partir-du-xxeme-siecle","7":"product_cat-illustres-modernes-editions-originales-signees-numerotees","8":"product_cat-histoires-et-recits-de-voyage","9":"sales-flash-overlay","10":"woocommerce-text-align-center","11":"woocommerce-image-align-center","12":"wc-has-gallery","14":"first","15":"instock","16":"taxable","17":"shipping-taxable","18":"purchasable","19":"product-type-simple"},"aioseo_notices":[],"_links":{"self":[{"href":"https:\/\/www.livresentre2actions.fr\/en\/wp-json\/wp\/v2\/product\/16043","targetHints":{"allow":["GET"]}}],"collection":[{"href":"https:\/\/www.livresentre2actions.fr\/en\/wp-json\/wp\/v2\/product"}],"about":[{"href":"https:\/\/www.livresentre2actions.fr\/en\/wp-json\/wp\/v2\/types\/product"}],"wp:featuredmedia":[{"embeddable":true,"href":"https:\/\/www.livresentre2actions.fr\/en\/wp-json\/wp\/v2\/media\/16044"}],"wp:attachment":[{"href":"https:\/\/www.livresentre2actions.fr\/en\/wp-json\/wp\/v2\/media?parent=16043"}],"wp:term":[{"taxonomy":"product_brand","embeddable":true,"href":"https:\/\/www.livresentre2actions.fr\/en\/wp-json\/wp\/v2\/product_brand?post=16043"},{"taxonomy":"product_cat","embeddable":true,"href":"https:\/\/www.livresentre2actions.fr\/en\/wp-json\/wp\/v2\/product_cat?post=16043"},{"taxonomy":"product_tag","embeddable":true,"href":"https:\/\/www.livresentre2actions.fr\/en\/wp-json\/wp\/v2\/product_tag?post=16043"}],"curies":[{"name":"wp","href":"https:\/\/api.w.org\/{rel}","templated":true}]}}