{"id":16022,"date":"2025-10-31T15:23:26","date_gmt":"2025-10-31T14:23:26","guid":{"rendered":"https:\/\/www.livresentre2actions.fr\/?post_type=product&#038;p=16022"},"modified":"2025-10-31T15:24:53","modified_gmt":"2025-10-31T14:24:53","slug":"les-peuples-de-lorient-mediterraneen-2-tomes","status":"publish","type":"product","link":"https:\/\/www.livresentre2actions.fr\/en\/product\/les-peuples-de-lorient-mediterraneen-2-tomes\/","title":{"rendered":"Les peuples de l\u2019orient m\u00e9diterran\u00e9en, 2 tomes"},"content":{"rendered":"<p>Les peuples de l\u2019orient m\u00e9diterran\u00e9en, 2 tomes. I. Le Proche-Orient asiatique. II. L\u2019\u00c9gypte<\/p>\n<p>Louis Delaporte \/ \u00c9tienne Drioton &#8211; Presses universitaires de France<\/p>\n<p>Demi-veau havane, dos long orn\u00e9 d\u2019une pi\u00e8ce de titre verte, tomaison, 200 x 146, collection Clio, I, Le Proche-Orient asiatique, Louis Delaporte, 361p. Avec table. 1938. Premi\u00e8re \u00e9dition. II., L\u2019\u00c9gypte, \u00c9tienne Drioton, et Jacques Vandier, 640p. Avec table. 1938. Premi\u00e8re \u00e9dition. Excellents exemplaires, propres, int\u00e8gres, bien fermes.<\/p>","protected":false},"excerpt":{"rendered":"<p>Les peuples de l\u2019orient m\u00e9diterran\u00e9en, 2 tomes. I. Le Proche-Orient asiatique. II. L\u2019\u00c9gypte Louis Delaporte \/ \u00c9tienne Drioton &#8211; Presses universitaires de France Demi-veau havane, dos long orn\u00e9 d\u2019une pi\u00e8ce de titre verte, tomaison, 200 x 146, collection Clio, I, Le Proche-Orient asiatique, Louis Delaporte, 361p. Avec table. 1938. Premi\u00e8re \u00e9dition. II., L\u2019\u00c9gypte, \u00c9tienne Drioton, &#8230; <a title=\"Les peuples de l\u2019orient m\u00e9diterran\u00e9en, 2 tomes\" class=\"read-more\" href=\"https:\/\/www.livresentre2actions.fr\/en\/product\/les-peuples-de-lorient-mediterraneen-2-tomes\/\" aria-label=\"Read more about Les peuples de l\u2019orient m\u00e9diterran\u00e9en, 2 tomes\">Read more<\/a><\/p>","protected":false},"featured_media":16023,"template":"","meta":{"_eb_attr":""},"product_brand":[],"product_cat":[75,71,73],"product_tag":[86],"class_list":{"0":"post-16022","1":"product","2":"type-product","3":"status-publish","4":"has-post-thumbnail","6":"product_cat-art","7":"product_cat-illustres-modernes-editions-originales-signees-numerotees","8":"product_cat-histoires-et-recits-de-voyage","9":"product_tag-illustre","10":"sales-flash-overlay","11":"woocommerce-text-align-center","12":"woocommerce-image-align-center","13":"wc-has-gallery","15":"first","16":"instock","17":"taxable","18":"shipping-taxable","19":"purchasable","20":"product-type-simple"},"aioseo_notices":[],"_links":{"self":[{"href":"https:\/\/www.livresentre2actions.fr\/en\/wp-json\/wp\/v2\/product\/16022","targetHints":{"allow":["GET"]}}],"collection":[{"href":"https:\/\/www.livresentre2actions.fr\/en\/wp-json\/wp\/v2\/product"}],"about":[{"href":"https:\/\/www.livresentre2actions.fr\/en\/wp-json\/wp\/v2\/types\/product"}],"wp:featuredmedia":[{"embeddable":true,"href":"https:\/\/www.livresentre2actions.fr\/en\/wp-json\/wp\/v2\/media\/16023"}],"wp:attachment":[{"href":"https:\/\/www.livresentre2actions.fr\/en\/wp-json\/wp\/v2\/media?parent=16022"}],"wp:term":[{"taxonomy":"product_brand","embeddable":true,"href":"https:\/\/www.livresentre2actions.fr\/en\/wp-json\/wp\/v2\/product_brand?post=16022"},{"taxonomy":"product_cat","embeddable":true,"href":"https:\/\/www.livresentre2actions.fr\/en\/wp-json\/wp\/v2\/product_cat?post=16022"},{"taxonomy":"product_tag","embeddable":true,"href":"https:\/\/www.livresentre2actions.fr\/en\/wp-json\/wp\/v2\/product_tag?post=16022"}],"curies":[{"name":"wp","href":"https:\/\/api.w.org\/{rel}","templated":true}]}}