{"id":16010,"date":"2025-10-31T15:17:55","date_gmt":"2025-10-31T14:17:55","guid":{"rendered":"https:\/\/www.livresentre2actions.fr\/?post_type=product&#038;p=16010"},"modified":"2025-10-31T15:18:23","modified_gmt":"2025-10-31T14:18:23","slug":"les-hittites-louis-delaporte","status":"publish","type":"product","link":"https:\/\/www.livresentre2actions.fr\/en\/product\/les-hittites-louis-delaporte\/","title":{"rendered":"Les Hittites &#8211; Louis Delaporte"},"content":{"rendered":"<p>La Renaissance du Livre &#8211; Demi-veau havane, dos long orn\u00e9 d\u2019une pi\u00e8ce de titre verte, 200 x 146, 371p. Avec table. 1936. Collection l\u2019\u00c9volution de l\u2019Humanit\u00e9. Avec 34 figures au trait, 3 cartes et 4 planches hors texte\u00a0; bien complet des 3 cartes, int\u00e8gres. Premi\u00e8re \u00e9dition. Excellent exemplaire, propre, int\u00e8gre, bien ferme.<\/p>","protected":false},"excerpt":{"rendered":"<p>La Renaissance du Livre &#8211; Demi-veau havane, dos long orn\u00e9 d\u2019une pi\u00e8ce de titre verte, 200 x 146, 371p. Avec table. 1936. Collection l\u2019\u00c9volution de l\u2019Humanit\u00e9. Avec 34 figures au trait, 3 cartes et 4 planches hors texte\u00a0; bien complet des 3 cartes, int\u00e8gres. Premi\u00e8re \u00e9dition. Excellent exemplaire, propre, int\u00e8gre, bien ferme.<\/p>","protected":false},"featured_media":16011,"template":"","meta":{"_eb_attr":""},"product_brand":[],"product_cat":[37,71,73],"product_tag":[86],"class_list":{"0":"post-16010","1":"product","2":"type-product","3":"status-publish","4":"has-post-thumbnail","6":"product_cat-a-partir-du-xxeme-siecle","7":"product_cat-illustres-modernes-editions-originales-signees-numerotees","8":"product_cat-histoires-et-recits-de-voyage","9":"product_tag-illustre","10":"sales-flash-overlay","11":"woocommerce-text-align-center","12":"woocommerce-image-align-center","13":"wc-has-gallery","15":"first","16":"instock","17":"taxable","18":"shipping-taxable","19":"purchasable","20":"product-type-simple"},"aioseo_notices":[],"_links":{"self":[{"href":"https:\/\/www.livresentre2actions.fr\/en\/wp-json\/wp\/v2\/product\/16010","targetHints":{"allow":["GET"]}}],"collection":[{"href":"https:\/\/www.livresentre2actions.fr\/en\/wp-json\/wp\/v2\/product"}],"about":[{"href":"https:\/\/www.livresentre2actions.fr\/en\/wp-json\/wp\/v2\/types\/product"}],"wp:featuredmedia":[{"embeddable":true,"href":"https:\/\/www.livresentre2actions.fr\/en\/wp-json\/wp\/v2\/media\/16011"}],"wp:attachment":[{"href":"https:\/\/www.livresentre2actions.fr\/en\/wp-json\/wp\/v2\/media?parent=16010"}],"wp:term":[{"taxonomy":"product_brand","embeddable":true,"href":"https:\/\/www.livresentre2actions.fr\/en\/wp-json\/wp\/v2\/product_brand?post=16010"},{"taxonomy":"product_cat","embeddable":true,"href":"https:\/\/www.livresentre2actions.fr\/en\/wp-json\/wp\/v2\/product_cat?post=16010"},{"taxonomy":"product_tag","embeddable":true,"href":"https:\/\/www.livresentre2actions.fr\/en\/wp-json\/wp\/v2\/product_tag?post=16010"}],"curies":[{"name":"wp","href":"https:\/\/api.w.org\/{rel}","templated":true}]}}