{"id":15935,"date":"2025-10-30T15:17:01","date_gmt":"2025-10-30T14:17:01","guid":{"rendered":"https:\/\/www.livresentre2actions.fr\/?post_type=product&#038;p=15935"},"modified":"2025-10-30T15:19:05","modified_gmt":"2025-10-30T14:19:05","slug":"les-nouvelles-fleurs-des-vies-des-saints-et-fetes-de-lannee","status":"publish","type":"product","link":"https:\/\/www.livresentre2actions.fr\/en\/product\/les-nouvelles-fleurs-des-vies-des-saints-et-fetes-de-lannee\/","title":{"rendered":"Les Nouvelles fleurs des vies des saints, et f\u00eates de l\u2019ann\u00e9e"},"content":{"rendered":"<p>Les Nouvelles fleurs des vies des saints, et f\u00eates de l\u2019ann\u00e9e, mises en plus beau langage, et augment\u00e9e d\u2019un grand nombre de Vies de saints, tant anciens que modernes, avec des r\u00e9flexions morales et chr\u00e9tiennes sur les principales actions de chaque saint qui peuvent servir de m\u00e9ditations pour tous les jours de l\u2019ann\u00e9e, par un solitaire, 2 tomes en un volume<\/p>\n<p>R.P.R. Ribadeneira &#8211; Chez Claude Carteron<\/p>\n<p>In-folio plein veau marbr\u00e9, dos \u00e0 six nerfs fleuronn\u00e9s aux caisson, pi\u00e8ce de titre maroquin lie de vin, tranches rouges, plats \u00e0 encadrement triple liser\u00e9, 362 x 225, 1691 Enrichies de figures en taille-douce &amp; de tables alphab\u00e9tiques &amp; historiques, pour la commodit\u00e9 du lecteur &amp; l\u2019utilit\u00e9 des pr\u00e9dicateurs. Avec un frontispice grav\u00e9 qui a \u00e9t\u00e9 restaur\u00e9\/r\u00e9ins\u00e9r\u00e9 [et incomplet, avec manque en bordure lat\u00e9rales et dans sa hauteur]. Tr\u00e8s belle vignette grav\u00e9e au titre par G. Audran. Page de titre restaur\u00e9e en marge. En garde restaur\u00e9e, un ex-libris manuscrit \u00ab\u00a0Mr Perboyre\u00a0\u00bb. Texte sur deux colonnes.<\/p>\n<p>Comprend\u00a0: table alphab\u00e9tique, adresse au lecteur, privil\u00e8ge, 6p. [L\u2019adresse au lecteur est ins\u00e9r\u00e9e entre les pages de la table, avec un bel ent\u00eate et une lettrine grav\u00e9s]. Puis le texte du tome premier, 624p. ent\u00eate et lettrine grav\u00e9s, et 6 gravures, une pour chaque mois, repr\u00e9sentant chacune 8 saints en vignettes encadrant une sc\u00e8ne christique.<\/p>\n<p>Tome second, vignette au titre [le Christ en m\u00e9daillon]. 3p. de table alphab\u00e9tique, puis le texte, 1029p. Avec pareillement qu\u2019au premier tome\u00a0: 6 gravures pour chaque mois, avec 8 vignettes de saints encadrant une sc\u00e8ne. In fine\u00a0: Table historique des mati\u00e8res les plus morales recueillies des nouvelles fleurs des vies des saints pour l\u2019utilit\u00e9 des pr\u00e9dicateurs, ent\u00eate, lettrine, cul-de-lampe, 7p.<\/p>\n<p>Int\u00e9rieur propre, rousseurs r\u00e9guli\u00e8res et plut\u00f4t marginales, quelques petites cornes, une d\u00e9chirure en marge sans manque, mouillures marginales. Coins et champs frott\u00e9s, mais bons. Plats frott\u00e9s avec griffes et \u00e9pidemrures, p\u00eeed de plat sup\u00e9rieur cogn\u00e9, avec un petit manque de cuir, travail de vers en t\u00eate de plat sup\u00e9rieur, Mors frott\u00e9s, \u00e9pidermures, mors sup\u00e9rieur fendu sur deux nerfs en t\u00eate et un nerfs et demi en pied. Dos frott\u00e9 \u00e9pidermures, queue manquante, deux nerfs avec manque, coiffe en partie manquante, un manque en caisson de t\u00eate.<\/p>","protected":false},"excerpt":{"rendered":"<p>Les Nouvelles fleurs des vies des saints, et f\u00eates de l\u2019ann\u00e9e, mises en plus beau langage, et augment\u00e9e d\u2019un grand nombre de Vies de saints, tant anciens que modernes, avec des r\u00e9flexions morales et chr\u00e9tiennes sur les principales actions de chaque saint qui peuvent servir de m\u00e9ditations pour tous les jours de l\u2019ann\u00e9e, par un &#8230; <a title=\"Les Nouvelles fleurs des vies des saints, et f\u00eates de l\u2019ann\u00e9e\" class=\"read-more\" href=\"https:\/\/www.livresentre2actions.fr\/en\/product\/les-nouvelles-fleurs-des-vies-des-saints-et-fetes-de-lannee\/\" aria-label=\"Read more about Les Nouvelles fleurs des vies des saints, et f\u00eates de l\u2019ann\u00e9e\">Read more<\/a><\/p>","protected":false},"featured_media":15936,"template":"","meta":{"_eb_attr":""},"product_brand":[],"product_cat":[35,71,68],"product_tag":[86],"class_list":{"0":"post-15935","1":"product","2":"type-product","3":"status-publish","4":"has-post-thumbnail","6":"product_cat-jusquau-xviiemesiecle","7":"product_cat-illustres-modernes-editions-originales-signees-numerotees","8":"product_cat-religion-spiritualite","9":"product_tag-illustre","10":"sales-flash-overlay","11":"woocommerce-text-align-center","12":"woocommerce-image-align-center","13":"wc-has-gallery","15":"first","16":"instock","17":"taxable","18":"shipping-taxable","19":"purchasable","20":"product-type-simple"},"aioseo_notices":[],"_links":{"self":[{"href":"https:\/\/www.livresentre2actions.fr\/en\/wp-json\/wp\/v2\/product\/15935","targetHints":{"allow":["GET"]}}],"collection":[{"href":"https:\/\/www.livresentre2actions.fr\/en\/wp-json\/wp\/v2\/product"}],"about":[{"href":"https:\/\/www.livresentre2actions.fr\/en\/wp-json\/wp\/v2\/types\/product"}],"wp:featuredmedia":[{"embeddable":true,"href":"https:\/\/www.livresentre2actions.fr\/en\/wp-json\/wp\/v2\/media\/15936"}],"wp:attachment":[{"href":"https:\/\/www.livresentre2actions.fr\/en\/wp-json\/wp\/v2\/media?parent=15935"}],"wp:term":[{"taxonomy":"product_brand","embeddable":true,"href":"https:\/\/www.livresentre2actions.fr\/en\/wp-json\/wp\/v2\/product_brand?post=15935"},{"taxonomy":"product_cat","embeddable":true,"href":"https:\/\/www.livresentre2actions.fr\/en\/wp-json\/wp\/v2\/product_cat?post=15935"},{"taxonomy":"product_tag","embeddable":true,"href":"https:\/\/www.livresentre2actions.fr\/en\/wp-json\/wp\/v2\/product_tag?post=15935"}],"curies":[{"name":"wp","href":"https:\/\/api.w.org\/{rel}","templated":true}]}}